{"id":2459,"date":"2022-05-10T10:44:58","date_gmt":"2022-05-10T08:44:58","guid":{"rendered":"https:\/\/www.chenonceau.com\/?post_type=product&#038;p=2459"},"modified":"2025-11-24T13:16:17","modified_gmt":"2025-11-24T12:16:17","slug":"photophore-bernardaud","status":"publish","type":"product","link":"https:\/\/www.chenonceau.com\/en\/boutique\/decoration\/photophore-bernardaud\/","title":{"rendered":"Lithophanie Ch\u00e2teaux de la Loire Bernardaud"},"content":{"rendered":"<p>Photophore en biscuit de porcelaine avec d\u00e9cor grav\u00e9 aux motifs des Ch\u00e2teaux de la Loire dont le Ch\u00e2teau de Chenonceau.<\/p>\n<p>Vendue avec une bougie &#8211; dur\u00e9e 6 heures<\/p>\n<p>Fabriqu\u00e9 \u00e0 Limoges, France<\/p>\n<p>&nbsp;<\/p>\n","protected":false},"excerpt":{"rendered":"<p>Photophore en biscuit de porcelaine avec d\u00e9cor grav\u00e9 aux motifs des Ch\u00e2teaux de la Loire dont le Ch\u00e2teau de Chenonceau.<\/p>\n<p>Vendue avec une bougie &#8211; dur\u00e9e 6 heures<\/p>\n","protected":false},"featured_media":3174,"comment_status":"closed","ping_status":"closed","template":"","meta":[],"product_brand":[],"product_cat":[44],"product_tag":[],"class_list":{"0":"post-2459","1":"product","2":"type-product","3":"status-publish","4":"has-post-thumbnail","6":"product_cat-decoration","8":"first","9":"instock","10":"shipping-taxable","11":"purchasable","12":"product-type-simple"},"yoast_head":"<!-- This site is optimized with the Yoast SEO plugin v27.3 - https:\/\/yoast.com\/product\/yoast-seo-wordpress\/ -->\n<title>photophore bernardaud<\/title>\n<meta name=\"description\" content=\"Photophore Bernardaud en biscuit de porcelaine avec d\u00e9cor grav\u00e9 aux motifs des Ch\u00e2teaux de la Loire dont le Ch\u00e2teau de Chenonceau.\" \/>\n<meta name=\"robots\" content=\"noindex, nofollow\" \/>\n<meta property=\"og:locale\" content=\"en_US\" \/>\n<meta property=\"og:type\" content=\"article\" \/>\n<meta property=\"og:title\" content=\"photophore bernardaud\" \/>\n<meta property=\"og:description\" content=\"Photophore Bernardaud en biscuit de porcelaine avec d\u00e9cor grav\u00e9 aux motifs des Ch\u00e2teaux de la Loire dont le Ch\u00e2teau de Chenonceau.\" \/>\n<meta property=\"og:url\" content=\"https:\/\/www.chenonceau.com\/boutique\/decoration\/photophore-bernardaud\/\" \/>\n<meta property=\"og:site_name\" content=\"Chenonceau\" \/>\n<meta property=\"article:modified_time\" content=\"2025-11-24T12:16:17+00:00\" \/>\n<meta property=\"og:image\" content=\"https:\/\/www.chenonceau.com\/wp-content\/uploads\/2022\/05\/image00014-scaled.jpeg\" \/>\n\t<meta property=\"og:image:width\" content=\"2560\" \/>\n\t<meta property=\"og:image:height\" content=\"2560\" \/>\n\t<meta property=\"og:image:type\" content=\"image\/jpeg\" \/>\n<meta name=\"twitter:card\" content=\"summary_large_image\" \/>\n<meta name=\"twitter:label1\" content=\"Est. reading time\" \/>\n\t<meta name=\"twitter:data1\" content=\"1 minute\" \/>\n<script type=\"application\/ld+json\" class=\"yoast-schema-graph\">{\"@context\":\"https:\\\/\\\/schema.org\",\"@graph\":[{\"@type\":\"WebPage\",\"@id\":\"https:\\\/\\\/www.chenonceau.com\\\/boutique\\\/decoration\\\/photophore-bernardaud\\\/\",\"url\":\"https:\\\/\\\/www.chenonceau.com\\\/boutique\\\/decoration\\\/photophore-bernardaud\\\/\",\"name\":\"photophore bernardaud\",\"isPartOf\":{\"@id\":\"https:\\\/\\\/www.chenonceau.com\\\/#website\"},\"primaryImageOfPage\":{\"@id\":\"https:\\\/\\\/www.chenonceau.com\\\/boutique\\\/decoration\\\/photophore-bernardaud\\\/#primaryimage\"},\"image\":{\"@id\":\"https:\\\/\\\/www.chenonceau.com\\\/boutique\\\/decoration\\\/photophore-bernardaud\\\/#primaryimage\"},\"thumbnailUrl\":\"https:\\\/\\\/www.chenonceau.com\\\/wp-content\\\/uploads\\\/2022\\\/05\\\/image00014-scaled.jpeg\",\"datePublished\":\"2022-05-10T08:44:58+00:00\",\"dateModified\":\"2025-11-24T12:16:17+00:00\",\"description\":\"Photophore Bernardaud en biscuit de porcelaine avec d\u00e9cor grav\u00e9 aux motifs des Ch\u00e2teaux de la Loire dont le Ch\u00e2teau de Chenonceau.\",\"breadcrumb\":{\"@id\":\"https:\\\/\\\/www.chenonceau.com\\\/boutique\\\/decoration\\\/photophore-bernardaud\\\/#breadcrumb\"},\"inLanguage\":\"en-US\",\"potentialAction\":[{\"@type\":\"ReadAction\",\"target\":[\"https:\\\/\\\/www.chenonceau.com\\\/boutique\\\/decoration\\\/photophore-bernardaud\\\/\"]}]},{\"@type\":\"ImageObject\",\"inLanguage\":\"en-US\",\"@id\":\"https:\\\/\\\/www.chenonceau.com\\\/boutique\\\/decoration\\\/photophore-bernardaud\\\/#primaryimage\",\"url\":\"https:\\\/\\\/www.chenonceau.com\\\/wp-content\\\/uploads\\\/2022\\\/05\\\/image00014-scaled.jpeg\",\"contentUrl\":\"https:\\\/\\\/www.chenonceau.com\\\/wp-content\\\/uploads\\\/2022\\\/05\\\/image00014-scaled.jpeg\",\"width\":2560,\"height\":2560},{\"@type\":\"BreadcrumbList\",\"@id\":\"https:\\\/\\\/www.chenonceau.com\\\/boutique\\\/decoration\\\/photophore-bernardaud\\\/#breadcrumb\",\"itemListElement\":[{\"@type\":\"ListItem\",\"position\":1,\"name\":\"Accueil\",\"item\":\"https:\\\/\\\/www.chenonceau.com\\\/en\\\/\"},{\"@type\":\"ListItem\",\"position\":2,\"name\":\"Boutique\",\"item\":\"https:\\\/\\\/www.chenonceau.com\\\/boutique\\\/\"},{\"@type\":\"ListItem\",\"position\":3,\"name\":\"Lithophanie Ch\u00e2teaux de la Loire Bernardaud\"}]},{\"@type\":\"WebSite\",\"@id\":\"https:\\\/\\\/www.chenonceau.com\\\/#website\",\"url\":\"https:\\\/\\\/www.chenonceau.com\\\/\",\"name\":\"Chenonceau\",\"description\":\"\",\"publisher\":{\"@id\":\"https:\\\/\\\/www.chenonceau.com\\\/#organization\"},\"potentialAction\":[{\"@type\":\"SearchAction\",\"target\":{\"@type\":\"EntryPoint\",\"urlTemplate\":\"https:\\\/\\\/www.chenonceau.com\\\/?s={search_term_string}\"},\"query-input\":{\"@type\":\"PropertyValueSpecification\",\"valueRequired\":true,\"valueName\":\"search_term_string\"}}],\"inLanguage\":\"en-US\"},{\"@type\":\"Organization\",\"@id\":\"https:\\\/\\\/www.chenonceau.com\\\/#organization\",\"name\":\"Ch\u00e2teau de Chenonceau\",\"url\":\"https:\\\/\\\/www.chenonceau.com\\\/\",\"logo\":{\"@type\":\"ImageObject\",\"inLanguage\":\"en-US\",\"@id\":\"https:\\\/\\\/www.chenonceau.com\\\/#\\\/schema\\\/logo\\\/image\\\/\",\"url\":\"https:\\\/\\\/www.chenonceau.com\\\/wp-content\\\/uploads\\\/2014\\\/12\\\/cropped-logo_bas_page.png\",\"contentUrl\":\"https:\\\/\\\/www.chenonceau.com\\\/wp-content\\\/uploads\\\/2014\\\/12\\\/cropped-logo_bas_page.png\",\"width\":512,\"height\":512,\"caption\":\"Ch\u00e2teau de Chenonceau\"},\"image\":{\"@id\":\"https:\\\/\\\/www.chenonceau.com\\\/#\\\/schema\\\/logo\\\/image\\\/\"}}]}<\/script>\n<!-- \/ Yoast SEO plugin. -->","yoast_head_json":{"title":"photophore bernardaud","description":"Photophore Bernardaud en biscuit de porcelaine avec d\u00e9cor grav\u00e9 aux motifs des Ch\u00e2teaux de la Loire dont le Ch\u00e2teau de Chenonceau.","robots":{"index":"noindex","follow":"nofollow"},"og_locale":"en_US","og_type":"article","og_title":"photophore bernardaud","og_description":"Photophore Bernardaud en biscuit de porcelaine avec d\u00e9cor grav\u00e9 aux motifs des Ch\u00e2teaux de la Loire dont le Ch\u00e2teau de Chenonceau.","og_url":"https:\/\/www.chenonceau.com\/boutique\/decoration\/photophore-bernardaud\/","og_site_name":"Chenonceau","article_modified_time":"2025-11-24T12:16:17+00:00","og_image":[{"width":2560,"height":2560,"url":"https:\/\/www.chenonceau.com\/wp-content\/uploads\/2022\/05\/image00014-scaled.jpeg","type":"image\/jpeg"}],"twitter_card":"summary_large_image","twitter_misc":{"Est. reading time":"1 minute"},"schema":{"@context":"https:\/\/schema.org","@graph":[{"@type":"WebPage","@id":"https:\/\/www.chenonceau.com\/boutique\/decoration\/photophore-bernardaud\/","url":"https:\/\/www.chenonceau.com\/boutique\/decoration\/photophore-bernardaud\/","name":"photophore bernardaud","isPartOf":{"@id":"https:\/\/www.chenonceau.com\/#website"},"primaryImageOfPage":{"@id":"https:\/\/www.chenonceau.com\/boutique\/decoration\/photophore-bernardaud\/#primaryimage"},"image":{"@id":"https:\/\/www.chenonceau.com\/boutique\/decoration\/photophore-bernardaud\/#primaryimage"},"thumbnailUrl":"https:\/\/www.chenonceau.com\/wp-content\/uploads\/2022\/05\/image00014-scaled.jpeg","datePublished":"2022-05-10T08:44:58+00:00","dateModified":"2025-11-24T12:16:17+00:00","description":"Photophore Bernardaud en biscuit de porcelaine avec d\u00e9cor grav\u00e9 aux motifs des Ch\u00e2teaux de la Loire dont le Ch\u00e2teau de Chenonceau.","breadcrumb":{"@id":"https:\/\/www.chenonceau.com\/boutique\/decoration\/photophore-bernardaud\/#breadcrumb"},"inLanguage":"en-US","potentialAction":[{"@type":"ReadAction","target":["https:\/\/www.chenonceau.com\/boutique\/decoration\/photophore-bernardaud\/"]}]},{"@type":"ImageObject","inLanguage":"en-US","@id":"https:\/\/www.chenonceau.com\/boutique\/decoration\/photophore-bernardaud\/#primaryimage","url":"https:\/\/www.chenonceau.com\/wp-content\/uploads\/2022\/05\/image00014-scaled.jpeg","contentUrl":"https:\/\/www.chenonceau.com\/wp-content\/uploads\/2022\/05\/image00014-scaled.jpeg","width":2560,"height":2560},{"@type":"BreadcrumbList","@id":"https:\/\/www.chenonceau.com\/boutique\/decoration\/photophore-bernardaud\/#breadcrumb","itemListElement":[{"@type":"ListItem","position":1,"name":"Accueil","item":"https:\/\/www.chenonceau.com\/en\/"},{"@type":"ListItem","position":2,"name":"Boutique","item":"https:\/\/www.chenonceau.com\/boutique\/"},{"@type":"ListItem","position":3,"name":"Lithophanie Ch\u00e2teaux de la Loire Bernardaud"}]},{"@type":"WebSite","@id":"https:\/\/www.chenonceau.com\/#website","url":"https:\/\/www.chenonceau.com\/","name":"Chenonceau","description":"","publisher":{"@id":"https:\/\/www.chenonceau.com\/#organization"},"potentialAction":[{"@type":"SearchAction","target":{"@type":"EntryPoint","urlTemplate":"https:\/\/www.chenonceau.com\/?s={search_term_string}"},"query-input":{"@type":"PropertyValueSpecification","valueRequired":true,"valueName":"search_term_string"}}],"inLanguage":"en-US"},{"@type":"Organization","@id":"https:\/\/www.chenonceau.com\/#organization","name":"Ch\u00e2teau de Chenonceau","url":"https:\/\/www.chenonceau.com\/","logo":{"@type":"ImageObject","inLanguage":"en-US","@id":"https:\/\/www.chenonceau.com\/#\/schema\/logo\/image\/","url":"https:\/\/www.chenonceau.com\/wp-content\/uploads\/2014\/12\/cropped-logo_bas_page.png","contentUrl":"https:\/\/www.chenonceau.com\/wp-content\/uploads\/2014\/12\/cropped-logo_bas_page.png","width":512,"height":512,"caption":"Ch\u00e2teau de Chenonceau"},"image":{"@id":"https:\/\/www.chenonceau.com\/#\/schema\/logo\/image\/"}}]}},"_links":{"self":[{"href":"https:\/\/www.chenonceau.com\/en\/wp-json\/wp\/v2\/product\/2459","targetHints":{"allow":["GET"]}}],"collection":[{"href":"https:\/\/www.chenonceau.com\/en\/wp-json\/wp\/v2\/product"}],"about":[{"href":"https:\/\/www.chenonceau.com\/en\/wp-json\/wp\/v2\/types\/product"}],"replies":[{"embeddable":true,"href":"https:\/\/www.chenonceau.com\/en\/wp-json\/wp\/v2\/comments?post=2459"}],"wp:featuredmedia":[{"embeddable":true,"href":"https:\/\/www.chenonceau.com\/en\/wp-json\/wp\/v2\/media\/3174"}],"wp:attachment":[{"href":"https:\/\/www.chenonceau.com\/en\/wp-json\/wp\/v2\/media?parent=2459"}],"wp:term":[{"taxonomy":"product_brand","embeddable":true,"href":"https:\/\/www.chenonceau.com\/en\/wp-json\/wp\/v2\/product_brand?post=2459"},{"taxonomy":"product_cat","embeddable":true,"href":"https:\/\/www.chenonceau.com\/en\/wp-json\/wp\/v2\/product_cat?post=2459"},{"taxonomy":"product_tag","embeddable":true,"href":"https:\/\/www.chenonceau.com\/en\/wp-json\/wp\/v2\/product_tag?post=2459"}],"curies":[{"name":"wp","href":"https:\/\/api.w.org\/{rel}","templated":true}]}}