{"id":2550,"date":"2022-06-07T13:40:12","date_gmt":"2022-06-07T11:40:12","guid":{"rendered":"https:\/\/www.chenonceau.com\/?post_type=product&#038;p=2550"},"modified":"2025-09-04T15:54:07","modified_gmt":"2025-09-04T13:54:07","slug":"le-chateau-sur-l-eau-de-jean-pierre-babelon","status":"publish","type":"product","link":"https:\/\/www.chenonceau.com\/en\/boutique\/librairie\/le-chateau-sur-l-eau-de-jean-pierre-babelon\/","title":{"rendered":"Le Ch\u00e2teau sur l&#8217;eau de Jean-Pierre Babelon"},"content":{"rendered":"<p class=\"p1\">\u00ab Dans la pr\u00e9cieuse guirlande des ch\u00e2teaux de la Loire, o\u00f9 l&#8217;art de la Renaissance a trouv\u00e9 sa plus belle expression fran\u00e7aise, servie par des paysages chant\u00e9s par tous les po\u00e8tes, Chenonceau est probablement le joyau le plus admir\u00e9, le plus appr\u00e9ci\u00e9. L&#8217;\u00e9chelle humaine de ses proportions, l&#8217;ing\u00e9niosit\u00e9 de ses dispositions, l&#8217;unique po\u00e9sie du lieu, une rivi\u00e8re qu&#8217;un ch\u00e2teau semble franchir \u00e0 grandes enjamb\u00e9es pour passer d&#8217;une rive \u00e0 l&#8217;autre&#8230; tant de beaut\u00e9 attire des amateurs de tous les pays de la plan\u00e8te. \u00bb<\/p>\n<p class=\"p1\">Jean-Pierre BABELON<\/p>\n<p>240 pages<\/p>\n<p class=\"p1\">Langue : Fran\u00e7ais<\/p>\n<p class=\"p1\">\u00a0<\/p>\n","protected":false},"excerpt":{"rendered":"<p class=\"p1\">Livre &#8220;Le Ch\u00e2teau sur l&#8217;eau&#8221; de Jean-Pierre Babelon. Livre de r\u00e9f\u00e9rence sur le Ch\u00e2teau de Chenonceau, le grand joyau de la Renaissance<\/p>\n","protected":false},"featured_media":4427,"comment_status":"closed","ping_status":"closed","template":"","meta":[],"product_brand":[],"product_cat":[46],"product_tag":[],"class_list":{"0":"post-2550","1":"product","2":"type-product","3":"status-publish","4":"has-post-thumbnail","6":"product_cat-librairie","7":"product_shipping_class-colissimo","9":"first","10":"instock","11":"shipping-taxable","12":"purchasable","13":"product-type-simple"},"yoast_head":"<!-- This site is optimized with the Yoast SEO plugin v27.3 - https:\/\/yoast.com\/product\/yoast-seo-wordpress\/ -->\n<title>Le Ch\u00e2teau sur l&#039;eau de Jean-Pierre Babelon - Chenonceau<\/title>\n<meta name=\"description\" content=\"Le ch\u00e2teau sur l&#039;eau de Jean Pierre Babelon est le livre de r\u00e9f\u00e9rence sur Chenonceau, ce Ch\u00e2teau qui fut la propri\u00e9t\u00e9 des Dames dont Catherine de M\u00e9dicis.\" \/>\n<meta name=\"robots\" content=\"noindex, follow\" \/>\n<meta property=\"og:locale\" content=\"en_US\" \/>\n<meta property=\"og:type\" content=\"article\" \/>\n<meta property=\"og:title\" content=\"Le Ch\u00e2teau sur l&#039;eau de Jean-Pierre Babelon - Chenonceau\" \/>\n<meta property=\"og:description\" content=\"Le ch\u00e2teau sur l&#039;eau de Jean Pierre Babelon est le livre de r\u00e9f\u00e9rence sur Chenonceau, ce Ch\u00e2teau qui fut la propri\u00e9t\u00e9 des Dames dont Catherine de M\u00e9dicis.\" \/>\n<meta property=\"og:url\" content=\"https:\/\/www.chenonceau.com\/boutique\/librairie\/le-chateau-sur-l-eau-de-jean-pierre-babelon\/\" \/>\n<meta property=\"og:site_name\" content=\"Chenonceau\" \/>\n<meta property=\"article:modified_time\" content=\"2025-09-04T13:54:07+00:00\" \/>\n<meta property=\"og:image\" content=\"https:\/\/www.chenonceau.com\/wp-content\/uploads\/2022\/06\/fr-babelon.png\" \/>\n\t<meta property=\"og:image:width\" content=\"500\" \/>\n\t<meta property=\"og:image:height\" content=\"500\" \/>\n\t<meta property=\"og:image:type\" content=\"image\/png\" \/>\n<meta name=\"twitter:card\" content=\"summary_large_image\" \/>\n<meta name=\"twitter:label1\" content=\"Est. reading time\" \/>\n\t<meta name=\"twitter:data1\" content=\"1 minute\" \/>\n<script type=\"application\/ld+json\" class=\"yoast-schema-graph\">{\"@context\":\"https:\\\/\\\/schema.org\",\"@graph\":[{\"@type\":\"WebPage\",\"@id\":\"https:\\\/\\\/www.chenonceau.com\\\/boutique\\\/librairie\\\/le-chateau-sur-l-eau-de-jean-pierre-babelon\\\/\",\"url\":\"https:\\\/\\\/www.chenonceau.com\\\/boutique\\\/librairie\\\/le-chateau-sur-l-eau-de-jean-pierre-babelon\\\/\",\"name\":\"Le Ch\u00e2teau sur l'eau de Jean-Pierre Babelon - Chenonceau\",\"isPartOf\":{\"@id\":\"https:\\\/\\\/www.chenonceau.com\\\/#website\"},\"primaryImageOfPage\":{\"@id\":\"https:\\\/\\\/www.chenonceau.com\\\/boutique\\\/librairie\\\/le-chateau-sur-l-eau-de-jean-pierre-babelon\\\/#primaryimage\"},\"image\":{\"@id\":\"https:\\\/\\\/www.chenonceau.com\\\/boutique\\\/librairie\\\/le-chateau-sur-l-eau-de-jean-pierre-babelon\\\/#primaryimage\"},\"thumbnailUrl\":\"https:\\\/\\\/www.chenonceau.com\\\/wp-content\\\/uploads\\\/2022\\\/06\\\/fr-babelon.png\",\"datePublished\":\"2022-06-07T11:40:12+00:00\",\"dateModified\":\"2025-09-04T13:54:07+00:00\",\"description\":\"Le ch\u00e2teau sur l'eau de Jean Pierre Babelon est le livre de r\u00e9f\u00e9rence sur Chenonceau, ce Ch\u00e2teau qui fut la propri\u00e9t\u00e9 des Dames dont Catherine de M\u00e9dicis.\",\"breadcrumb\":{\"@id\":\"https:\\\/\\\/www.chenonceau.com\\\/boutique\\\/librairie\\\/le-chateau-sur-l-eau-de-jean-pierre-babelon\\\/#breadcrumb\"},\"inLanguage\":\"en-US\",\"potentialAction\":[{\"@type\":\"ReadAction\",\"target\":[\"https:\\\/\\\/www.chenonceau.com\\\/boutique\\\/librairie\\\/le-chateau-sur-l-eau-de-jean-pierre-babelon\\\/\"]}]},{\"@type\":\"ImageObject\",\"inLanguage\":\"en-US\",\"@id\":\"https:\\\/\\\/www.chenonceau.com\\\/boutique\\\/librairie\\\/le-chateau-sur-l-eau-de-jean-pierre-babelon\\\/#primaryimage\",\"url\":\"https:\\\/\\\/www.chenonceau.com\\\/wp-content\\\/uploads\\\/2022\\\/06\\\/fr-babelon.png\",\"contentUrl\":\"https:\\\/\\\/www.chenonceau.com\\\/wp-content\\\/uploads\\\/2022\\\/06\\\/fr-babelon.png\",\"width\":500,\"height\":500},{\"@type\":\"BreadcrumbList\",\"@id\":\"https:\\\/\\\/www.chenonceau.com\\\/boutique\\\/librairie\\\/le-chateau-sur-l-eau-de-jean-pierre-babelon\\\/#breadcrumb\",\"itemListElement\":[{\"@type\":\"ListItem\",\"position\":1,\"name\":\"Accueil\",\"item\":\"https:\\\/\\\/www.chenonceau.com\\\/en\\\/\"},{\"@type\":\"ListItem\",\"position\":2,\"name\":\"Boutique\",\"item\":\"https:\\\/\\\/www.chenonceau.com\\\/boutique\\\/\"},{\"@type\":\"ListItem\",\"position\":3,\"name\":\"Le Ch\u00e2teau sur l&rsquo;eau de Jean-Pierre Babelon\"}]},{\"@type\":\"WebSite\",\"@id\":\"https:\\\/\\\/www.chenonceau.com\\\/#website\",\"url\":\"https:\\\/\\\/www.chenonceau.com\\\/\",\"name\":\"Chenonceau\",\"description\":\"\",\"publisher\":{\"@id\":\"https:\\\/\\\/www.chenonceau.com\\\/#organization\"},\"potentialAction\":[{\"@type\":\"SearchAction\",\"target\":{\"@type\":\"EntryPoint\",\"urlTemplate\":\"https:\\\/\\\/www.chenonceau.com\\\/?s={search_term_string}\"},\"query-input\":{\"@type\":\"PropertyValueSpecification\",\"valueRequired\":true,\"valueName\":\"search_term_string\"}}],\"inLanguage\":\"en-US\"},{\"@type\":\"Organization\",\"@id\":\"https:\\\/\\\/www.chenonceau.com\\\/#organization\",\"name\":\"Ch\u00e2teau de Chenonceau\",\"url\":\"https:\\\/\\\/www.chenonceau.com\\\/\",\"logo\":{\"@type\":\"ImageObject\",\"inLanguage\":\"en-US\",\"@id\":\"https:\\\/\\\/www.chenonceau.com\\\/#\\\/schema\\\/logo\\\/image\\\/\",\"url\":\"https:\\\/\\\/www.chenonceau.com\\\/wp-content\\\/uploads\\\/2014\\\/12\\\/cropped-logo_bas_page.png\",\"contentUrl\":\"https:\\\/\\\/www.chenonceau.com\\\/wp-content\\\/uploads\\\/2014\\\/12\\\/cropped-logo_bas_page.png\",\"width\":512,\"height\":512,\"caption\":\"Ch\u00e2teau de Chenonceau\"},\"image\":{\"@id\":\"https:\\\/\\\/www.chenonceau.com\\\/#\\\/schema\\\/logo\\\/image\\\/\"}}]}<\/script>\n<!-- \/ Yoast SEO plugin. -->","yoast_head_json":{"title":"Le Ch\u00e2teau sur l'eau de Jean-Pierre Babelon - Chenonceau","description":"Le ch\u00e2teau sur l'eau de Jean Pierre Babelon est le livre de r\u00e9f\u00e9rence sur Chenonceau, ce Ch\u00e2teau qui fut la propri\u00e9t\u00e9 des Dames dont Catherine de M\u00e9dicis.","robots":{"index":"noindex","follow":"follow"},"og_locale":"en_US","og_type":"article","og_title":"Le Ch\u00e2teau sur l'eau de Jean-Pierre Babelon - Chenonceau","og_description":"Le ch\u00e2teau sur l'eau de Jean Pierre Babelon est le livre de r\u00e9f\u00e9rence sur Chenonceau, ce Ch\u00e2teau qui fut la propri\u00e9t\u00e9 des Dames dont Catherine de M\u00e9dicis.","og_url":"https:\/\/www.chenonceau.com\/boutique\/librairie\/le-chateau-sur-l-eau-de-jean-pierre-babelon\/","og_site_name":"Chenonceau","article_modified_time":"2025-09-04T13:54:07+00:00","og_image":[{"width":500,"height":500,"url":"https:\/\/www.chenonceau.com\/wp-content\/uploads\/2022\/06\/fr-babelon.png","type":"image\/png"}],"twitter_card":"summary_large_image","twitter_misc":{"Est. reading time":"1 minute"},"schema":{"@context":"https:\/\/schema.org","@graph":[{"@type":"WebPage","@id":"https:\/\/www.chenonceau.com\/boutique\/librairie\/le-chateau-sur-l-eau-de-jean-pierre-babelon\/","url":"https:\/\/www.chenonceau.com\/boutique\/librairie\/le-chateau-sur-l-eau-de-jean-pierre-babelon\/","name":"Le Ch\u00e2teau sur l'eau de Jean-Pierre Babelon - Chenonceau","isPartOf":{"@id":"https:\/\/www.chenonceau.com\/#website"},"primaryImageOfPage":{"@id":"https:\/\/www.chenonceau.com\/boutique\/librairie\/le-chateau-sur-l-eau-de-jean-pierre-babelon\/#primaryimage"},"image":{"@id":"https:\/\/www.chenonceau.com\/boutique\/librairie\/le-chateau-sur-l-eau-de-jean-pierre-babelon\/#primaryimage"},"thumbnailUrl":"https:\/\/www.chenonceau.com\/wp-content\/uploads\/2022\/06\/fr-babelon.png","datePublished":"2022-06-07T11:40:12+00:00","dateModified":"2025-09-04T13:54:07+00:00","description":"Le ch\u00e2teau sur l'eau de Jean Pierre Babelon est le livre de r\u00e9f\u00e9rence sur Chenonceau, ce Ch\u00e2teau qui fut la propri\u00e9t\u00e9 des Dames dont Catherine de M\u00e9dicis.","breadcrumb":{"@id":"https:\/\/www.chenonceau.com\/boutique\/librairie\/le-chateau-sur-l-eau-de-jean-pierre-babelon\/#breadcrumb"},"inLanguage":"en-US","potentialAction":[{"@type":"ReadAction","target":["https:\/\/www.chenonceau.com\/boutique\/librairie\/le-chateau-sur-l-eau-de-jean-pierre-babelon\/"]}]},{"@type":"ImageObject","inLanguage":"en-US","@id":"https:\/\/www.chenonceau.com\/boutique\/librairie\/le-chateau-sur-l-eau-de-jean-pierre-babelon\/#primaryimage","url":"https:\/\/www.chenonceau.com\/wp-content\/uploads\/2022\/06\/fr-babelon.png","contentUrl":"https:\/\/www.chenonceau.com\/wp-content\/uploads\/2022\/06\/fr-babelon.png","width":500,"height":500},{"@type":"BreadcrumbList","@id":"https:\/\/www.chenonceau.com\/boutique\/librairie\/le-chateau-sur-l-eau-de-jean-pierre-babelon\/#breadcrumb","itemListElement":[{"@type":"ListItem","position":1,"name":"Accueil","item":"https:\/\/www.chenonceau.com\/en\/"},{"@type":"ListItem","position":2,"name":"Boutique","item":"https:\/\/www.chenonceau.com\/boutique\/"},{"@type":"ListItem","position":3,"name":"Le Ch\u00e2teau sur l&rsquo;eau de Jean-Pierre Babelon"}]},{"@type":"WebSite","@id":"https:\/\/www.chenonceau.com\/#website","url":"https:\/\/www.chenonceau.com\/","name":"Chenonceau","description":"","publisher":{"@id":"https:\/\/www.chenonceau.com\/#organization"},"potentialAction":[{"@type":"SearchAction","target":{"@type":"EntryPoint","urlTemplate":"https:\/\/www.chenonceau.com\/?s={search_term_string}"},"query-input":{"@type":"PropertyValueSpecification","valueRequired":true,"valueName":"search_term_string"}}],"inLanguage":"en-US"},{"@type":"Organization","@id":"https:\/\/www.chenonceau.com\/#organization","name":"Ch\u00e2teau de Chenonceau","url":"https:\/\/www.chenonceau.com\/","logo":{"@type":"ImageObject","inLanguage":"en-US","@id":"https:\/\/www.chenonceau.com\/#\/schema\/logo\/image\/","url":"https:\/\/www.chenonceau.com\/wp-content\/uploads\/2014\/12\/cropped-logo_bas_page.png","contentUrl":"https:\/\/www.chenonceau.com\/wp-content\/uploads\/2014\/12\/cropped-logo_bas_page.png","width":512,"height":512,"caption":"Ch\u00e2teau de Chenonceau"},"image":{"@id":"https:\/\/www.chenonceau.com\/#\/schema\/logo\/image\/"}}]}},"_links":{"self":[{"href":"https:\/\/www.chenonceau.com\/en\/wp-json\/wp\/v2\/product\/2550","targetHints":{"allow":["GET"]}}],"collection":[{"href":"https:\/\/www.chenonceau.com\/en\/wp-json\/wp\/v2\/product"}],"about":[{"href":"https:\/\/www.chenonceau.com\/en\/wp-json\/wp\/v2\/types\/product"}],"replies":[{"embeddable":true,"href":"https:\/\/www.chenonceau.com\/en\/wp-json\/wp\/v2\/comments?post=2550"}],"wp:featuredmedia":[{"embeddable":true,"href":"https:\/\/www.chenonceau.com\/en\/wp-json\/wp\/v2\/media\/4427"}],"wp:attachment":[{"href":"https:\/\/www.chenonceau.com\/en\/wp-json\/wp\/v2\/media?parent=2550"}],"wp:term":[{"taxonomy":"product_brand","embeddable":true,"href":"https:\/\/www.chenonceau.com\/en\/wp-json\/wp\/v2\/product_brand?post=2550"},{"taxonomy":"product_cat","embeddable":true,"href":"https:\/\/www.chenonceau.com\/en\/wp-json\/wp\/v2\/product_cat?post=2550"},{"taxonomy":"product_tag","embeddable":true,"href":"https:\/\/www.chenonceau.com\/en\/wp-json\/wp\/v2\/product_tag?post=2550"}],"curies":[{"name":"wp","href":"https:\/\/api.w.org\/{rel}","templated":true}]}}