{"id":2551,"date":"2022-06-07T13:47:04","date_gmt":"2022-06-07T11:47:04","guid":{"rendered":"https:\/\/www.chenonceau.com\/?post_type=product&#038;p=2551"},"modified":"2024-02-02T15:24:52","modified_gmt":"2024-02-02T14:24:52","slug":"cahier-de-recettes-de-catherine-de-medicis","status":"publish","type":"product","link":"https:\/\/www.chenonceau.com\/en\/boutique\/librairie\/cahier-de-recettes-de-catherine-de-medicis\/","title":{"rendered":"Le Cahier de recettes de Catherine de M\u00e9dicis"},"content":{"rendered":"<p class=\"p1\">Une promenade gourmande dans l&#8217;imaginaire du ch\u00e2teau de Chenonceau, l&#8217;un des plus beaux joyaux du Val de Loire. Des recettes c\u00e9l\u00e9brant le patrimoine culinaire de la r\u00e9gion et les go\u00fbts des dames illustres qui habit\u00e8rent le ch\u00e2teau : Catherine de M\u00e9dicis, en premier lieu, souveraine dont le nom \u00e9voque les fastes de la Renaissance, et \u00e0 qui l&#8217;on aime associer nombre de mets, de la confiture aux gel\u00e9es, en passant par les artichauts ou les macarons. Mais aussi Diane de Poitiers, Louise de Lorraine ou encore Madame Dupin, dont l&#8217;hospitalit\u00e9 \u00e0 Chenonceau laissa \u00e0 Jean-Jacques Rousseau de d\u00e9licieux souvenirs gustatifs.<\/p>\n<p class=\"p1\">Un cahier r\u00e9versible : au recto 40 recettes d\u00e9licieuses et facile \u00e0 r\u00e9aliser : beignets d&#8217;artichauts, risotto vert, poule au pot, cr\u00e8me glac\u00e9e \u00e0 la drag\u00e9e&#8230; Au verso des pages vierges pour noter ses propres recettes.<\/p>\n<p class=\"p1\">Langue : Fran\u00e7ais<\/p>\n<p>80 pages<\/p>\n","protected":false},"excerpt":{"rendered":"<p class=\"p1\">Des recettes c\u00e9l\u00e9brant le patrimoine culinaire de la r\u00e9gion et les go\u00fbts des dames illustres qui habit\u00e8rent le ch\u00e2teau.<\/p>\n<p class=\"p1\">\u00a0<\/p>\n","protected":false},"featured_media":4423,"comment_status":"closed","ping_status":"closed","template":"","meta":[],"product_brand":[],"product_cat":[64,46],"product_tag":[],"class_list":{"0":"post-2551","1":"product","2":"type-product","3":"status-publish","4":"has-post-thumbnail","6":"product_cat-catherine-de-medicis","7":"product_cat-librairie","9":"first","10":"instock","11":"shipping-taxable","12":"purchasable","13":"product-type-simple"},"yoast_head":"<!-- This site is optimized with the Yoast SEO plugin v27.3 - https:\/\/yoast.com\/product\/yoast-seo-wordpress\/ -->\n<title>Le Cahier de recettes de Catherine de M\u00e9dicis - Chenonceau<\/title>\n<meta name=\"description\" content=\"Cahier de recettes de Catherine de M\u00e9dicis : des recettes c\u00e9l\u00e9brant le patrimoine culinaire de la r\u00e9gion et les go\u00fbts des dames qui habit\u00e8rent le ch\u00e2teau.\" \/>\n<meta name=\"robots\" content=\"noindex, follow\" \/>\n<meta property=\"og:locale\" content=\"en_US\" \/>\n<meta property=\"og:type\" content=\"article\" \/>\n<meta property=\"og:title\" content=\"Le Cahier de recettes de Catherine de M\u00e9dicis - Chenonceau\" \/>\n<meta property=\"og:description\" content=\"Cahier de recettes de Catherine de M\u00e9dicis : des recettes c\u00e9l\u00e9brant le patrimoine culinaire de la r\u00e9gion et les go\u00fbts des dames qui habit\u00e8rent le ch\u00e2teau.\" \/>\n<meta property=\"og:url\" content=\"https:\/\/www.chenonceau.com\/boutique\/librairie\/cahier-de-recettes-de-catherine-de-medicis\/\" \/>\n<meta property=\"og:site_name\" content=\"Chenonceau\" \/>\n<meta property=\"article:modified_time\" content=\"2024-02-02T14:24:52+00:00\" \/>\n<meta property=\"og:image\" content=\"https:\/\/www.chenonceau.com\/wp-content\/uploads\/2022\/06\/cahier-fr.png\" \/>\n\t<meta property=\"og:image:width\" content=\"757\" \/>\n\t<meta property=\"og:image:height\" content=\"757\" \/>\n\t<meta property=\"og:image:type\" content=\"image\/png\" \/>\n<meta name=\"twitter:card\" content=\"summary_large_image\" \/>\n<meta name=\"twitter:label1\" content=\"Est. reading time\" \/>\n\t<meta name=\"twitter:data1\" content=\"1 minute\" \/>\n<script type=\"application\/ld+json\" class=\"yoast-schema-graph\">{\"@context\":\"https:\\\/\\\/schema.org\",\"@graph\":[{\"@type\":\"WebPage\",\"@id\":\"https:\\\/\\\/www.chenonceau.com\\\/boutique\\\/librairie\\\/cahier-de-recettes-de-catherine-de-medicis\\\/\",\"url\":\"https:\\\/\\\/www.chenonceau.com\\\/boutique\\\/librairie\\\/cahier-de-recettes-de-catherine-de-medicis\\\/\",\"name\":\"Le Cahier de recettes de Catherine de M\u00e9dicis - Chenonceau\",\"isPartOf\":{\"@id\":\"https:\\\/\\\/www.chenonceau.com\\\/#website\"},\"primaryImageOfPage\":{\"@id\":\"https:\\\/\\\/www.chenonceau.com\\\/boutique\\\/librairie\\\/cahier-de-recettes-de-catherine-de-medicis\\\/#primaryimage\"},\"image\":{\"@id\":\"https:\\\/\\\/www.chenonceau.com\\\/boutique\\\/librairie\\\/cahier-de-recettes-de-catherine-de-medicis\\\/#primaryimage\"},\"thumbnailUrl\":\"https:\\\/\\\/www.chenonceau.com\\\/wp-content\\\/uploads\\\/2022\\\/06\\\/cahier-fr.png\",\"datePublished\":\"2022-06-07T11:47:04+00:00\",\"dateModified\":\"2024-02-02T14:24:52+00:00\",\"description\":\"Cahier de recettes de Catherine de M\u00e9dicis : des recettes c\u00e9l\u00e9brant le patrimoine culinaire de la r\u00e9gion et les go\u00fbts des dames qui habit\u00e8rent le ch\u00e2teau.\",\"breadcrumb\":{\"@id\":\"https:\\\/\\\/www.chenonceau.com\\\/boutique\\\/librairie\\\/cahier-de-recettes-de-catherine-de-medicis\\\/#breadcrumb\"},\"inLanguage\":\"en-US\",\"potentialAction\":[{\"@type\":\"ReadAction\",\"target\":[\"https:\\\/\\\/www.chenonceau.com\\\/boutique\\\/librairie\\\/cahier-de-recettes-de-catherine-de-medicis\\\/\"]}]},{\"@type\":\"ImageObject\",\"inLanguage\":\"en-US\",\"@id\":\"https:\\\/\\\/www.chenonceau.com\\\/boutique\\\/librairie\\\/cahier-de-recettes-de-catherine-de-medicis\\\/#primaryimage\",\"url\":\"https:\\\/\\\/www.chenonceau.com\\\/wp-content\\\/uploads\\\/2022\\\/06\\\/cahier-fr.png\",\"contentUrl\":\"https:\\\/\\\/www.chenonceau.com\\\/wp-content\\\/uploads\\\/2022\\\/06\\\/cahier-fr.png\",\"width\":757,\"height\":757},{\"@type\":\"BreadcrumbList\",\"@id\":\"https:\\\/\\\/www.chenonceau.com\\\/boutique\\\/librairie\\\/cahier-de-recettes-de-catherine-de-medicis\\\/#breadcrumb\",\"itemListElement\":[{\"@type\":\"ListItem\",\"position\":1,\"name\":\"Accueil\",\"item\":\"https:\\\/\\\/www.chenonceau.com\\\/en\\\/\"},{\"@type\":\"ListItem\",\"position\":2,\"name\":\"Boutique\",\"item\":\"https:\\\/\\\/www.chenonceau.com\\\/boutique\\\/\"},{\"@type\":\"ListItem\",\"position\":3,\"name\":\"Le Cahier de recettes de Catherine de M\u00e9dicis\"}]},{\"@type\":\"WebSite\",\"@id\":\"https:\\\/\\\/www.chenonceau.com\\\/#website\",\"url\":\"https:\\\/\\\/www.chenonceau.com\\\/\",\"name\":\"Chenonceau\",\"description\":\"\",\"publisher\":{\"@id\":\"https:\\\/\\\/www.chenonceau.com\\\/#organization\"},\"potentialAction\":[{\"@type\":\"SearchAction\",\"target\":{\"@type\":\"EntryPoint\",\"urlTemplate\":\"https:\\\/\\\/www.chenonceau.com\\\/?s={search_term_string}\"},\"query-input\":{\"@type\":\"PropertyValueSpecification\",\"valueRequired\":true,\"valueName\":\"search_term_string\"}}],\"inLanguage\":\"en-US\"},{\"@type\":\"Organization\",\"@id\":\"https:\\\/\\\/www.chenonceau.com\\\/#organization\",\"name\":\"Ch\u00e2teau de Chenonceau\",\"url\":\"https:\\\/\\\/www.chenonceau.com\\\/\",\"logo\":{\"@type\":\"ImageObject\",\"inLanguage\":\"en-US\",\"@id\":\"https:\\\/\\\/www.chenonceau.com\\\/#\\\/schema\\\/logo\\\/image\\\/\",\"url\":\"https:\\\/\\\/www.chenonceau.com\\\/wp-content\\\/uploads\\\/2014\\\/12\\\/cropped-logo_bas_page.png\",\"contentUrl\":\"https:\\\/\\\/www.chenonceau.com\\\/wp-content\\\/uploads\\\/2014\\\/12\\\/cropped-logo_bas_page.png\",\"width\":512,\"height\":512,\"caption\":\"Ch\u00e2teau de Chenonceau\"},\"image\":{\"@id\":\"https:\\\/\\\/www.chenonceau.com\\\/#\\\/schema\\\/logo\\\/image\\\/\"}}]}<\/script>\n<!-- \/ Yoast SEO plugin. -->","yoast_head_json":{"title":"Le Cahier de recettes de Catherine de M\u00e9dicis - Chenonceau","description":"Cahier de recettes de Catherine de M\u00e9dicis : des recettes c\u00e9l\u00e9brant le patrimoine culinaire de la r\u00e9gion et les go\u00fbts des dames qui habit\u00e8rent le ch\u00e2teau.","robots":{"index":"noindex","follow":"follow"},"og_locale":"en_US","og_type":"article","og_title":"Le Cahier de recettes de Catherine de M\u00e9dicis - Chenonceau","og_description":"Cahier de recettes de Catherine de M\u00e9dicis : des recettes c\u00e9l\u00e9brant le patrimoine culinaire de la r\u00e9gion et les go\u00fbts des dames qui habit\u00e8rent le ch\u00e2teau.","og_url":"https:\/\/www.chenonceau.com\/boutique\/librairie\/cahier-de-recettes-de-catherine-de-medicis\/","og_site_name":"Chenonceau","article_modified_time":"2024-02-02T14:24:52+00:00","og_image":[{"width":757,"height":757,"url":"https:\/\/www.chenonceau.com\/wp-content\/uploads\/2022\/06\/cahier-fr.png","type":"image\/png"}],"twitter_card":"summary_large_image","twitter_misc":{"Est. reading time":"1 minute"},"schema":{"@context":"https:\/\/schema.org","@graph":[{"@type":"WebPage","@id":"https:\/\/www.chenonceau.com\/boutique\/librairie\/cahier-de-recettes-de-catherine-de-medicis\/","url":"https:\/\/www.chenonceau.com\/boutique\/librairie\/cahier-de-recettes-de-catherine-de-medicis\/","name":"Le Cahier de recettes de Catherine de M\u00e9dicis - Chenonceau","isPartOf":{"@id":"https:\/\/www.chenonceau.com\/#website"},"primaryImageOfPage":{"@id":"https:\/\/www.chenonceau.com\/boutique\/librairie\/cahier-de-recettes-de-catherine-de-medicis\/#primaryimage"},"image":{"@id":"https:\/\/www.chenonceau.com\/boutique\/librairie\/cahier-de-recettes-de-catherine-de-medicis\/#primaryimage"},"thumbnailUrl":"https:\/\/www.chenonceau.com\/wp-content\/uploads\/2022\/06\/cahier-fr.png","datePublished":"2022-06-07T11:47:04+00:00","dateModified":"2024-02-02T14:24:52+00:00","description":"Cahier de recettes de Catherine de M\u00e9dicis : des recettes c\u00e9l\u00e9brant le patrimoine culinaire de la r\u00e9gion et les go\u00fbts des dames qui habit\u00e8rent le ch\u00e2teau.","breadcrumb":{"@id":"https:\/\/www.chenonceau.com\/boutique\/librairie\/cahier-de-recettes-de-catherine-de-medicis\/#breadcrumb"},"inLanguage":"en-US","potentialAction":[{"@type":"ReadAction","target":["https:\/\/www.chenonceau.com\/boutique\/librairie\/cahier-de-recettes-de-catherine-de-medicis\/"]}]},{"@type":"ImageObject","inLanguage":"en-US","@id":"https:\/\/www.chenonceau.com\/boutique\/librairie\/cahier-de-recettes-de-catherine-de-medicis\/#primaryimage","url":"https:\/\/www.chenonceau.com\/wp-content\/uploads\/2022\/06\/cahier-fr.png","contentUrl":"https:\/\/www.chenonceau.com\/wp-content\/uploads\/2022\/06\/cahier-fr.png","width":757,"height":757},{"@type":"BreadcrumbList","@id":"https:\/\/www.chenonceau.com\/boutique\/librairie\/cahier-de-recettes-de-catherine-de-medicis\/#breadcrumb","itemListElement":[{"@type":"ListItem","position":1,"name":"Accueil","item":"https:\/\/www.chenonceau.com\/en\/"},{"@type":"ListItem","position":2,"name":"Boutique","item":"https:\/\/www.chenonceau.com\/boutique\/"},{"@type":"ListItem","position":3,"name":"Le Cahier de recettes de Catherine de M\u00e9dicis"}]},{"@type":"WebSite","@id":"https:\/\/www.chenonceau.com\/#website","url":"https:\/\/www.chenonceau.com\/","name":"Chenonceau","description":"","publisher":{"@id":"https:\/\/www.chenonceau.com\/#organization"},"potentialAction":[{"@type":"SearchAction","target":{"@type":"EntryPoint","urlTemplate":"https:\/\/www.chenonceau.com\/?s={search_term_string}"},"query-input":{"@type":"PropertyValueSpecification","valueRequired":true,"valueName":"search_term_string"}}],"inLanguage":"en-US"},{"@type":"Organization","@id":"https:\/\/www.chenonceau.com\/#organization","name":"Ch\u00e2teau de Chenonceau","url":"https:\/\/www.chenonceau.com\/","logo":{"@type":"ImageObject","inLanguage":"en-US","@id":"https:\/\/www.chenonceau.com\/#\/schema\/logo\/image\/","url":"https:\/\/www.chenonceau.com\/wp-content\/uploads\/2014\/12\/cropped-logo_bas_page.png","contentUrl":"https:\/\/www.chenonceau.com\/wp-content\/uploads\/2014\/12\/cropped-logo_bas_page.png","width":512,"height":512,"caption":"Ch\u00e2teau de Chenonceau"},"image":{"@id":"https:\/\/www.chenonceau.com\/#\/schema\/logo\/image\/"}}]}},"_links":{"self":[{"href":"https:\/\/www.chenonceau.com\/en\/wp-json\/wp\/v2\/product\/2551","targetHints":{"allow":["GET"]}}],"collection":[{"href":"https:\/\/www.chenonceau.com\/en\/wp-json\/wp\/v2\/product"}],"about":[{"href":"https:\/\/www.chenonceau.com\/en\/wp-json\/wp\/v2\/types\/product"}],"replies":[{"embeddable":true,"href":"https:\/\/www.chenonceau.com\/en\/wp-json\/wp\/v2\/comments?post=2551"}],"wp:featuredmedia":[{"embeddable":true,"href":"https:\/\/www.chenonceau.com\/en\/wp-json\/wp\/v2\/media\/4423"}],"wp:attachment":[{"href":"https:\/\/www.chenonceau.com\/en\/wp-json\/wp\/v2\/media?parent=2551"}],"wp:term":[{"taxonomy":"product_brand","embeddable":true,"href":"https:\/\/www.chenonceau.com\/en\/wp-json\/wp\/v2\/product_brand?post=2551"},{"taxonomy":"product_cat","embeddable":true,"href":"https:\/\/www.chenonceau.com\/en\/wp-json\/wp\/v2\/product_cat?post=2551"},{"taxonomy":"product_tag","embeddable":true,"href":"https:\/\/www.chenonceau.com\/en\/wp-json\/wp\/v2\/product_tag?post=2551"}],"curies":[{"name":"wp","href":"https:\/\/api.w.org\/{rel}","templated":true}]}}