{"id":2552,"date":"2022-06-07T13:52:06","date_gmt":"2022-06-07T11:52:06","guid":{"rendered":"https:\/\/www.chenonceau.com\/?post_type=product&#038;p=2552"},"modified":"2025-12-17T10:03:16","modified_gmt":"2025-12-17T09:03:16","slug":"les-bouquets-de-chenonceau","status":"publish","type":"product","link":"https:\/\/www.chenonceau.com\/en\/boutique\/librairie\/les-bouquets-de-chenonceau\/","title":{"rendered":"Les bouquets de Chenonceau"},"content":{"rendered":"<p class=\"p1\">Depuis 2015, Jean-Fran\u00e7ois Boucher est nomm\u00e9 sc\u00e9nographe floral du domaine. Avec son \u00e9quipe, il cr\u00e9e chaque semaine de nouvelles compositions pour les diff\u00e9rentes salles et pi\u00e8ces du ch\u00e2teau. Ces fleurs \u00ab mises en sc\u00e8ne \u00bb refl\u00e8tent l\u2019histoire du domaine, au m\u00eame titre que tout autre objet d\u2019art ou pi\u00e8ce de mobilier. Leurs designs se marient parfaitement avec l&#8217;int\u00e9rieur et la d\u00e9coration et s&#8217;harmonisent \u00e0 merveille avec le code de couleur, le parfum et la fonction de la pi\u00e8ce. Parfois, ils font m\u00eame un clin d&#8217;\u0153il \u00e0 la po\u00e9sie, \u00e0 l&#8217;art ou aux \u00e9v\u00e9nements historiques qui s\u2019y sont d\u00e9roul\u00e9s.<\/p>\n<p>128 pages<\/p>\n<p class=\"p1\">Langues : Fran\u00e7ais &amp; anglais<\/p>\n<p class=\"p1\">\u00a0<\/p>\n","protected":false},"excerpt":{"rendered":"<p>Offre Sp\u00e9ciale Boutique en Ligne<br \/>\nEXCLUSIVIT\u00c9 NO\u00cbL<\/p>\n<p>Pour 1 livre achet\u00e9, la d\u00e9dicace et le marque-page sont OFFERTS !<\/p>\n<p>Pour toute commande de livre sur notre site, vous recevrez :<\/p>\n<p>&#8211; Une d\u00e9dicace de Jean-Fran\u00e7ois Boucher, sc\u00e9nographe floral du Ch\u00e2teau de Chenonceau et Meilleur Ouvrier de France.<\/p>\n<p>&#8211; Un marque-page unique, parfait pour accompagner vos futures lectures !<\/p>\n<p>Offre valable jusqu\u2019au 4 janvier 2026. Ne manquez pas cette chance de recevoir un souvenir exclusif sign\u00e9 par un artiste de renom !<\/p>\n<p class=\"p1\">L&#8217;histoire de France est l&#8217;\u00e9crin du ch\u00e2teau de Chenonceau, ce joyau de la Renaissance. Une beaut\u00e9 universelle qui vient de l&#8217;harmonie entre le monument et ses jardins. La d\u00e9licate silhouette immacul\u00e9e incarne toute la gr\u00e2ce f\u00e9minine, et r\u00e9v\u00e8le l&#8217;influence des &#8220;Dames&#8221;, qui ont tant aim\u00e9 Chenonceau. Il \u00e9blouit par la blancheur de ses fa\u00e7ades, ses arches a\u00e9riennes et les courbes sensuelles de ses tourelles.<br \/>Les merveilleuses compositions florales de fleurs fra\u00eeches s&#8217;offrent, chaque jour diff\u00e9rentes, au regard des visiteurs et ajoutent au raffinement, pr\u00e9sent dans chacune des pi\u00e8ces qui forment la visite.<\/p>\n<p class=\"p1\">\u00a0<\/p>\n","protected":false},"featured_media":4403,"comment_status":"closed","ping_status":"closed","template":"","meta":[],"product_brand":[],"product_cat":[46],"product_tag":[],"class_list":{"0":"post-2552","1":"product","2":"type-product","3":"status-publish","4":"has-post-thumbnail","6":"product_cat-librairie","8":"first","9":"instock","10":"shipping-taxable","11":"purchasable","12":"product-type-simple"},"yoast_head":"<!-- This site is optimized with the Yoast SEO plugin v27.3 - https:\/\/yoast.com\/product\/yoast-seo-wordpress\/ -->\n<title>Les bouquets de Chenonceau - Chenonceau<\/title>\n<meta name=\"description\" content=\"Les bouquets de Chenonceau est un magnifique ouvrage qui plaira aussi bien aux amateurs d\u2019histoire (d\u2019art) qu\u2019aux admirateurs de design floral du plus haut niveau.\" \/>\n<meta name=\"robots\" content=\"noindex, follow\" \/>\n<meta property=\"og:locale\" content=\"en_US\" \/>\n<meta property=\"og:type\" content=\"article\" \/>\n<meta property=\"og:title\" content=\"Les bouquets de Chenonceau - Chenonceau\" \/>\n<meta property=\"og:description\" content=\"Les bouquets de Chenonceau est un magnifique ouvrage qui plaira aussi bien aux amateurs d\u2019histoire (d\u2019art) qu\u2019aux admirateurs de design floral du plus haut niveau.\" \/>\n<meta property=\"og:url\" content=\"https:\/\/www.chenonceau.com\/boutique\/librairie\/les-bouquets-de-chenonceau\/\" \/>\n<meta property=\"og:site_name\" content=\"Chenonceau\" \/>\n<meta property=\"article:modified_time\" content=\"2025-12-17T09:03:16+00:00\" \/>\n<meta property=\"og:image\" content=\"https:\/\/www.chenonceau.com\/wp-content\/uploads\/2022\/06\/les-bouquets-scaled.jpg\" \/>\n\t<meta property=\"og:image:width\" content=\"2560\" \/>\n\t<meta property=\"og:image:height\" content=\"2560\" \/>\n\t<meta property=\"og:image:type\" content=\"image\/jpeg\" \/>\n<meta name=\"twitter:card\" content=\"summary_large_image\" \/>\n<meta name=\"twitter:label1\" content=\"Est. reading time\" \/>\n\t<meta name=\"twitter:data1\" content=\"1 minute\" \/>\n<script type=\"application\/ld+json\" class=\"yoast-schema-graph\">{\"@context\":\"https:\\\/\\\/schema.org\",\"@graph\":[{\"@type\":\"WebPage\",\"@id\":\"https:\\\/\\\/www.chenonceau.com\\\/boutique\\\/librairie\\\/les-bouquets-de-chenonceau\\\/\",\"url\":\"https:\\\/\\\/www.chenonceau.com\\\/boutique\\\/librairie\\\/les-bouquets-de-chenonceau\\\/\",\"name\":\"Les bouquets de Chenonceau - Chenonceau\",\"isPartOf\":{\"@id\":\"https:\\\/\\\/www.chenonceau.com\\\/#website\"},\"primaryImageOfPage\":{\"@id\":\"https:\\\/\\\/www.chenonceau.com\\\/boutique\\\/librairie\\\/les-bouquets-de-chenonceau\\\/#primaryimage\"},\"image\":{\"@id\":\"https:\\\/\\\/www.chenonceau.com\\\/boutique\\\/librairie\\\/les-bouquets-de-chenonceau\\\/#primaryimage\"},\"thumbnailUrl\":\"https:\\\/\\\/www.chenonceau.com\\\/wp-content\\\/uploads\\\/2022\\\/06\\\/les-bouquets-scaled.jpg\",\"datePublished\":\"2022-06-07T11:52:06+00:00\",\"dateModified\":\"2025-12-17T09:03:16+00:00\",\"description\":\"Les bouquets de Chenonceau est un magnifique ouvrage qui plaira aussi bien aux amateurs d\u2019histoire (d\u2019art) qu\u2019aux admirateurs de design floral du plus haut niveau.\",\"breadcrumb\":{\"@id\":\"https:\\\/\\\/www.chenonceau.com\\\/boutique\\\/librairie\\\/les-bouquets-de-chenonceau\\\/#breadcrumb\"},\"inLanguage\":\"en-US\",\"potentialAction\":[{\"@type\":\"ReadAction\",\"target\":[\"https:\\\/\\\/www.chenonceau.com\\\/boutique\\\/librairie\\\/les-bouquets-de-chenonceau\\\/\"]}]},{\"@type\":\"ImageObject\",\"inLanguage\":\"en-US\",\"@id\":\"https:\\\/\\\/www.chenonceau.com\\\/boutique\\\/librairie\\\/les-bouquets-de-chenonceau\\\/#primaryimage\",\"url\":\"https:\\\/\\\/www.chenonceau.com\\\/wp-content\\\/uploads\\\/2022\\\/06\\\/les-bouquets-scaled.jpg\",\"contentUrl\":\"https:\\\/\\\/www.chenonceau.com\\\/wp-content\\\/uploads\\\/2022\\\/06\\\/les-bouquets-scaled.jpg\",\"width\":2560,\"height\":2560},{\"@type\":\"BreadcrumbList\",\"@id\":\"https:\\\/\\\/www.chenonceau.com\\\/boutique\\\/librairie\\\/les-bouquets-de-chenonceau\\\/#breadcrumb\",\"itemListElement\":[{\"@type\":\"ListItem\",\"position\":1,\"name\":\"Accueil\",\"item\":\"https:\\\/\\\/www.chenonceau.com\\\/en\\\/\"},{\"@type\":\"ListItem\",\"position\":2,\"name\":\"Boutique\",\"item\":\"https:\\\/\\\/www.chenonceau.com\\\/boutique\\\/\"},{\"@type\":\"ListItem\",\"position\":3,\"name\":\"Les bouquets de Chenonceau\"}]},{\"@type\":\"WebSite\",\"@id\":\"https:\\\/\\\/www.chenonceau.com\\\/#website\",\"url\":\"https:\\\/\\\/www.chenonceau.com\\\/\",\"name\":\"Chenonceau\",\"description\":\"\",\"publisher\":{\"@id\":\"https:\\\/\\\/www.chenonceau.com\\\/#organization\"},\"potentialAction\":[{\"@type\":\"SearchAction\",\"target\":{\"@type\":\"EntryPoint\",\"urlTemplate\":\"https:\\\/\\\/www.chenonceau.com\\\/?s={search_term_string}\"},\"query-input\":{\"@type\":\"PropertyValueSpecification\",\"valueRequired\":true,\"valueName\":\"search_term_string\"}}],\"inLanguage\":\"en-US\"},{\"@type\":\"Organization\",\"@id\":\"https:\\\/\\\/www.chenonceau.com\\\/#organization\",\"name\":\"Ch\u00e2teau de Chenonceau\",\"url\":\"https:\\\/\\\/www.chenonceau.com\\\/\",\"logo\":{\"@type\":\"ImageObject\",\"inLanguage\":\"en-US\",\"@id\":\"https:\\\/\\\/www.chenonceau.com\\\/#\\\/schema\\\/logo\\\/image\\\/\",\"url\":\"https:\\\/\\\/www.chenonceau.com\\\/wp-content\\\/uploads\\\/2014\\\/12\\\/cropped-logo_bas_page.png\",\"contentUrl\":\"https:\\\/\\\/www.chenonceau.com\\\/wp-content\\\/uploads\\\/2014\\\/12\\\/cropped-logo_bas_page.png\",\"width\":512,\"height\":512,\"caption\":\"Ch\u00e2teau de Chenonceau\"},\"image\":{\"@id\":\"https:\\\/\\\/www.chenonceau.com\\\/#\\\/schema\\\/logo\\\/image\\\/\"}}]}<\/script>\n<!-- \/ Yoast SEO plugin. -->","yoast_head_json":{"title":"Les bouquets de Chenonceau - Chenonceau","description":"Les bouquets de Chenonceau est un magnifique ouvrage qui plaira aussi bien aux amateurs d\u2019histoire (d\u2019art) qu\u2019aux admirateurs de design floral du plus haut niveau.","robots":{"index":"noindex","follow":"follow"},"og_locale":"en_US","og_type":"article","og_title":"Les bouquets de Chenonceau - Chenonceau","og_description":"Les bouquets de Chenonceau est un magnifique ouvrage qui plaira aussi bien aux amateurs d\u2019histoire (d\u2019art) qu\u2019aux admirateurs de design floral du plus haut niveau.","og_url":"https:\/\/www.chenonceau.com\/boutique\/librairie\/les-bouquets-de-chenonceau\/","og_site_name":"Chenonceau","article_modified_time":"2025-12-17T09:03:16+00:00","og_image":[{"width":2560,"height":2560,"url":"https:\/\/www.chenonceau.com\/wp-content\/uploads\/2022\/06\/les-bouquets-scaled.jpg","type":"image\/jpeg"}],"twitter_card":"summary_large_image","twitter_misc":{"Est. reading time":"1 minute"},"schema":{"@context":"https:\/\/schema.org","@graph":[{"@type":"WebPage","@id":"https:\/\/www.chenonceau.com\/boutique\/librairie\/les-bouquets-de-chenonceau\/","url":"https:\/\/www.chenonceau.com\/boutique\/librairie\/les-bouquets-de-chenonceau\/","name":"Les bouquets de Chenonceau - Chenonceau","isPartOf":{"@id":"https:\/\/www.chenonceau.com\/#website"},"primaryImageOfPage":{"@id":"https:\/\/www.chenonceau.com\/boutique\/librairie\/les-bouquets-de-chenonceau\/#primaryimage"},"image":{"@id":"https:\/\/www.chenonceau.com\/boutique\/librairie\/les-bouquets-de-chenonceau\/#primaryimage"},"thumbnailUrl":"https:\/\/www.chenonceau.com\/wp-content\/uploads\/2022\/06\/les-bouquets-scaled.jpg","datePublished":"2022-06-07T11:52:06+00:00","dateModified":"2025-12-17T09:03:16+00:00","description":"Les bouquets de Chenonceau est un magnifique ouvrage qui plaira aussi bien aux amateurs d\u2019histoire (d\u2019art) qu\u2019aux admirateurs de design floral du plus haut niveau.","breadcrumb":{"@id":"https:\/\/www.chenonceau.com\/boutique\/librairie\/les-bouquets-de-chenonceau\/#breadcrumb"},"inLanguage":"en-US","potentialAction":[{"@type":"ReadAction","target":["https:\/\/www.chenonceau.com\/boutique\/librairie\/les-bouquets-de-chenonceau\/"]}]},{"@type":"ImageObject","inLanguage":"en-US","@id":"https:\/\/www.chenonceau.com\/boutique\/librairie\/les-bouquets-de-chenonceau\/#primaryimage","url":"https:\/\/www.chenonceau.com\/wp-content\/uploads\/2022\/06\/les-bouquets-scaled.jpg","contentUrl":"https:\/\/www.chenonceau.com\/wp-content\/uploads\/2022\/06\/les-bouquets-scaled.jpg","width":2560,"height":2560},{"@type":"BreadcrumbList","@id":"https:\/\/www.chenonceau.com\/boutique\/librairie\/les-bouquets-de-chenonceau\/#breadcrumb","itemListElement":[{"@type":"ListItem","position":1,"name":"Accueil","item":"https:\/\/www.chenonceau.com\/en\/"},{"@type":"ListItem","position":2,"name":"Boutique","item":"https:\/\/www.chenonceau.com\/boutique\/"},{"@type":"ListItem","position":3,"name":"Les bouquets de Chenonceau"}]},{"@type":"WebSite","@id":"https:\/\/www.chenonceau.com\/#website","url":"https:\/\/www.chenonceau.com\/","name":"Chenonceau","description":"","publisher":{"@id":"https:\/\/www.chenonceau.com\/#organization"},"potentialAction":[{"@type":"SearchAction","target":{"@type":"EntryPoint","urlTemplate":"https:\/\/www.chenonceau.com\/?s={search_term_string}"},"query-input":{"@type":"PropertyValueSpecification","valueRequired":true,"valueName":"search_term_string"}}],"inLanguage":"en-US"},{"@type":"Organization","@id":"https:\/\/www.chenonceau.com\/#organization","name":"Ch\u00e2teau de Chenonceau","url":"https:\/\/www.chenonceau.com\/","logo":{"@type":"ImageObject","inLanguage":"en-US","@id":"https:\/\/www.chenonceau.com\/#\/schema\/logo\/image\/","url":"https:\/\/www.chenonceau.com\/wp-content\/uploads\/2014\/12\/cropped-logo_bas_page.png","contentUrl":"https:\/\/www.chenonceau.com\/wp-content\/uploads\/2014\/12\/cropped-logo_bas_page.png","width":512,"height":512,"caption":"Ch\u00e2teau de Chenonceau"},"image":{"@id":"https:\/\/www.chenonceau.com\/#\/schema\/logo\/image\/"}}]}},"_links":{"self":[{"href":"https:\/\/www.chenonceau.com\/en\/wp-json\/wp\/v2\/product\/2552","targetHints":{"allow":["GET"]}}],"collection":[{"href":"https:\/\/www.chenonceau.com\/en\/wp-json\/wp\/v2\/product"}],"about":[{"href":"https:\/\/www.chenonceau.com\/en\/wp-json\/wp\/v2\/types\/product"}],"replies":[{"embeddable":true,"href":"https:\/\/www.chenonceau.com\/en\/wp-json\/wp\/v2\/comments?post=2552"}],"wp:featuredmedia":[{"embeddable":true,"href":"https:\/\/www.chenonceau.com\/en\/wp-json\/wp\/v2\/media\/4403"}],"wp:attachment":[{"href":"https:\/\/www.chenonceau.com\/en\/wp-json\/wp\/v2\/media?parent=2552"}],"wp:term":[{"taxonomy":"product_brand","embeddable":true,"href":"https:\/\/www.chenonceau.com\/en\/wp-json\/wp\/v2\/product_brand?post=2552"},{"taxonomy":"product_cat","embeddable":true,"href":"https:\/\/www.chenonceau.com\/en\/wp-json\/wp\/v2\/product_cat?post=2552"},{"taxonomy":"product_tag","embeddable":true,"href":"https:\/\/www.chenonceau.com\/en\/wp-json\/wp\/v2\/product_tag?post=2552"}],"curies":[{"name":"wp","href":"https:\/\/api.w.org\/{rel}","templated":true}]}}