{"id":3178,"date":"2022-12-07T15:14:34","date_gmt":"2022-12-07T14:14:34","guid":{"rendered":"https:\/\/www.chenonceau.com\/?post_type=product&#038;p=3178"},"modified":"2025-04-14T16:06:38","modified_gmt":"2025-04-14T14:06:38","slug":"calendrier-perpetuel-a-planter","status":"publish","type":"product","link":"https:\/\/www.chenonceau.com\/en\/boutique\/souvenirs\/calendrier-perpetuel-a-planter\/","title":{"rendered":"Calendrier perp\u00e9tuel \u00e0 planter"},"content":{"rendered":"<p>Le calendrier est en format A6 (10,5 x 14,8 cm) reli\u00e9 par une ficelle naturelle.\u00a0<\/p>\n<p>Passez la feuille sous un filet d\u2019eau. D\u00e9posez le mois dans un pot, recouvrez-le avec une fine couche de terre d\u2019environ 5mm. Arrosez un peu chaque jour et observez les premi\u00e8res graines germer au bout d\u2019une semaine.<\/p>\n<p>Pour un meilleur r\u00e9sultat, nous vous recommandons de d&#8217;abord planter votre mois dans un petit pot \u00e0 l&#8217;int\u00e9rieur puis de le sortir (et replanter) si la saison le permet (de la mi-mai \u00e0 octobre).<\/p>\n<p>N\u2019oubliez pas de lui apporter beaucoup de lumi\u00e8re, de la chaleur et de l&#8217;eau.<\/p>\n","protected":false},"excerpt":{"rendered":"<p>Avec votre calendrier rempli de graines, ne jetez pas les pages \u00e0 la poubelle mais plantez l\u00e0! De jolies fleurs des champs, des coquelicots, des carottes, des myosotis, de la m\u00e9lisse citronnelle ou m\u00eame de la salade poussera! Les graines contenues par mois sont \u00e0 la derni\u00e8re page du calendrier ensemenc\u00e9 ainsi qu&#8217;un petit mode d&#8217;emploi!\u00a0<\/p>\n","protected":false},"featured_media":3179,"comment_status":"closed","ping_status":"closed","template":"","meta":[],"product_brand":[],"product_cat":[62],"product_tag":[],"class_list":{"0":"post-3178","1":"product","2":"type-product","3":"status-publish","4":"has-post-thumbnail","6":"product_cat-souvenirs","8":"first","9":"instock","10":"shipping-taxable","11":"purchasable","12":"product-type-simple"},"yoast_head":"<!-- This site is optimized with the Yoast SEO plugin v27.3 - https:\/\/yoast.com\/product\/yoast-seo-wordpress\/ -->\n<title>Calendrier perp\u00e9tuel \u00e0 planter - Chenonceau<\/title>\n<meta name=\"robots\" content=\"index, follow, max-snippet:-1, max-image-preview:large, max-video-preview:-1\" \/>\n<link rel=\"canonical\" href=\"https:\/\/www.chenonceau.com\/boutique\/souvenirs\/calendrier-perpetuel-a-planter\/\" \/>\n<meta property=\"og:locale\" content=\"en_US\" \/>\n<meta property=\"og:type\" content=\"article\" \/>\n<meta property=\"og:title\" content=\"Calendrier perp\u00e9tuel \u00e0 planter - Chenonceau\" \/>\n<meta property=\"og:description\" content=\"Avec votre calendrier rempli de graines, ne jetez pas les pages \u00e0 la poubelle mais plantez l\u00e0! De jolies fleurs des champs, des coquelicots, des carottes, des myosotis, de la m\u00e9lisse citronnelle ou m\u00eame de la salade poussera! Les graines contenues par mois sont \u00e0 la derni\u00e8re page du calendrier ensemenc\u00e9 ainsi qu&#039;un petit mode d&#039;emploi!\u00a0\" \/>\n<meta property=\"og:url\" content=\"https:\/\/www.chenonceau.com\/boutique\/souvenirs\/calendrier-perpetuel-a-planter\/\" \/>\n<meta property=\"og:site_name\" content=\"Chenonceau\" \/>\n<meta property=\"article:modified_time\" content=\"2025-04-14T14:06:38+00:00\" \/>\n<meta property=\"og:image\" content=\"https:\/\/www.chenonceau.com\/wp-content\/uploads\/2022\/12\/image00007-scaled.jpeg\" \/>\n\t<meta property=\"og:image:width\" content=\"2560\" \/>\n\t<meta property=\"og:image:height\" content=\"2560\" \/>\n\t<meta property=\"og:image:type\" content=\"image\/jpeg\" \/>\n<meta name=\"twitter:card\" content=\"summary_large_image\" \/>\n<meta name=\"twitter:label1\" content=\"Est. reading time\" \/>\n\t<meta name=\"twitter:data1\" content=\"1 minute\" \/>\n<script type=\"application\/ld+json\" class=\"yoast-schema-graph\">{\"@context\":\"https:\\\/\\\/schema.org\",\"@graph\":[{\"@type\":\"WebPage\",\"@id\":\"https:\\\/\\\/www.chenonceau.com\\\/boutique\\\/souvenirs\\\/calendrier-perpetuel-a-planter\\\/\",\"url\":\"https:\\\/\\\/www.chenonceau.com\\\/boutique\\\/souvenirs\\\/calendrier-perpetuel-a-planter\\\/\",\"name\":\"Calendrier perp\u00e9tuel \u00e0 planter - Chenonceau\",\"isPartOf\":{\"@id\":\"https:\\\/\\\/www.chenonceau.com\\\/#website\"},\"primaryImageOfPage\":{\"@id\":\"https:\\\/\\\/www.chenonceau.com\\\/boutique\\\/souvenirs\\\/calendrier-perpetuel-a-planter\\\/#primaryimage\"},\"image\":{\"@id\":\"https:\\\/\\\/www.chenonceau.com\\\/boutique\\\/souvenirs\\\/calendrier-perpetuel-a-planter\\\/#primaryimage\"},\"thumbnailUrl\":\"https:\\\/\\\/www.chenonceau.com\\\/wp-content\\\/uploads\\\/2022\\\/12\\\/image00007-scaled.jpeg\",\"datePublished\":\"2022-12-07T14:14:34+00:00\",\"dateModified\":\"2025-04-14T14:06:38+00:00\",\"breadcrumb\":{\"@id\":\"https:\\\/\\\/www.chenonceau.com\\\/boutique\\\/souvenirs\\\/calendrier-perpetuel-a-planter\\\/#breadcrumb\"},\"inLanguage\":\"en-US\",\"potentialAction\":[{\"@type\":\"ReadAction\",\"target\":[\"https:\\\/\\\/www.chenonceau.com\\\/boutique\\\/souvenirs\\\/calendrier-perpetuel-a-planter\\\/\"]}]},{\"@type\":\"ImageObject\",\"inLanguage\":\"en-US\",\"@id\":\"https:\\\/\\\/www.chenonceau.com\\\/boutique\\\/souvenirs\\\/calendrier-perpetuel-a-planter\\\/#primaryimage\",\"url\":\"https:\\\/\\\/www.chenonceau.com\\\/wp-content\\\/uploads\\\/2022\\\/12\\\/image00007-scaled.jpeg\",\"contentUrl\":\"https:\\\/\\\/www.chenonceau.com\\\/wp-content\\\/uploads\\\/2022\\\/12\\\/image00007-scaled.jpeg\",\"width\":2560,\"height\":2560},{\"@type\":\"BreadcrumbList\",\"@id\":\"https:\\\/\\\/www.chenonceau.com\\\/boutique\\\/souvenirs\\\/calendrier-perpetuel-a-planter\\\/#breadcrumb\",\"itemListElement\":[{\"@type\":\"ListItem\",\"position\":1,\"name\":\"Accueil\",\"item\":\"https:\\\/\\\/www.chenonceau.com\\\/en\\\/\"},{\"@type\":\"ListItem\",\"position\":2,\"name\":\"Boutique\",\"item\":\"https:\\\/\\\/www.chenonceau.com\\\/boutique\\\/\"},{\"@type\":\"ListItem\",\"position\":3,\"name\":\"Calendrier perp\u00e9tuel \u00e0 planter\"}]},{\"@type\":\"WebSite\",\"@id\":\"https:\\\/\\\/www.chenonceau.com\\\/#website\",\"url\":\"https:\\\/\\\/www.chenonceau.com\\\/\",\"name\":\"Chenonceau\",\"description\":\"\",\"publisher\":{\"@id\":\"https:\\\/\\\/www.chenonceau.com\\\/#organization\"},\"potentialAction\":[{\"@type\":\"SearchAction\",\"target\":{\"@type\":\"EntryPoint\",\"urlTemplate\":\"https:\\\/\\\/www.chenonceau.com\\\/?s={search_term_string}\"},\"query-input\":{\"@type\":\"PropertyValueSpecification\",\"valueRequired\":true,\"valueName\":\"search_term_string\"}}],\"inLanguage\":\"en-US\"},{\"@type\":\"Organization\",\"@id\":\"https:\\\/\\\/www.chenonceau.com\\\/#organization\",\"name\":\"Ch\u00e2teau de Chenonceau\",\"url\":\"https:\\\/\\\/www.chenonceau.com\\\/\",\"logo\":{\"@type\":\"ImageObject\",\"inLanguage\":\"en-US\",\"@id\":\"https:\\\/\\\/www.chenonceau.com\\\/#\\\/schema\\\/logo\\\/image\\\/\",\"url\":\"https:\\\/\\\/www.chenonceau.com\\\/wp-content\\\/uploads\\\/2014\\\/12\\\/cropped-logo_bas_page.png\",\"contentUrl\":\"https:\\\/\\\/www.chenonceau.com\\\/wp-content\\\/uploads\\\/2014\\\/12\\\/cropped-logo_bas_page.png\",\"width\":512,\"height\":512,\"caption\":\"Ch\u00e2teau de Chenonceau\"},\"image\":{\"@id\":\"https:\\\/\\\/www.chenonceau.com\\\/#\\\/schema\\\/logo\\\/image\\\/\"}}]}<\/script>\n<!-- \/ Yoast SEO plugin. -->","yoast_head_json":{"title":"Calendrier perp\u00e9tuel \u00e0 planter - Chenonceau","robots":{"index":"index","follow":"follow","max-snippet":"max-snippet:-1","max-image-preview":"max-image-preview:large","max-video-preview":"max-video-preview:-1"},"canonical":"https:\/\/www.chenonceau.com\/boutique\/souvenirs\/calendrier-perpetuel-a-planter\/","og_locale":"en_US","og_type":"article","og_title":"Calendrier perp\u00e9tuel \u00e0 planter - Chenonceau","og_description":"Avec votre calendrier rempli de graines, ne jetez pas les pages \u00e0 la poubelle mais plantez l\u00e0! De jolies fleurs des champs, des coquelicots, des carottes, des myosotis, de la m\u00e9lisse citronnelle ou m\u00eame de la salade poussera! Les graines contenues par mois sont \u00e0 la derni\u00e8re page du calendrier ensemenc\u00e9 ainsi qu'un petit mode d'emploi!\u00a0","og_url":"https:\/\/www.chenonceau.com\/boutique\/souvenirs\/calendrier-perpetuel-a-planter\/","og_site_name":"Chenonceau","article_modified_time":"2025-04-14T14:06:38+00:00","og_image":[{"width":2560,"height":2560,"url":"https:\/\/www.chenonceau.com\/wp-content\/uploads\/2022\/12\/image00007-scaled.jpeg","type":"image\/jpeg"}],"twitter_card":"summary_large_image","twitter_misc":{"Est. reading time":"1 minute"},"schema":{"@context":"https:\/\/schema.org","@graph":[{"@type":"WebPage","@id":"https:\/\/www.chenonceau.com\/boutique\/souvenirs\/calendrier-perpetuel-a-planter\/","url":"https:\/\/www.chenonceau.com\/boutique\/souvenirs\/calendrier-perpetuel-a-planter\/","name":"Calendrier perp\u00e9tuel \u00e0 planter - Chenonceau","isPartOf":{"@id":"https:\/\/www.chenonceau.com\/#website"},"primaryImageOfPage":{"@id":"https:\/\/www.chenonceau.com\/boutique\/souvenirs\/calendrier-perpetuel-a-planter\/#primaryimage"},"image":{"@id":"https:\/\/www.chenonceau.com\/boutique\/souvenirs\/calendrier-perpetuel-a-planter\/#primaryimage"},"thumbnailUrl":"https:\/\/www.chenonceau.com\/wp-content\/uploads\/2022\/12\/image00007-scaled.jpeg","datePublished":"2022-12-07T14:14:34+00:00","dateModified":"2025-04-14T14:06:38+00:00","breadcrumb":{"@id":"https:\/\/www.chenonceau.com\/boutique\/souvenirs\/calendrier-perpetuel-a-planter\/#breadcrumb"},"inLanguage":"en-US","potentialAction":[{"@type":"ReadAction","target":["https:\/\/www.chenonceau.com\/boutique\/souvenirs\/calendrier-perpetuel-a-planter\/"]}]},{"@type":"ImageObject","inLanguage":"en-US","@id":"https:\/\/www.chenonceau.com\/boutique\/souvenirs\/calendrier-perpetuel-a-planter\/#primaryimage","url":"https:\/\/www.chenonceau.com\/wp-content\/uploads\/2022\/12\/image00007-scaled.jpeg","contentUrl":"https:\/\/www.chenonceau.com\/wp-content\/uploads\/2022\/12\/image00007-scaled.jpeg","width":2560,"height":2560},{"@type":"BreadcrumbList","@id":"https:\/\/www.chenonceau.com\/boutique\/souvenirs\/calendrier-perpetuel-a-planter\/#breadcrumb","itemListElement":[{"@type":"ListItem","position":1,"name":"Accueil","item":"https:\/\/www.chenonceau.com\/en\/"},{"@type":"ListItem","position":2,"name":"Boutique","item":"https:\/\/www.chenonceau.com\/boutique\/"},{"@type":"ListItem","position":3,"name":"Calendrier perp\u00e9tuel \u00e0 planter"}]},{"@type":"WebSite","@id":"https:\/\/www.chenonceau.com\/#website","url":"https:\/\/www.chenonceau.com\/","name":"Chenonceau","description":"","publisher":{"@id":"https:\/\/www.chenonceau.com\/#organization"},"potentialAction":[{"@type":"SearchAction","target":{"@type":"EntryPoint","urlTemplate":"https:\/\/www.chenonceau.com\/?s={search_term_string}"},"query-input":{"@type":"PropertyValueSpecification","valueRequired":true,"valueName":"search_term_string"}}],"inLanguage":"en-US"},{"@type":"Organization","@id":"https:\/\/www.chenonceau.com\/#organization","name":"Ch\u00e2teau de Chenonceau","url":"https:\/\/www.chenonceau.com\/","logo":{"@type":"ImageObject","inLanguage":"en-US","@id":"https:\/\/www.chenonceau.com\/#\/schema\/logo\/image\/","url":"https:\/\/www.chenonceau.com\/wp-content\/uploads\/2014\/12\/cropped-logo_bas_page.png","contentUrl":"https:\/\/www.chenonceau.com\/wp-content\/uploads\/2014\/12\/cropped-logo_bas_page.png","width":512,"height":512,"caption":"Ch\u00e2teau de Chenonceau"},"image":{"@id":"https:\/\/www.chenonceau.com\/#\/schema\/logo\/image\/"}}]}},"_links":{"self":[{"href":"https:\/\/www.chenonceau.com\/en\/wp-json\/wp\/v2\/product\/3178","targetHints":{"allow":["GET"]}}],"collection":[{"href":"https:\/\/www.chenonceau.com\/en\/wp-json\/wp\/v2\/product"}],"about":[{"href":"https:\/\/www.chenonceau.com\/en\/wp-json\/wp\/v2\/types\/product"}],"replies":[{"embeddable":true,"href":"https:\/\/www.chenonceau.com\/en\/wp-json\/wp\/v2\/comments?post=3178"}],"wp:featuredmedia":[{"embeddable":true,"href":"https:\/\/www.chenonceau.com\/en\/wp-json\/wp\/v2\/media\/3179"}],"wp:attachment":[{"href":"https:\/\/www.chenonceau.com\/en\/wp-json\/wp\/v2\/media?parent=3178"}],"wp:term":[{"taxonomy":"product_brand","embeddable":true,"href":"https:\/\/www.chenonceau.com\/en\/wp-json\/wp\/v2\/product_brand?post=3178"},{"taxonomy":"product_cat","embeddable":true,"href":"https:\/\/www.chenonceau.com\/en\/wp-json\/wp\/v2\/product_cat?post=3178"},{"taxonomy":"product_tag","embeddable":true,"href":"https:\/\/www.chenonceau.com\/en\/wp-json\/wp\/v2\/product_tag?post=3178"}],"curies":[{"name":"wp","href":"https:\/\/api.w.org\/{rel}","templated":true}]}}