{"id":3471,"date":"2023-03-20T10:44:38","date_gmt":"2023-03-20T09:44:38","guid":{"rendered":"https:\/\/www.chenonceau.com\/?post_type=product&#038;p=3471"},"modified":"2025-11-26T09:23:10","modified_gmt":"2025-11-26T08:23:10","slug":"the-catherine-de-medicis","status":"publish","type":"product","link":"https:\/\/www.chenonceau.com\/en\/boutique\/catherine-de-medicis\/the-catherine-de-medicis\/","title":{"rendered":"Th\u00e9 Catherine de M\u00e9dicis"},"content":{"rendered":"<p>Th\u00e9 noir origine Chine, morceaux de figue, ar\u00f4me naturel de figue<\/p>\n<p>1 cuill\u00e8re \u00e0 caf\u00e9 par tasse<\/p>\n<p>eau \u00e0 85 \u00b0, infuser 4 \u00e0 5 minutes<\/p>\n<p>75g<\/p>\n<p>&nbsp;<\/p>\n<p>&nbsp;<\/p>\n","protected":false},"excerpt":{"rendered":"<p>Quand la reine Catherine de M\u00e9dicis prend possession de Chenonceau, ses am\u00e9nagements sont \u00e0 la fois ornementaux et pratiques. Elle augmente les plantations de m\u00fbriers, \u00e9tablit une magnanerie et une filature, pour la soie. Dans les jardins, elle installe des voli\u00e8res d&#8217;oiseaux rares et acclimate plantes, arbres, fruits et l\u00e9gumes de se Toscane natale&#8230;qui y prosp\u00e8rent!<\/p>\n<p>&nbsp;<\/p>\n","protected":false},"featured_media":3472,"comment_status":"closed","ping_status":"closed","template":"","meta":[],"product_brand":[],"product_cat":[64,66],"product_tag":[],"class_list":{"0":"post-3471","1":"product","2":"type-product","3":"status-publish","4":"has-post-thumbnail","6":"product_cat-catherine-de-medicis","7":"product_cat-epicerie","9":"first","10":"instock","11":"shipping-taxable","12":"purchasable","13":"product-type-simple"},"yoast_head":"<!-- This site is optimized with the Yoast SEO plugin v27.3 - https:\/\/yoast.com\/product\/yoast-seo-wordpress\/ -->\n<title>Th\u00e9 Catherine de M\u00e9dicis - Chenonceau<\/title>\n<meta name=\"robots\" content=\"index, follow, max-snippet:-1, max-image-preview:large, max-video-preview:-1\" \/>\n<link rel=\"canonical\" href=\"https:\/\/www.chenonceau.com\/boutique\/catherine-de-medicis\/the-catherine-de-medicis\/\" \/>\n<meta property=\"og:locale\" content=\"en_US\" \/>\n<meta property=\"og:type\" content=\"article\" \/>\n<meta property=\"og:title\" content=\"Th\u00e9 Catherine de M\u00e9dicis - Chenonceau\" \/>\n<meta property=\"og:description\" content=\"Quand la reine Catherine de M\u00e9dicis prend possession de Chenonceau, ses am\u00e9nagements sont \u00e0 la fois ornementaux et pratiques. Elle augmente les plantations de m\u00fbriers, \u00e9tablit une magnanerie et une filature, pour la soie. Dans les jardins, elle installe des voli\u00e8res d&#039;oiseaux rares et acclimate plantes, arbres, fruits et l\u00e9gumes de se Toscane natale...qui y prosp\u00e8rent!&nbsp;\" \/>\n<meta property=\"og:url\" content=\"https:\/\/www.chenonceau.com\/boutique\/catherine-de-medicis\/the-catherine-de-medicis\/\" \/>\n<meta property=\"og:site_name\" content=\"Chenonceau\" \/>\n<meta property=\"article:modified_time\" content=\"2025-11-26T08:23:10+00:00\" \/>\n<meta property=\"og:image\" content=\"https:\/\/www.chenonceau.com\/wp-content\/uploads\/2023\/03\/the-scaled.jpg\" \/>\n\t<meta property=\"og:image:width\" content=\"2560\" \/>\n\t<meta property=\"og:image:height\" content=\"2560\" \/>\n\t<meta property=\"og:image:type\" content=\"image\/jpeg\" \/>\n<meta name=\"twitter:card\" content=\"summary_large_image\" \/>\n<meta name=\"twitter:label1\" content=\"Est. reading time\" \/>\n\t<meta name=\"twitter:data1\" content=\"1 minute\" \/>\n<script type=\"application\/ld+json\" class=\"yoast-schema-graph\">{\"@context\":\"https:\\\/\\\/schema.org\",\"@graph\":[{\"@type\":\"WebPage\",\"@id\":\"https:\\\/\\\/www.chenonceau.com\\\/boutique\\\/catherine-de-medicis\\\/the-catherine-de-medicis\\\/\",\"url\":\"https:\\\/\\\/www.chenonceau.com\\\/boutique\\\/catherine-de-medicis\\\/the-catherine-de-medicis\\\/\",\"name\":\"Th\u00e9 Catherine de M\u00e9dicis - Chenonceau\",\"isPartOf\":{\"@id\":\"https:\\\/\\\/www.chenonceau.com\\\/#website\"},\"primaryImageOfPage\":{\"@id\":\"https:\\\/\\\/www.chenonceau.com\\\/boutique\\\/catherine-de-medicis\\\/the-catherine-de-medicis\\\/#primaryimage\"},\"image\":{\"@id\":\"https:\\\/\\\/www.chenonceau.com\\\/boutique\\\/catherine-de-medicis\\\/the-catherine-de-medicis\\\/#primaryimage\"},\"thumbnailUrl\":\"https:\\\/\\\/www.chenonceau.com\\\/wp-content\\\/uploads\\\/2023\\\/03\\\/the-scaled.jpg\",\"datePublished\":\"2023-03-20T09:44:38+00:00\",\"dateModified\":\"2025-11-26T08:23:10+00:00\",\"breadcrumb\":{\"@id\":\"https:\\\/\\\/www.chenonceau.com\\\/boutique\\\/catherine-de-medicis\\\/the-catherine-de-medicis\\\/#breadcrumb\"},\"inLanguage\":\"en-US\",\"potentialAction\":[{\"@type\":\"ReadAction\",\"target\":[\"https:\\\/\\\/www.chenonceau.com\\\/boutique\\\/catherine-de-medicis\\\/the-catherine-de-medicis\\\/\"]}]},{\"@type\":\"ImageObject\",\"inLanguage\":\"en-US\",\"@id\":\"https:\\\/\\\/www.chenonceau.com\\\/boutique\\\/catherine-de-medicis\\\/the-catherine-de-medicis\\\/#primaryimage\",\"url\":\"https:\\\/\\\/www.chenonceau.com\\\/wp-content\\\/uploads\\\/2023\\\/03\\\/the-scaled.jpg\",\"contentUrl\":\"https:\\\/\\\/www.chenonceau.com\\\/wp-content\\\/uploads\\\/2023\\\/03\\\/the-scaled.jpg\",\"width\":2560,\"height\":2560},{\"@type\":\"BreadcrumbList\",\"@id\":\"https:\\\/\\\/www.chenonceau.com\\\/boutique\\\/catherine-de-medicis\\\/the-catherine-de-medicis\\\/#breadcrumb\",\"itemListElement\":[{\"@type\":\"ListItem\",\"position\":1,\"name\":\"Accueil\",\"item\":\"https:\\\/\\\/www.chenonceau.com\\\/en\\\/\"},{\"@type\":\"ListItem\",\"position\":2,\"name\":\"Boutique\",\"item\":\"https:\\\/\\\/www.chenonceau.com\\\/boutique\\\/\"},{\"@type\":\"ListItem\",\"position\":3,\"name\":\"Th\u00e9 Catherine de M\u00e9dicis\"}]},{\"@type\":\"WebSite\",\"@id\":\"https:\\\/\\\/www.chenonceau.com\\\/#website\",\"url\":\"https:\\\/\\\/www.chenonceau.com\\\/\",\"name\":\"Chenonceau\",\"description\":\"\",\"publisher\":{\"@id\":\"https:\\\/\\\/www.chenonceau.com\\\/#organization\"},\"potentialAction\":[{\"@type\":\"SearchAction\",\"target\":{\"@type\":\"EntryPoint\",\"urlTemplate\":\"https:\\\/\\\/www.chenonceau.com\\\/?s={search_term_string}\"},\"query-input\":{\"@type\":\"PropertyValueSpecification\",\"valueRequired\":true,\"valueName\":\"search_term_string\"}}],\"inLanguage\":\"en-US\"},{\"@type\":\"Organization\",\"@id\":\"https:\\\/\\\/www.chenonceau.com\\\/#organization\",\"name\":\"Ch\u00e2teau de Chenonceau\",\"url\":\"https:\\\/\\\/www.chenonceau.com\\\/\",\"logo\":{\"@type\":\"ImageObject\",\"inLanguage\":\"en-US\",\"@id\":\"https:\\\/\\\/www.chenonceau.com\\\/#\\\/schema\\\/logo\\\/image\\\/\",\"url\":\"https:\\\/\\\/www.chenonceau.com\\\/wp-content\\\/uploads\\\/2014\\\/12\\\/cropped-logo_bas_page.png\",\"contentUrl\":\"https:\\\/\\\/www.chenonceau.com\\\/wp-content\\\/uploads\\\/2014\\\/12\\\/cropped-logo_bas_page.png\",\"width\":512,\"height\":512,\"caption\":\"Ch\u00e2teau de Chenonceau\"},\"image\":{\"@id\":\"https:\\\/\\\/www.chenonceau.com\\\/#\\\/schema\\\/logo\\\/image\\\/\"}}]}<\/script>\n<!-- \/ Yoast SEO plugin. -->","yoast_head_json":{"title":"Th\u00e9 Catherine de M\u00e9dicis - Chenonceau","robots":{"index":"index","follow":"follow","max-snippet":"max-snippet:-1","max-image-preview":"max-image-preview:large","max-video-preview":"max-video-preview:-1"},"canonical":"https:\/\/www.chenonceau.com\/boutique\/catherine-de-medicis\/the-catherine-de-medicis\/","og_locale":"en_US","og_type":"article","og_title":"Th\u00e9 Catherine de M\u00e9dicis - Chenonceau","og_description":"Quand la reine Catherine de M\u00e9dicis prend possession de Chenonceau, ses am\u00e9nagements sont \u00e0 la fois ornementaux et pratiques. Elle augmente les plantations de m\u00fbriers, \u00e9tablit une magnanerie et une filature, pour la soie. Dans les jardins, elle installe des voli\u00e8res d'oiseaux rares et acclimate plantes, arbres, fruits et l\u00e9gumes de se Toscane natale...qui y prosp\u00e8rent!&nbsp;","og_url":"https:\/\/www.chenonceau.com\/boutique\/catherine-de-medicis\/the-catherine-de-medicis\/","og_site_name":"Chenonceau","article_modified_time":"2025-11-26T08:23:10+00:00","og_image":[{"width":2560,"height":2560,"url":"https:\/\/www.chenonceau.com\/wp-content\/uploads\/2023\/03\/the-scaled.jpg","type":"image\/jpeg"}],"twitter_card":"summary_large_image","twitter_misc":{"Est. reading time":"1 minute"},"schema":{"@context":"https:\/\/schema.org","@graph":[{"@type":"WebPage","@id":"https:\/\/www.chenonceau.com\/boutique\/catherine-de-medicis\/the-catherine-de-medicis\/","url":"https:\/\/www.chenonceau.com\/boutique\/catherine-de-medicis\/the-catherine-de-medicis\/","name":"Th\u00e9 Catherine de M\u00e9dicis - Chenonceau","isPartOf":{"@id":"https:\/\/www.chenonceau.com\/#website"},"primaryImageOfPage":{"@id":"https:\/\/www.chenonceau.com\/boutique\/catherine-de-medicis\/the-catherine-de-medicis\/#primaryimage"},"image":{"@id":"https:\/\/www.chenonceau.com\/boutique\/catherine-de-medicis\/the-catherine-de-medicis\/#primaryimage"},"thumbnailUrl":"https:\/\/www.chenonceau.com\/wp-content\/uploads\/2023\/03\/the-scaled.jpg","datePublished":"2023-03-20T09:44:38+00:00","dateModified":"2025-11-26T08:23:10+00:00","breadcrumb":{"@id":"https:\/\/www.chenonceau.com\/boutique\/catherine-de-medicis\/the-catherine-de-medicis\/#breadcrumb"},"inLanguage":"en-US","potentialAction":[{"@type":"ReadAction","target":["https:\/\/www.chenonceau.com\/boutique\/catherine-de-medicis\/the-catherine-de-medicis\/"]}]},{"@type":"ImageObject","inLanguage":"en-US","@id":"https:\/\/www.chenonceau.com\/boutique\/catherine-de-medicis\/the-catherine-de-medicis\/#primaryimage","url":"https:\/\/www.chenonceau.com\/wp-content\/uploads\/2023\/03\/the-scaled.jpg","contentUrl":"https:\/\/www.chenonceau.com\/wp-content\/uploads\/2023\/03\/the-scaled.jpg","width":2560,"height":2560},{"@type":"BreadcrumbList","@id":"https:\/\/www.chenonceau.com\/boutique\/catherine-de-medicis\/the-catherine-de-medicis\/#breadcrumb","itemListElement":[{"@type":"ListItem","position":1,"name":"Accueil","item":"https:\/\/www.chenonceau.com\/en\/"},{"@type":"ListItem","position":2,"name":"Boutique","item":"https:\/\/www.chenonceau.com\/boutique\/"},{"@type":"ListItem","position":3,"name":"Th\u00e9 Catherine de M\u00e9dicis"}]},{"@type":"WebSite","@id":"https:\/\/www.chenonceau.com\/#website","url":"https:\/\/www.chenonceau.com\/","name":"Chenonceau","description":"","publisher":{"@id":"https:\/\/www.chenonceau.com\/#organization"},"potentialAction":[{"@type":"SearchAction","target":{"@type":"EntryPoint","urlTemplate":"https:\/\/www.chenonceau.com\/?s={search_term_string}"},"query-input":{"@type":"PropertyValueSpecification","valueRequired":true,"valueName":"search_term_string"}}],"inLanguage":"en-US"},{"@type":"Organization","@id":"https:\/\/www.chenonceau.com\/#organization","name":"Ch\u00e2teau de Chenonceau","url":"https:\/\/www.chenonceau.com\/","logo":{"@type":"ImageObject","inLanguage":"en-US","@id":"https:\/\/www.chenonceau.com\/#\/schema\/logo\/image\/","url":"https:\/\/www.chenonceau.com\/wp-content\/uploads\/2014\/12\/cropped-logo_bas_page.png","contentUrl":"https:\/\/www.chenonceau.com\/wp-content\/uploads\/2014\/12\/cropped-logo_bas_page.png","width":512,"height":512,"caption":"Ch\u00e2teau de Chenonceau"},"image":{"@id":"https:\/\/www.chenonceau.com\/#\/schema\/logo\/image\/"}}]}},"_links":{"self":[{"href":"https:\/\/www.chenonceau.com\/en\/wp-json\/wp\/v2\/product\/3471","targetHints":{"allow":["GET"]}}],"collection":[{"href":"https:\/\/www.chenonceau.com\/en\/wp-json\/wp\/v2\/product"}],"about":[{"href":"https:\/\/www.chenonceau.com\/en\/wp-json\/wp\/v2\/types\/product"}],"replies":[{"embeddable":true,"href":"https:\/\/www.chenonceau.com\/en\/wp-json\/wp\/v2\/comments?post=3471"}],"wp:featuredmedia":[{"embeddable":true,"href":"https:\/\/www.chenonceau.com\/en\/wp-json\/wp\/v2\/media\/3472"}],"wp:attachment":[{"href":"https:\/\/www.chenonceau.com\/en\/wp-json\/wp\/v2\/media?parent=3471"}],"wp:term":[{"taxonomy":"product_brand","embeddable":true,"href":"https:\/\/www.chenonceau.com\/en\/wp-json\/wp\/v2\/product_brand?post=3471"},{"taxonomy":"product_cat","embeddable":true,"href":"https:\/\/www.chenonceau.com\/en\/wp-json\/wp\/v2\/product_cat?post=3471"},{"taxonomy":"product_tag","embeddable":true,"href":"https:\/\/www.chenonceau.com\/en\/wp-json\/wp\/v2\/product_tag?post=3471"}],"curies":[{"name":"wp","href":"https:\/\/api.w.org\/{rel}","templated":true}]}}