{"id":3474,"date":"2023-03-20T10:52:35","date_gmt":"2023-03-20T09:52:35","guid":{"rendered":"https:\/\/www.chenonceau.com\/?post_type=product&#038;p=3474"},"modified":"2025-09-04T15:41:52","modified_gmt":"2025-09-04T13:41:52","slug":"catherine-de-medicis","status":"publish","type":"product","link":"https:\/\/www.chenonceau.com\/en\/boutique\/librairie\/catherine-de-medicis\/","title":{"rendered":"Catherine de M\u00e9dicis"},"content":{"rendered":"<div class=\"a-section a-spacing-small a-padding-base\">\n<h3>Biographie de l&#8217;auteur<\/h3>\n<div class=\"a-section a-spacing-small a-padding-small\">C\u00e9line Borello est professeure \u00e0 l&#8217;universit\u00e9 du Mans. Historienne du protestantisme de l&#8217;\u00e9poque moderne, elle est notamment l&#8217;auteure de Protestants de Provence au XVIIIe si\u00e8cle (Champion, 2004) et de La R\u00e9publique en chaire protestante (PUR, 2017).<\/div>\n<\/div>\n","protected":false},"excerpt":{"rendered":"<p>Issue de la puissante et c\u00e9l\u00e8bre famille de banquiers florentins, Catherine de M\u00e9dicis entre dans la maison des Valois par son mariage avec Henri de France, fils de Fran\u00e7ois Ier. Son veuvage en 1559 la lie jusqu&#8217;\u00e0 sa mort, en 1589, aux \u00e9v\u00e9nements les plus marquants de l&#8217;histoire du royaume. Reine de France, r\u00e9gente et m\u00e8re de monarques, la place qu&#8217;elle occupe sur l&#8217;\u00e9chiquier politique du royaume est in\u00e9dite. Dans ces temps particuli\u00e8rement troubl\u00e9s, alors que les guerres de Religion secouent la France, Catherine de M\u00e9dicis tente une politique d&#8217;apaisement entre catholiques et protestants. Elle est aussi l&#8217;une des plus grandes m\u00e9c\u00e8nes de son temps. Et pourtant, elle attire de nombreuses haines. Les romanciers ont contribu\u00e9 \u00e0 la discr\u00e9diter et les historiens ne l&#8217;ont gu\u00e8re mieux pr\u00e9sent\u00e9e, \u00e0 l&#8217;instar de Michelet qui la nomme \u00ab l&#8217;immonde J\u00e9zabel \u00bb dans son Histoire de France. La vie de Catherine de M\u00e9dicis, riche tant d&#8217;un point de vue politique que culturel, a aliment\u00e9 nombre de rumeurs et de fantasmes, cr\u00e9ant ainsi une v\u00e9ritable \u00ab l\u00e9gende noire \u00bb. La biographie que lui consacre C\u00e9line Borello r\u00e9tablit une v\u00e9rit\u00e9 historique bien plus complexe et nuanc\u00e9e.<\/p>\n","protected":false},"featured_media":3475,"comment_status":"closed","ping_status":"closed","template":"","meta":[],"product_brand":[],"product_cat":[64,46],"product_tag":[],"class_list":{"0":"post-3474","1":"product","2":"type-product","3":"status-publish","4":"has-post-thumbnail","6":"product_cat-catherine-de-medicis","7":"product_cat-librairie","9":"first","10":"instock","11":"shipping-taxable","12":"purchasable","13":"product-type-simple"},"yoast_head":"<!-- This site is optimized with the Yoast SEO plugin v27.3 - https:\/\/yoast.com\/product\/yoast-seo-wordpress\/ -->\n<title>Catherine de M\u00e9dicis - Chenonceau<\/title>\n<meta name=\"robots\" content=\"index, follow, max-snippet:-1, max-image-preview:large, max-video-preview:-1\" \/>\n<link rel=\"canonical\" href=\"https:\/\/www.chenonceau.com\/boutique\/librairie\/catherine-de-medicis\/\" \/>\n<meta property=\"og:locale\" content=\"en_US\" \/>\n<meta property=\"og:type\" content=\"article\" \/>\n<meta property=\"og:title\" content=\"Catherine de M\u00e9dicis - Chenonceau\" \/>\n<meta property=\"og:description\" content=\"Issue de la puissante et c\u00e9l\u00e8bre famille de banquiers florentins, Catherine de M\u00e9dicis entre dans la maison des Valois par son mariage avec Henri de France, fils de Fran\u00e7ois Ier. Son veuvage en 1559 la lie jusqu&#039;\u00e0 sa mort, en 1589, aux \u00e9v\u00e9nements les plus marquants de l&#039;histoire du royaume. Reine de France, r\u00e9gente et m\u00e8re de monarques, la place qu&#039;elle occupe sur l&#039;\u00e9chiquier politique du royaume est in\u00e9dite. Dans ces temps particuli\u00e8rement troubl\u00e9s, alors que les guerres de Religion secouent la France, Catherine de M\u00e9dicis tente une politique d&#039;apaisement entre catholiques et protestants. Elle est aussi l&#039;une des plus grandes m\u00e9c\u00e8nes de son temps. Et pourtant, elle attire de nombreuses haines. Les romanciers ont contribu\u00e9 \u00e0 la discr\u00e9diter et les historiens ne l&#039;ont gu\u00e8re mieux pr\u00e9sent\u00e9e, \u00e0 l&#039;instar de Michelet qui la nomme \u00ab l&#039;immonde J\u00e9zabel \u00bb dans son Histoire de France. La vie de Catherine de M\u00e9dicis, riche tant d&#039;un point de vue politique que culturel, a aliment\u00e9 nombre de rumeurs et de fantasmes, cr\u00e9ant ainsi une v\u00e9ritable \u00ab l\u00e9gende noire \u00bb. La biographie que lui consacre C\u00e9line Borello r\u00e9tablit une v\u00e9rit\u00e9 historique bien plus complexe et nuanc\u00e9e.\" \/>\n<meta property=\"og:url\" content=\"https:\/\/www.chenonceau.com\/boutique\/librairie\/catherine-de-medicis\/\" \/>\n<meta property=\"og:site_name\" content=\"Chenonceau\" \/>\n<meta property=\"article:modified_time\" content=\"2025-09-04T13:41:52+00:00\" \/>\n<meta property=\"og:image\" content=\"https:\/\/www.chenonceau.com\/wp-content\/uploads\/2023\/03\/Catherine-de-Medicis.jpg\" \/>\n\t<meta property=\"og:image:width\" content=\"340\" \/>\n\t<meta property=\"og:image:height\" content=\"340\" \/>\n\t<meta property=\"og:image:type\" content=\"image\/jpeg\" \/>\n<meta name=\"twitter:card\" content=\"summary_large_image\" \/>\n<meta name=\"twitter:label1\" content=\"Est. reading time\" \/>\n\t<meta name=\"twitter:data1\" content=\"1 minute\" \/>\n<script type=\"application\/ld+json\" class=\"yoast-schema-graph\">{\"@context\":\"https:\\\/\\\/schema.org\",\"@graph\":[{\"@type\":\"WebPage\",\"@id\":\"https:\\\/\\\/www.chenonceau.com\\\/boutique\\\/librairie\\\/catherine-de-medicis\\\/\",\"url\":\"https:\\\/\\\/www.chenonceau.com\\\/boutique\\\/librairie\\\/catherine-de-medicis\\\/\",\"name\":\"Catherine de M\u00e9dicis - Chenonceau\",\"isPartOf\":{\"@id\":\"https:\\\/\\\/www.chenonceau.com\\\/#website\"},\"primaryImageOfPage\":{\"@id\":\"https:\\\/\\\/www.chenonceau.com\\\/boutique\\\/librairie\\\/catherine-de-medicis\\\/#primaryimage\"},\"image\":{\"@id\":\"https:\\\/\\\/www.chenonceau.com\\\/boutique\\\/librairie\\\/catherine-de-medicis\\\/#primaryimage\"},\"thumbnailUrl\":\"https:\\\/\\\/www.chenonceau.com\\\/wp-content\\\/uploads\\\/2023\\\/03\\\/Catherine-de-Medicis.jpg\",\"datePublished\":\"2023-03-20T09:52:35+00:00\",\"dateModified\":\"2025-09-04T13:41:52+00:00\",\"breadcrumb\":{\"@id\":\"https:\\\/\\\/www.chenonceau.com\\\/boutique\\\/librairie\\\/catherine-de-medicis\\\/#breadcrumb\"},\"inLanguage\":\"en-US\",\"potentialAction\":[{\"@type\":\"ReadAction\",\"target\":[\"https:\\\/\\\/www.chenonceau.com\\\/boutique\\\/librairie\\\/catherine-de-medicis\\\/\"]}]},{\"@type\":\"ImageObject\",\"inLanguage\":\"en-US\",\"@id\":\"https:\\\/\\\/www.chenonceau.com\\\/boutique\\\/librairie\\\/catherine-de-medicis\\\/#primaryimage\",\"url\":\"https:\\\/\\\/www.chenonceau.com\\\/wp-content\\\/uploads\\\/2023\\\/03\\\/Catherine-de-Medicis.jpg\",\"contentUrl\":\"https:\\\/\\\/www.chenonceau.com\\\/wp-content\\\/uploads\\\/2023\\\/03\\\/Catherine-de-Medicis.jpg\",\"width\":340,\"height\":340},{\"@type\":\"BreadcrumbList\",\"@id\":\"https:\\\/\\\/www.chenonceau.com\\\/boutique\\\/librairie\\\/catherine-de-medicis\\\/#breadcrumb\",\"itemListElement\":[{\"@type\":\"ListItem\",\"position\":1,\"name\":\"Accueil\",\"item\":\"https:\\\/\\\/www.chenonceau.com\\\/en\\\/\"},{\"@type\":\"ListItem\",\"position\":2,\"name\":\"Boutique\",\"item\":\"https:\\\/\\\/www.chenonceau.com\\\/boutique\\\/\"},{\"@type\":\"ListItem\",\"position\":3,\"name\":\"Catherine de M\u00e9dicis\"}]},{\"@type\":\"WebSite\",\"@id\":\"https:\\\/\\\/www.chenonceau.com\\\/#website\",\"url\":\"https:\\\/\\\/www.chenonceau.com\\\/\",\"name\":\"Chenonceau\",\"description\":\"\",\"publisher\":{\"@id\":\"https:\\\/\\\/www.chenonceau.com\\\/#organization\"},\"potentialAction\":[{\"@type\":\"SearchAction\",\"target\":{\"@type\":\"EntryPoint\",\"urlTemplate\":\"https:\\\/\\\/www.chenonceau.com\\\/?s={search_term_string}\"},\"query-input\":{\"@type\":\"PropertyValueSpecification\",\"valueRequired\":true,\"valueName\":\"search_term_string\"}}],\"inLanguage\":\"en-US\"},{\"@type\":\"Organization\",\"@id\":\"https:\\\/\\\/www.chenonceau.com\\\/#organization\",\"name\":\"Ch\u00e2teau de Chenonceau\",\"url\":\"https:\\\/\\\/www.chenonceau.com\\\/\",\"logo\":{\"@type\":\"ImageObject\",\"inLanguage\":\"en-US\",\"@id\":\"https:\\\/\\\/www.chenonceau.com\\\/#\\\/schema\\\/logo\\\/image\\\/\",\"url\":\"https:\\\/\\\/www.chenonceau.com\\\/wp-content\\\/uploads\\\/2014\\\/12\\\/cropped-logo_bas_page.png\",\"contentUrl\":\"https:\\\/\\\/www.chenonceau.com\\\/wp-content\\\/uploads\\\/2014\\\/12\\\/cropped-logo_bas_page.png\",\"width\":512,\"height\":512,\"caption\":\"Ch\u00e2teau de Chenonceau\"},\"image\":{\"@id\":\"https:\\\/\\\/www.chenonceau.com\\\/#\\\/schema\\\/logo\\\/image\\\/\"}}]}<\/script>\n<!-- \/ Yoast SEO plugin. -->","yoast_head_json":{"title":"Catherine de M\u00e9dicis - Chenonceau","robots":{"index":"index","follow":"follow","max-snippet":"max-snippet:-1","max-image-preview":"max-image-preview:large","max-video-preview":"max-video-preview:-1"},"canonical":"https:\/\/www.chenonceau.com\/boutique\/librairie\/catherine-de-medicis\/","og_locale":"en_US","og_type":"article","og_title":"Catherine de M\u00e9dicis - Chenonceau","og_description":"Issue de la puissante et c\u00e9l\u00e8bre famille de banquiers florentins, Catherine de M\u00e9dicis entre dans la maison des Valois par son mariage avec Henri de France, fils de Fran\u00e7ois Ier. Son veuvage en 1559 la lie jusqu'\u00e0 sa mort, en 1589, aux \u00e9v\u00e9nements les plus marquants de l'histoire du royaume. Reine de France, r\u00e9gente et m\u00e8re de monarques, la place qu'elle occupe sur l'\u00e9chiquier politique du royaume est in\u00e9dite. Dans ces temps particuli\u00e8rement troubl\u00e9s, alors que les guerres de Religion secouent la France, Catherine de M\u00e9dicis tente une politique d'apaisement entre catholiques et protestants. Elle est aussi l'une des plus grandes m\u00e9c\u00e8nes de son temps. Et pourtant, elle attire de nombreuses haines. Les romanciers ont contribu\u00e9 \u00e0 la discr\u00e9diter et les historiens ne l'ont gu\u00e8re mieux pr\u00e9sent\u00e9e, \u00e0 l'instar de Michelet qui la nomme \u00ab l'immonde J\u00e9zabel \u00bb dans son Histoire de France. La vie de Catherine de M\u00e9dicis, riche tant d'un point de vue politique que culturel, a aliment\u00e9 nombre de rumeurs et de fantasmes, cr\u00e9ant ainsi une v\u00e9ritable \u00ab l\u00e9gende noire \u00bb. La biographie que lui consacre C\u00e9line Borello r\u00e9tablit une v\u00e9rit\u00e9 historique bien plus complexe et nuanc\u00e9e.","og_url":"https:\/\/www.chenonceau.com\/boutique\/librairie\/catherine-de-medicis\/","og_site_name":"Chenonceau","article_modified_time":"2025-09-04T13:41:52+00:00","og_image":[{"width":340,"height":340,"url":"https:\/\/www.chenonceau.com\/wp-content\/uploads\/2023\/03\/Catherine-de-Medicis.jpg","type":"image\/jpeg"}],"twitter_card":"summary_large_image","twitter_misc":{"Est. reading time":"1 minute"},"schema":{"@context":"https:\/\/schema.org","@graph":[{"@type":"WebPage","@id":"https:\/\/www.chenonceau.com\/boutique\/librairie\/catherine-de-medicis\/","url":"https:\/\/www.chenonceau.com\/boutique\/librairie\/catherine-de-medicis\/","name":"Catherine de M\u00e9dicis - Chenonceau","isPartOf":{"@id":"https:\/\/www.chenonceau.com\/#website"},"primaryImageOfPage":{"@id":"https:\/\/www.chenonceau.com\/boutique\/librairie\/catherine-de-medicis\/#primaryimage"},"image":{"@id":"https:\/\/www.chenonceau.com\/boutique\/librairie\/catherine-de-medicis\/#primaryimage"},"thumbnailUrl":"https:\/\/www.chenonceau.com\/wp-content\/uploads\/2023\/03\/Catherine-de-Medicis.jpg","datePublished":"2023-03-20T09:52:35+00:00","dateModified":"2025-09-04T13:41:52+00:00","breadcrumb":{"@id":"https:\/\/www.chenonceau.com\/boutique\/librairie\/catherine-de-medicis\/#breadcrumb"},"inLanguage":"en-US","potentialAction":[{"@type":"ReadAction","target":["https:\/\/www.chenonceau.com\/boutique\/librairie\/catherine-de-medicis\/"]}]},{"@type":"ImageObject","inLanguage":"en-US","@id":"https:\/\/www.chenonceau.com\/boutique\/librairie\/catherine-de-medicis\/#primaryimage","url":"https:\/\/www.chenonceau.com\/wp-content\/uploads\/2023\/03\/Catherine-de-Medicis.jpg","contentUrl":"https:\/\/www.chenonceau.com\/wp-content\/uploads\/2023\/03\/Catherine-de-Medicis.jpg","width":340,"height":340},{"@type":"BreadcrumbList","@id":"https:\/\/www.chenonceau.com\/boutique\/librairie\/catherine-de-medicis\/#breadcrumb","itemListElement":[{"@type":"ListItem","position":1,"name":"Accueil","item":"https:\/\/www.chenonceau.com\/en\/"},{"@type":"ListItem","position":2,"name":"Boutique","item":"https:\/\/www.chenonceau.com\/boutique\/"},{"@type":"ListItem","position":3,"name":"Catherine de M\u00e9dicis"}]},{"@type":"WebSite","@id":"https:\/\/www.chenonceau.com\/#website","url":"https:\/\/www.chenonceau.com\/","name":"Chenonceau","description":"","publisher":{"@id":"https:\/\/www.chenonceau.com\/#organization"},"potentialAction":[{"@type":"SearchAction","target":{"@type":"EntryPoint","urlTemplate":"https:\/\/www.chenonceau.com\/?s={search_term_string}"},"query-input":{"@type":"PropertyValueSpecification","valueRequired":true,"valueName":"search_term_string"}}],"inLanguage":"en-US"},{"@type":"Organization","@id":"https:\/\/www.chenonceau.com\/#organization","name":"Ch\u00e2teau de Chenonceau","url":"https:\/\/www.chenonceau.com\/","logo":{"@type":"ImageObject","inLanguage":"en-US","@id":"https:\/\/www.chenonceau.com\/#\/schema\/logo\/image\/","url":"https:\/\/www.chenonceau.com\/wp-content\/uploads\/2014\/12\/cropped-logo_bas_page.png","contentUrl":"https:\/\/www.chenonceau.com\/wp-content\/uploads\/2014\/12\/cropped-logo_bas_page.png","width":512,"height":512,"caption":"Ch\u00e2teau de Chenonceau"},"image":{"@id":"https:\/\/www.chenonceau.com\/#\/schema\/logo\/image\/"}}]}},"_links":{"self":[{"href":"https:\/\/www.chenonceau.com\/en\/wp-json\/wp\/v2\/product\/3474","targetHints":{"allow":["GET"]}}],"collection":[{"href":"https:\/\/www.chenonceau.com\/en\/wp-json\/wp\/v2\/product"}],"about":[{"href":"https:\/\/www.chenonceau.com\/en\/wp-json\/wp\/v2\/types\/product"}],"replies":[{"embeddable":true,"href":"https:\/\/www.chenonceau.com\/en\/wp-json\/wp\/v2\/comments?post=3474"}],"wp:featuredmedia":[{"embeddable":true,"href":"https:\/\/www.chenonceau.com\/en\/wp-json\/wp\/v2\/media\/3475"}],"wp:attachment":[{"href":"https:\/\/www.chenonceau.com\/en\/wp-json\/wp\/v2\/media?parent=3474"}],"wp:term":[{"taxonomy":"product_brand","embeddable":true,"href":"https:\/\/www.chenonceau.com\/en\/wp-json\/wp\/v2\/product_brand?post=3474"},{"taxonomy":"product_cat","embeddable":true,"href":"https:\/\/www.chenonceau.com\/en\/wp-json\/wp\/v2\/product_cat?post=3474"},{"taxonomy":"product_tag","embeddable":true,"href":"https:\/\/www.chenonceau.com\/en\/wp-json\/wp\/v2\/product_tag?post=3474"}],"curies":[{"name":"wp","href":"https:\/\/api.w.org\/{rel}","templated":true}]}}