{"id":3540,"date":"2023-05-09T19:53:31","date_gmt":"2023-05-09T17:53:31","guid":{"rendered":"https:\/\/www.chenonceau.com\/?post_type=product&#038;p=3540"},"modified":"2025-09-02T10:04:55","modified_gmt":"2025-09-02T08:04:55","slug":"stylo-bic-4-couleurs","status":"publish","type":"product","link":"https:\/\/www.chenonceau.com\/en\/boutique\/collection\/stylo-bic-4-couleurs\/","title":{"rendered":"Stylo Bic 4 couleurs"},"content":{"rendered":"<p>Stylo bic Chenonceau 4 couleurs. Vendu \u00e0 l&#8217;unit\u00e9.<\/p>\n","protected":false},"excerpt":{"rendered":"<p>D\u00e9couvrez nos stylos Bic 4 couleurs \u00ab\u00a0Ch\u00e2teau de Chenonceau\u00a0\u00bb. Fun, intemporels et en exclusivit\u00e9 dans notre boutique en ligne, collectionnez les tous! Pointe moyenne 1 mm. Existe en plusieurs coloris. Vendu \u00e0 l&#8217;unit\u00e9. Merci de bien pr\u00e9ciser la ou les couleurs souhait\u00e9e(s) dans l\u2019onglet \u00ab\u00a0notes de commande&#8221; apr\u00e8s avoir valid\u00e9 la commande.<\/p>\n","protected":false},"featured_media":5306,"comment_status":"closed","ping_status":"closed","template":"","meta":[],"product_brand":[],"product_cat":[59,62],"product_tag":[],"class_list":{"0":"post-3540","1":"product","2":"type-product","3":"status-publish","4":"has-post-thumbnail","6":"product_cat-collection","7":"product_cat-souvenirs","9":"first","10":"instock","11":"shipping-taxable","12":"purchasable","13":"product-type-simple"},"yoast_head":"<!-- This site is optimized with the Yoast SEO plugin v27.3 - https:\/\/yoast.com\/product\/yoast-seo-wordpress\/ -->\n<title>Stylo Bic 4 couleurs - Chenonceau<\/title>\n<meta name=\"robots\" content=\"index, follow, max-snippet:-1, max-image-preview:large, max-video-preview:-1\" \/>\n<link rel=\"canonical\" href=\"https:\/\/www.chenonceau.com\/boutique\/collection\/stylo-bic-4-couleurs\/\" \/>\n<meta property=\"og:locale\" content=\"en_US\" \/>\n<meta property=\"og:type\" content=\"article\" \/>\n<meta property=\"og:title\" content=\"Stylo Bic 4 couleurs - Chenonceau\" \/>\n<meta property=\"og:description\" content=\"D\u00e9couvrez nos stylos Bic 4 couleurs \u00ab\u00a0Ch\u00e2teau de Chenonceau\u00a0\u00bb. Fun, intemporels et en exclusivit\u00e9 dans notre boutique en ligne, collectionnez les tous! Pointe moyenne 1 mm. Existe en plusieurs coloris. Vendu \u00e0 l&#039;unit\u00e9. Merci de bien pr\u00e9ciser la ou les couleurs souhait\u00e9e(s) dans l\u2019onglet \u00ab\u00a0notes de commande&quot; apr\u00e8s avoir valid\u00e9 la commande.\" \/>\n<meta property=\"og:url\" content=\"https:\/\/www.chenonceau.com\/boutique\/collection\/stylo-bic-4-couleurs\/\" \/>\n<meta property=\"og:site_name\" content=\"Chenonceau\" \/>\n<meta property=\"article:modified_time\" content=\"2025-09-02T08:04:55+00:00\" \/>\n<meta property=\"og:image\" content=\"https:\/\/www.chenonceau.com\/wp-content\/uploads\/2023\/05\/stylos-sans-rose.png\" \/>\n\t<meta property=\"og:image:width\" content=\"956\" \/>\n\t<meta property=\"og:image:height\" content=\"956\" \/>\n\t<meta property=\"og:image:type\" content=\"image\/png\" \/>\n<meta name=\"twitter:card\" content=\"summary_large_image\" \/>\n<meta name=\"twitter:label1\" content=\"Est. reading time\" \/>\n\t<meta name=\"twitter:data1\" content=\"1 minute\" \/>\n<script type=\"application\/ld+json\" class=\"yoast-schema-graph\">{\"@context\":\"https:\\\/\\\/schema.org\",\"@graph\":[{\"@type\":\"WebPage\",\"@id\":\"https:\\\/\\\/www.chenonceau.com\\\/boutique\\\/collection\\\/stylo-bic-4-couleurs\\\/\",\"url\":\"https:\\\/\\\/www.chenonceau.com\\\/boutique\\\/collection\\\/stylo-bic-4-couleurs\\\/\",\"name\":\"Stylo Bic 4 couleurs - Chenonceau\",\"isPartOf\":{\"@id\":\"https:\\\/\\\/www.chenonceau.com\\\/#website\"},\"primaryImageOfPage\":{\"@id\":\"https:\\\/\\\/www.chenonceau.com\\\/boutique\\\/collection\\\/stylo-bic-4-couleurs\\\/#primaryimage\"},\"image\":{\"@id\":\"https:\\\/\\\/www.chenonceau.com\\\/boutique\\\/collection\\\/stylo-bic-4-couleurs\\\/#primaryimage\"},\"thumbnailUrl\":\"https:\\\/\\\/www.chenonceau.com\\\/wp-content\\\/uploads\\\/2023\\\/05\\\/stylos-sans-rose.png\",\"datePublished\":\"2023-05-09T17:53:31+00:00\",\"dateModified\":\"2025-09-02T08:04:55+00:00\",\"breadcrumb\":{\"@id\":\"https:\\\/\\\/www.chenonceau.com\\\/boutique\\\/collection\\\/stylo-bic-4-couleurs\\\/#breadcrumb\"},\"inLanguage\":\"en-US\",\"potentialAction\":[{\"@type\":\"ReadAction\",\"target\":[\"https:\\\/\\\/www.chenonceau.com\\\/boutique\\\/collection\\\/stylo-bic-4-couleurs\\\/\"]}]},{\"@type\":\"ImageObject\",\"inLanguage\":\"en-US\",\"@id\":\"https:\\\/\\\/www.chenonceau.com\\\/boutique\\\/collection\\\/stylo-bic-4-couleurs\\\/#primaryimage\",\"url\":\"https:\\\/\\\/www.chenonceau.com\\\/wp-content\\\/uploads\\\/2023\\\/05\\\/stylos-sans-rose.png\",\"contentUrl\":\"https:\\\/\\\/www.chenonceau.com\\\/wp-content\\\/uploads\\\/2023\\\/05\\\/stylos-sans-rose.png\",\"width\":956,\"height\":956},{\"@type\":\"BreadcrumbList\",\"@id\":\"https:\\\/\\\/www.chenonceau.com\\\/boutique\\\/collection\\\/stylo-bic-4-couleurs\\\/#breadcrumb\",\"itemListElement\":[{\"@type\":\"ListItem\",\"position\":1,\"name\":\"Accueil\",\"item\":\"https:\\\/\\\/www.chenonceau.com\\\/en\\\/\"},{\"@type\":\"ListItem\",\"position\":2,\"name\":\"Boutique\",\"item\":\"https:\\\/\\\/www.chenonceau.com\\\/boutique\\\/\"},{\"@type\":\"ListItem\",\"position\":3,\"name\":\"Stylo Bic 4 couleurs\"}]},{\"@type\":\"WebSite\",\"@id\":\"https:\\\/\\\/www.chenonceau.com\\\/#website\",\"url\":\"https:\\\/\\\/www.chenonceau.com\\\/\",\"name\":\"Chenonceau\",\"description\":\"\",\"publisher\":{\"@id\":\"https:\\\/\\\/www.chenonceau.com\\\/#organization\"},\"potentialAction\":[{\"@type\":\"SearchAction\",\"target\":{\"@type\":\"EntryPoint\",\"urlTemplate\":\"https:\\\/\\\/www.chenonceau.com\\\/?s={search_term_string}\"},\"query-input\":{\"@type\":\"PropertyValueSpecification\",\"valueRequired\":true,\"valueName\":\"search_term_string\"}}],\"inLanguage\":\"en-US\"},{\"@type\":\"Organization\",\"@id\":\"https:\\\/\\\/www.chenonceau.com\\\/#organization\",\"name\":\"Ch\u00e2teau de Chenonceau\",\"url\":\"https:\\\/\\\/www.chenonceau.com\\\/\",\"logo\":{\"@type\":\"ImageObject\",\"inLanguage\":\"en-US\",\"@id\":\"https:\\\/\\\/www.chenonceau.com\\\/#\\\/schema\\\/logo\\\/image\\\/\",\"url\":\"https:\\\/\\\/www.chenonceau.com\\\/wp-content\\\/uploads\\\/2014\\\/12\\\/cropped-logo_bas_page.png\",\"contentUrl\":\"https:\\\/\\\/www.chenonceau.com\\\/wp-content\\\/uploads\\\/2014\\\/12\\\/cropped-logo_bas_page.png\",\"width\":512,\"height\":512,\"caption\":\"Ch\u00e2teau de Chenonceau\"},\"image\":{\"@id\":\"https:\\\/\\\/www.chenonceau.com\\\/#\\\/schema\\\/logo\\\/image\\\/\"}}]}<\/script>\n<!-- \/ Yoast SEO plugin. -->","yoast_head_json":{"title":"Stylo Bic 4 couleurs - Chenonceau","robots":{"index":"index","follow":"follow","max-snippet":"max-snippet:-1","max-image-preview":"max-image-preview:large","max-video-preview":"max-video-preview:-1"},"canonical":"https:\/\/www.chenonceau.com\/boutique\/collection\/stylo-bic-4-couleurs\/","og_locale":"en_US","og_type":"article","og_title":"Stylo Bic 4 couleurs - Chenonceau","og_description":"D\u00e9couvrez nos stylos Bic 4 couleurs \u00ab\u00a0Ch\u00e2teau de Chenonceau\u00a0\u00bb. Fun, intemporels et en exclusivit\u00e9 dans notre boutique en ligne, collectionnez les tous! Pointe moyenne 1 mm. Existe en plusieurs coloris. Vendu \u00e0 l'unit\u00e9. Merci de bien pr\u00e9ciser la ou les couleurs souhait\u00e9e(s) dans l\u2019onglet \u00ab\u00a0notes de commande\" apr\u00e8s avoir valid\u00e9 la commande.","og_url":"https:\/\/www.chenonceau.com\/boutique\/collection\/stylo-bic-4-couleurs\/","og_site_name":"Chenonceau","article_modified_time":"2025-09-02T08:04:55+00:00","og_image":[{"width":956,"height":956,"url":"https:\/\/www.chenonceau.com\/wp-content\/uploads\/2023\/05\/stylos-sans-rose.png","type":"image\/png"}],"twitter_card":"summary_large_image","twitter_misc":{"Est. reading time":"1 minute"},"schema":{"@context":"https:\/\/schema.org","@graph":[{"@type":"WebPage","@id":"https:\/\/www.chenonceau.com\/boutique\/collection\/stylo-bic-4-couleurs\/","url":"https:\/\/www.chenonceau.com\/boutique\/collection\/stylo-bic-4-couleurs\/","name":"Stylo Bic 4 couleurs - Chenonceau","isPartOf":{"@id":"https:\/\/www.chenonceau.com\/#website"},"primaryImageOfPage":{"@id":"https:\/\/www.chenonceau.com\/boutique\/collection\/stylo-bic-4-couleurs\/#primaryimage"},"image":{"@id":"https:\/\/www.chenonceau.com\/boutique\/collection\/stylo-bic-4-couleurs\/#primaryimage"},"thumbnailUrl":"https:\/\/www.chenonceau.com\/wp-content\/uploads\/2023\/05\/stylos-sans-rose.png","datePublished":"2023-05-09T17:53:31+00:00","dateModified":"2025-09-02T08:04:55+00:00","breadcrumb":{"@id":"https:\/\/www.chenonceau.com\/boutique\/collection\/stylo-bic-4-couleurs\/#breadcrumb"},"inLanguage":"en-US","potentialAction":[{"@type":"ReadAction","target":["https:\/\/www.chenonceau.com\/boutique\/collection\/stylo-bic-4-couleurs\/"]}]},{"@type":"ImageObject","inLanguage":"en-US","@id":"https:\/\/www.chenonceau.com\/boutique\/collection\/stylo-bic-4-couleurs\/#primaryimage","url":"https:\/\/www.chenonceau.com\/wp-content\/uploads\/2023\/05\/stylos-sans-rose.png","contentUrl":"https:\/\/www.chenonceau.com\/wp-content\/uploads\/2023\/05\/stylos-sans-rose.png","width":956,"height":956},{"@type":"BreadcrumbList","@id":"https:\/\/www.chenonceau.com\/boutique\/collection\/stylo-bic-4-couleurs\/#breadcrumb","itemListElement":[{"@type":"ListItem","position":1,"name":"Accueil","item":"https:\/\/www.chenonceau.com\/en\/"},{"@type":"ListItem","position":2,"name":"Boutique","item":"https:\/\/www.chenonceau.com\/boutique\/"},{"@type":"ListItem","position":3,"name":"Stylo Bic 4 couleurs"}]},{"@type":"WebSite","@id":"https:\/\/www.chenonceau.com\/#website","url":"https:\/\/www.chenonceau.com\/","name":"Chenonceau","description":"","publisher":{"@id":"https:\/\/www.chenonceau.com\/#organization"},"potentialAction":[{"@type":"SearchAction","target":{"@type":"EntryPoint","urlTemplate":"https:\/\/www.chenonceau.com\/?s={search_term_string}"},"query-input":{"@type":"PropertyValueSpecification","valueRequired":true,"valueName":"search_term_string"}}],"inLanguage":"en-US"},{"@type":"Organization","@id":"https:\/\/www.chenonceau.com\/#organization","name":"Ch\u00e2teau de Chenonceau","url":"https:\/\/www.chenonceau.com\/","logo":{"@type":"ImageObject","inLanguage":"en-US","@id":"https:\/\/www.chenonceau.com\/#\/schema\/logo\/image\/","url":"https:\/\/www.chenonceau.com\/wp-content\/uploads\/2014\/12\/cropped-logo_bas_page.png","contentUrl":"https:\/\/www.chenonceau.com\/wp-content\/uploads\/2014\/12\/cropped-logo_bas_page.png","width":512,"height":512,"caption":"Ch\u00e2teau de Chenonceau"},"image":{"@id":"https:\/\/www.chenonceau.com\/#\/schema\/logo\/image\/"}}]}},"_links":{"self":[{"href":"https:\/\/www.chenonceau.com\/en\/wp-json\/wp\/v2\/product\/3540","targetHints":{"allow":["GET"]}}],"collection":[{"href":"https:\/\/www.chenonceau.com\/en\/wp-json\/wp\/v2\/product"}],"about":[{"href":"https:\/\/www.chenonceau.com\/en\/wp-json\/wp\/v2\/types\/product"}],"replies":[{"embeddable":true,"href":"https:\/\/www.chenonceau.com\/en\/wp-json\/wp\/v2\/comments?post=3540"}],"wp:featuredmedia":[{"embeddable":true,"href":"https:\/\/www.chenonceau.com\/en\/wp-json\/wp\/v2\/media\/5306"}],"wp:attachment":[{"href":"https:\/\/www.chenonceau.com\/en\/wp-json\/wp\/v2\/media?parent=3540"}],"wp:term":[{"taxonomy":"product_brand","embeddable":true,"href":"https:\/\/www.chenonceau.com\/en\/wp-json\/wp\/v2\/product_brand?post=3540"},{"taxonomy":"product_cat","embeddable":true,"href":"https:\/\/www.chenonceau.com\/en\/wp-json\/wp\/v2\/product_cat?post=3540"},{"taxonomy":"product_tag","embeddable":true,"href":"https:\/\/www.chenonceau.com\/en\/wp-json\/wp\/v2\/product_tag?post=3540"}],"curies":[{"name":"wp","href":"https:\/\/api.w.org\/{rel}","templated":true}]}}