{"id":3666,"date":"2023-06-07T12:40:38","date_gmt":"2023-06-07T10:40:38","guid":{"rendered":"https:\/\/www.chenonceau.com\/?post_type=product&#038;p=3666"},"modified":"2025-04-14T16:03:35","modified_gmt":"2025-04-14T14:03:35","slug":"cuillere-chenonceau","status":"publish","type":"product","link":"https:\/\/www.chenonceau.com\/en\/boutique\/souvenirs\/cuillere-chenonceau\/","title":{"rendered":"Cuill\u00e8re Chenonceau"},"content":{"rendered":"","protected":false},"excerpt":{"rendered":"<p>Cuill\u00e8re \u00e0 collectionner en m\u00e9tal.<\/p>\n","protected":false},"featured_media":3667,"comment_status":"closed","ping_status":"closed","template":"","meta":[],"product_brand":[],"product_cat":[62],"product_tag":[],"class_list":{"0":"post-3666","1":"product","2":"type-product","3":"status-publish","4":"has-post-thumbnail","6":"product_cat-souvenirs","8":"first","9":"instock","10":"shipping-taxable","11":"purchasable","12":"product-type-simple"},"yoast_head":"<!-- This site is optimized with the Yoast SEO plugin v27.3 - https:\/\/yoast.com\/product\/yoast-seo-wordpress\/ -->\n<title>Cuill\u00e8re Chenonceau - Chenonceau<\/title>\n<meta name=\"robots\" content=\"index, follow, max-snippet:-1, max-image-preview:large, max-video-preview:-1\" \/>\n<link rel=\"canonical\" href=\"https:\/\/www.chenonceau.com\/boutique\/souvenirs\/cuillere-chenonceau\/\" \/>\n<meta property=\"og:locale\" content=\"en_US\" \/>\n<meta property=\"og:type\" content=\"article\" \/>\n<meta property=\"og:title\" content=\"Cuill\u00e8re Chenonceau - Chenonceau\" \/>\n<meta property=\"og:description\" content=\"Cuill\u00e8re \u00e0 collectionner en m\u00e9tal.\" \/>\n<meta property=\"og:url\" content=\"https:\/\/www.chenonceau.com\/boutique\/souvenirs\/cuillere-chenonceau\/\" \/>\n<meta property=\"og:site_name\" content=\"Chenonceau\" \/>\n<meta property=\"article:modified_time\" content=\"2025-04-14T14:03:35+00:00\" \/>\n<meta property=\"og:image\" content=\"https:\/\/www.chenonceau.com\/wp-content\/uploads\/2023\/06\/cuillere-scaled.jpg\" \/>\n\t<meta property=\"og:image:width\" content=\"2560\" \/>\n\t<meta property=\"og:image:height\" content=\"2560\" \/>\n\t<meta property=\"og:image:type\" content=\"image\/jpeg\" \/>\n<meta name=\"twitter:card\" content=\"summary_large_image\" \/>\n<script type=\"application\/ld+json\" class=\"yoast-schema-graph\">{\"@context\":\"https:\\\/\\\/schema.org\",\"@graph\":[{\"@type\":\"WebPage\",\"@id\":\"https:\\\/\\\/www.chenonceau.com\\\/boutique\\\/souvenirs\\\/cuillere-chenonceau\\\/\",\"url\":\"https:\\\/\\\/www.chenonceau.com\\\/boutique\\\/souvenirs\\\/cuillere-chenonceau\\\/\",\"name\":\"Cuill\u00e8re Chenonceau - Chenonceau\",\"isPartOf\":{\"@id\":\"https:\\\/\\\/www.chenonceau.com\\\/#website\"},\"primaryImageOfPage\":{\"@id\":\"https:\\\/\\\/www.chenonceau.com\\\/boutique\\\/souvenirs\\\/cuillere-chenonceau\\\/#primaryimage\"},\"image\":{\"@id\":\"https:\\\/\\\/www.chenonceau.com\\\/boutique\\\/souvenirs\\\/cuillere-chenonceau\\\/#primaryimage\"},\"thumbnailUrl\":\"https:\\\/\\\/www.chenonceau.com\\\/wp-content\\\/uploads\\\/2023\\\/06\\\/cuillere-scaled.jpg\",\"datePublished\":\"2023-06-07T10:40:38+00:00\",\"dateModified\":\"2025-04-14T14:03:35+00:00\",\"breadcrumb\":{\"@id\":\"https:\\\/\\\/www.chenonceau.com\\\/boutique\\\/souvenirs\\\/cuillere-chenonceau\\\/#breadcrumb\"},\"inLanguage\":\"en-US\",\"potentialAction\":[{\"@type\":\"ReadAction\",\"target\":[\"https:\\\/\\\/www.chenonceau.com\\\/boutique\\\/souvenirs\\\/cuillere-chenonceau\\\/\"]}]},{\"@type\":\"ImageObject\",\"inLanguage\":\"en-US\",\"@id\":\"https:\\\/\\\/www.chenonceau.com\\\/boutique\\\/souvenirs\\\/cuillere-chenonceau\\\/#primaryimage\",\"url\":\"https:\\\/\\\/www.chenonceau.com\\\/wp-content\\\/uploads\\\/2023\\\/06\\\/cuillere-scaled.jpg\",\"contentUrl\":\"https:\\\/\\\/www.chenonceau.com\\\/wp-content\\\/uploads\\\/2023\\\/06\\\/cuillere-scaled.jpg\",\"width\":2560,\"height\":2560},{\"@type\":\"BreadcrumbList\",\"@id\":\"https:\\\/\\\/www.chenonceau.com\\\/boutique\\\/souvenirs\\\/cuillere-chenonceau\\\/#breadcrumb\",\"itemListElement\":[{\"@type\":\"ListItem\",\"position\":1,\"name\":\"Accueil\",\"item\":\"https:\\\/\\\/www.chenonceau.com\\\/en\\\/\"},{\"@type\":\"ListItem\",\"position\":2,\"name\":\"Boutique\",\"item\":\"https:\\\/\\\/www.chenonceau.com\\\/boutique\\\/\"},{\"@type\":\"ListItem\",\"position\":3,\"name\":\"Cuill\u00e8re Chenonceau\"}]},{\"@type\":\"WebSite\",\"@id\":\"https:\\\/\\\/www.chenonceau.com\\\/#website\",\"url\":\"https:\\\/\\\/www.chenonceau.com\\\/\",\"name\":\"Chenonceau\",\"description\":\"\",\"publisher\":{\"@id\":\"https:\\\/\\\/www.chenonceau.com\\\/#organization\"},\"potentialAction\":[{\"@type\":\"SearchAction\",\"target\":{\"@type\":\"EntryPoint\",\"urlTemplate\":\"https:\\\/\\\/www.chenonceau.com\\\/?s={search_term_string}\"},\"query-input\":{\"@type\":\"PropertyValueSpecification\",\"valueRequired\":true,\"valueName\":\"search_term_string\"}}],\"inLanguage\":\"en-US\"},{\"@type\":\"Organization\",\"@id\":\"https:\\\/\\\/www.chenonceau.com\\\/#organization\",\"name\":\"Ch\u00e2teau de Chenonceau\",\"url\":\"https:\\\/\\\/www.chenonceau.com\\\/\",\"logo\":{\"@type\":\"ImageObject\",\"inLanguage\":\"en-US\",\"@id\":\"https:\\\/\\\/www.chenonceau.com\\\/#\\\/schema\\\/logo\\\/image\\\/\",\"url\":\"https:\\\/\\\/www.chenonceau.com\\\/wp-content\\\/uploads\\\/2014\\\/12\\\/cropped-logo_bas_page.png\",\"contentUrl\":\"https:\\\/\\\/www.chenonceau.com\\\/wp-content\\\/uploads\\\/2014\\\/12\\\/cropped-logo_bas_page.png\",\"width\":512,\"height\":512,\"caption\":\"Ch\u00e2teau de Chenonceau\"},\"image\":{\"@id\":\"https:\\\/\\\/www.chenonceau.com\\\/#\\\/schema\\\/logo\\\/image\\\/\"}}]}<\/script>\n<!-- \/ Yoast SEO plugin. -->","yoast_head_json":{"title":"Cuill\u00e8re Chenonceau - Chenonceau","robots":{"index":"index","follow":"follow","max-snippet":"max-snippet:-1","max-image-preview":"max-image-preview:large","max-video-preview":"max-video-preview:-1"},"canonical":"https:\/\/www.chenonceau.com\/boutique\/souvenirs\/cuillere-chenonceau\/","og_locale":"en_US","og_type":"article","og_title":"Cuill\u00e8re Chenonceau - Chenonceau","og_description":"Cuill\u00e8re \u00e0 collectionner en m\u00e9tal.","og_url":"https:\/\/www.chenonceau.com\/boutique\/souvenirs\/cuillere-chenonceau\/","og_site_name":"Chenonceau","article_modified_time":"2025-04-14T14:03:35+00:00","og_image":[{"width":2560,"height":2560,"url":"https:\/\/www.chenonceau.com\/wp-content\/uploads\/2023\/06\/cuillere-scaled.jpg","type":"image\/jpeg"}],"twitter_card":"summary_large_image","schema":{"@context":"https:\/\/schema.org","@graph":[{"@type":"WebPage","@id":"https:\/\/www.chenonceau.com\/boutique\/souvenirs\/cuillere-chenonceau\/","url":"https:\/\/www.chenonceau.com\/boutique\/souvenirs\/cuillere-chenonceau\/","name":"Cuill\u00e8re Chenonceau - Chenonceau","isPartOf":{"@id":"https:\/\/www.chenonceau.com\/#website"},"primaryImageOfPage":{"@id":"https:\/\/www.chenonceau.com\/boutique\/souvenirs\/cuillere-chenonceau\/#primaryimage"},"image":{"@id":"https:\/\/www.chenonceau.com\/boutique\/souvenirs\/cuillere-chenonceau\/#primaryimage"},"thumbnailUrl":"https:\/\/www.chenonceau.com\/wp-content\/uploads\/2023\/06\/cuillere-scaled.jpg","datePublished":"2023-06-07T10:40:38+00:00","dateModified":"2025-04-14T14:03:35+00:00","breadcrumb":{"@id":"https:\/\/www.chenonceau.com\/boutique\/souvenirs\/cuillere-chenonceau\/#breadcrumb"},"inLanguage":"en-US","potentialAction":[{"@type":"ReadAction","target":["https:\/\/www.chenonceau.com\/boutique\/souvenirs\/cuillere-chenonceau\/"]}]},{"@type":"ImageObject","inLanguage":"en-US","@id":"https:\/\/www.chenonceau.com\/boutique\/souvenirs\/cuillere-chenonceau\/#primaryimage","url":"https:\/\/www.chenonceau.com\/wp-content\/uploads\/2023\/06\/cuillere-scaled.jpg","contentUrl":"https:\/\/www.chenonceau.com\/wp-content\/uploads\/2023\/06\/cuillere-scaled.jpg","width":2560,"height":2560},{"@type":"BreadcrumbList","@id":"https:\/\/www.chenonceau.com\/boutique\/souvenirs\/cuillere-chenonceau\/#breadcrumb","itemListElement":[{"@type":"ListItem","position":1,"name":"Accueil","item":"https:\/\/www.chenonceau.com\/en\/"},{"@type":"ListItem","position":2,"name":"Boutique","item":"https:\/\/www.chenonceau.com\/boutique\/"},{"@type":"ListItem","position":3,"name":"Cuill\u00e8re Chenonceau"}]},{"@type":"WebSite","@id":"https:\/\/www.chenonceau.com\/#website","url":"https:\/\/www.chenonceau.com\/","name":"Chenonceau","description":"","publisher":{"@id":"https:\/\/www.chenonceau.com\/#organization"},"potentialAction":[{"@type":"SearchAction","target":{"@type":"EntryPoint","urlTemplate":"https:\/\/www.chenonceau.com\/?s={search_term_string}"},"query-input":{"@type":"PropertyValueSpecification","valueRequired":true,"valueName":"search_term_string"}}],"inLanguage":"en-US"},{"@type":"Organization","@id":"https:\/\/www.chenonceau.com\/#organization","name":"Ch\u00e2teau de Chenonceau","url":"https:\/\/www.chenonceau.com\/","logo":{"@type":"ImageObject","inLanguage":"en-US","@id":"https:\/\/www.chenonceau.com\/#\/schema\/logo\/image\/","url":"https:\/\/www.chenonceau.com\/wp-content\/uploads\/2014\/12\/cropped-logo_bas_page.png","contentUrl":"https:\/\/www.chenonceau.com\/wp-content\/uploads\/2014\/12\/cropped-logo_bas_page.png","width":512,"height":512,"caption":"Ch\u00e2teau de Chenonceau"},"image":{"@id":"https:\/\/www.chenonceau.com\/#\/schema\/logo\/image\/"}}]}},"_links":{"self":[{"href":"https:\/\/www.chenonceau.com\/en\/wp-json\/wp\/v2\/product\/3666","targetHints":{"allow":["GET"]}}],"collection":[{"href":"https:\/\/www.chenonceau.com\/en\/wp-json\/wp\/v2\/product"}],"about":[{"href":"https:\/\/www.chenonceau.com\/en\/wp-json\/wp\/v2\/types\/product"}],"replies":[{"embeddable":true,"href":"https:\/\/www.chenonceau.com\/en\/wp-json\/wp\/v2\/comments?post=3666"}],"wp:featuredmedia":[{"embeddable":true,"href":"https:\/\/www.chenonceau.com\/en\/wp-json\/wp\/v2\/media\/3667"}],"wp:attachment":[{"href":"https:\/\/www.chenonceau.com\/en\/wp-json\/wp\/v2\/media?parent=3666"}],"wp:term":[{"taxonomy":"product_brand","embeddable":true,"href":"https:\/\/www.chenonceau.com\/en\/wp-json\/wp\/v2\/product_brand?post=3666"},{"taxonomy":"product_cat","embeddable":true,"href":"https:\/\/www.chenonceau.com\/en\/wp-json\/wp\/v2\/product_cat?post=3666"},{"taxonomy":"product_tag","embeddable":true,"href":"https:\/\/www.chenonceau.com\/en\/wp-json\/wp\/v2\/product_tag?post=3666"}],"curies":[{"name":"wp","href":"https:\/\/api.w.org\/{rel}","templated":true}]}}