{"id":3683,"date":"2023-06-07T13:28:18","date_gmt":"2023-06-07T11:28:18","guid":{"rendered":"https:\/\/www.chenonceau.com\/?post_type=product&#038;p=3683"},"modified":"2025-09-04T09:32:43","modified_gmt":"2025-09-04T07:32:43","slug":"bd-les-chateaux-de-la-loire","status":"publish","type":"product","link":"https:\/\/www.chenonceau.com\/en\/boutique\/librairie\/bd-les-chateaux-de-la-loire\/","title":{"rendered":"BD Les ch\u00e2teaux de la Loire"},"content":{"rendered":"","protected":false},"excerpt":{"rendered":"<p>Une visite dr\u00f4le et instructive des joyaux du Val de Loire.Chenonceau, Chambord, Chinon, Amboise, Blois, Uss\u00e9, Langeais&#8230; Des architectures formidables, du mobilier splendide, des toiles et des tapisseries uniques ne sont pas, loin s\u2019en faut, le seul int\u00e9r\u00eat des ch\u00e2teaux de la Loire. Dans chacun d\u2019entre eux se sont d\u00e9roul\u00e9s tant de faits historiques ! Tant de rois, de reines, de grands personnages s\u2019y sont crois\u00e9s, y ont complot\u00e9, s\u2019y sont aim\u00e9s, qu\u2019il fallait bien une visite plus que priv\u00e9e pour vous en faire profiter. <\/p>\n","protected":false},"featured_media":4342,"comment_status":"closed","ping_status":"closed","template":"","meta":[],"product_brand":[],"product_cat":[46],"product_tag":[],"class_list":{"0":"post-3683","1":"product","2":"type-product","3":"status-publish","4":"has-post-thumbnail","6":"product_cat-librairie","8":"first","9":"instock","10":"shipping-taxable","11":"purchasable","12":"product-type-simple"},"yoast_head":"<!-- This site is optimized with the Yoast SEO plugin v27.3 - https:\/\/yoast.com\/product\/yoast-seo-wordpress\/ -->\n<title>BD Les ch\u00e2teaux de la Loire - Chenonceau<\/title>\n<meta name=\"robots\" content=\"index, follow, max-snippet:-1, max-image-preview:large, max-video-preview:-1\" \/>\n<link rel=\"canonical\" href=\"https:\/\/www.chenonceau.com\/boutique\/librairie\/bd-les-chateaux-de-la-loire\/\" \/>\n<meta property=\"og:locale\" content=\"en_US\" \/>\n<meta property=\"og:type\" content=\"article\" \/>\n<meta property=\"og:title\" content=\"BD Les ch\u00e2teaux de la Loire - Chenonceau\" \/>\n<meta property=\"og:description\" content=\"Une visite dr\u00f4le et instructive des joyaux du Val de Loire.Chenonceau, Chambord, Chinon, Amboise, Blois, Uss\u00e9, Langeais... Des architectures formidables, du mobilier splendide, des toiles et des tapisseries uniques ne sont pas, loin s\u2019en faut, le seul int\u00e9r\u00eat des ch\u00e2teaux de la Loire. Dans chacun d\u2019entre eux se sont d\u00e9roul\u00e9s tant de faits historiques ! Tant de rois, de reines, de grands personnages s\u2019y sont crois\u00e9s, y ont complot\u00e9, s\u2019y sont aim\u00e9s, qu\u2019il fallait bien une visite plus que priv\u00e9e pour vous en faire profiter.\" \/>\n<meta property=\"og:url\" content=\"https:\/\/www.chenonceau.com\/boutique\/librairie\/bd-les-chateaux-de-la-loire\/\" \/>\n<meta property=\"og:site_name\" content=\"Chenonceau\" \/>\n<meta property=\"article:modified_time\" content=\"2025-09-04T07:32:43+00:00\" \/>\n<meta property=\"og:image\" content=\"https:\/\/www.chenonceau.com\/wp-content\/uploads\/2023\/06\/bd-1.png\" \/>\n\t<meta property=\"og:image:width\" content=\"544\" \/>\n\t<meta property=\"og:image:height\" content=\"544\" \/>\n\t<meta property=\"og:image:type\" content=\"image\/png\" \/>\n<meta name=\"twitter:card\" content=\"summary_large_image\" \/>\n<meta name=\"twitter:label1\" content=\"Est. reading time\" \/>\n\t<meta name=\"twitter:data1\" content=\"1 minute\" \/>\n<script type=\"application\/ld+json\" class=\"yoast-schema-graph\">{\"@context\":\"https:\\\/\\\/schema.org\",\"@graph\":[{\"@type\":\"WebPage\",\"@id\":\"https:\\\/\\\/www.chenonceau.com\\\/boutique\\\/librairie\\\/bd-les-chateaux-de-la-loire\\\/\",\"url\":\"https:\\\/\\\/www.chenonceau.com\\\/boutique\\\/librairie\\\/bd-les-chateaux-de-la-loire\\\/\",\"name\":\"BD Les ch\u00e2teaux de la Loire - Chenonceau\",\"isPartOf\":{\"@id\":\"https:\\\/\\\/www.chenonceau.com\\\/#website\"},\"primaryImageOfPage\":{\"@id\":\"https:\\\/\\\/www.chenonceau.com\\\/boutique\\\/librairie\\\/bd-les-chateaux-de-la-loire\\\/#primaryimage\"},\"image\":{\"@id\":\"https:\\\/\\\/www.chenonceau.com\\\/boutique\\\/librairie\\\/bd-les-chateaux-de-la-loire\\\/#primaryimage\"},\"thumbnailUrl\":\"https:\\\/\\\/www.chenonceau.com\\\/wp-content\\\/uploads\\\/2023\\\/06\\\/bd-1.png\",\"datePublished\":\"2023-06-07T11:28:18+00:00\",\"dateModified\":\"2025-09-04T07:32:43+00:00\",\"breadcrumb\":{\"@id\":\"https:\\\/\\\/www.chenonceau.com\\\/boutique\\\/librairie\\\/bd-les-chateaux-de-la-loire\\\/#breadcrumb\"},\"inLanguage\":\"en-US\",\"potentialAction\":[{\"@type\":\"ReadAction\",\"target\":[\"https:\\\/\\\/www.chenonceau.com\\\/boutique\\\/librairie\\\/bd-les-chateaux-de-la-loire\\\/\"]}]},{\"@type\":\"ImageObject\",\"inLanguage\":\"en-US\",\"@id\":\"https:\\\/\\\/www.chenonceau.com\\\/boutique\\\/librairie\\\/bd-les-chateaux-de-la-loire\\\/#primaryimage\",\"url\":\"https:\\\/\\\/www.chenonceau.com\\\/wp-content\\\/uploads\\\/2023\\\/06\\\/bd-1.png\",\"contentUrl\":\"https:\\\/\\\/www.chenonceau.com\\\/wp-content\\\/uploads\\\/2023\\\/06\\\/bd-1.png\",\"width\":544,\"height\":544},{\"@type\":\"BreadcrumbList\",\"@id\":\"https:\\\/\\\/www.chenonceau.com\\\/boutique\\\/librairie\\\/bd-les-chateaux-de-la-loire\\\/#breadcrumb\",\"itemListElement\":[{\"@type\":\"ListItem\",\"position\":1,\"name\":\"Accueil\",\"item\":\"https:\\\/\\\/www.chenonceau.com\\\/en\\\/\"},{\"@type\":\"ListItem\",\"position\":2,\"name\":\"Boutique\",\"item\":\"https:\\\/\\\/www.chenonceau.com\\\/boutique\\\/\"},{\"@type\":\"ListItem\",\"position\":3,\"name\":\"BD Les ch\u00e2teaux de la Loire\"}]},{\"@type\":\"WebSite\",\"@id\":\"https:\\\/\\\/www.chenonceau.com\\\/#website\",\"url\":\"https:\\\/\\\/www.chenonceau.com\\\/\",\"name\":\"Chenonceau\",\"description\":\"\",\"publisher\":{\"@id\":\"https:\\\/\\\/www.chenonceau.com\\\/#organization\"},\"potentialAction\":[{\"@type\":\"SearchAction\",\"target\":{\"@type\":\"EntryPoint\",\"urlTemplate\":\"https:\\\/\\\/www.chenonceau.com\\\/?s={search_term_string}\"},\"query-input\":{\"@type\":\"PropertyValueSpecification\",\"valueRequired\":true,\"valueName\":\"search_term_string\"}}],\"inLanguage\":\"en-US\"},{\"@type\":\"Organization\",\"@id\":\"https:\\\/\\\/www.chenonceau.com\\\/#organization\",\"name\":\"Ch\u00e2teau de Chenonceau\",\"url\":\"https:\\\/\\\/www.chenonceau.com\\\/\",\"logo\":{\"@type\":\"ImageObject\",\"inLanguage\":\"en-US\",\"@id\":\"https:\\\/\\\/www.chenonceau.com\\\/#\\\/schema\\\/logo\\\/image\\\/\",\"url\":\"https:\\\/\\\/www.chenonceau.com\\\/wp-content\\\/uploads\\\/2014\\\/12\\\/cropped-logo_bas_page.png\",\"contentUrl\":\"https:\\\/\\\/www.chenonceau.com\\\/wp-content\\\/uploads\\\/2014\\\/12\\\/cropped-logo_bas_page.png\",\"width\":512,\"height\":512,\"caption\":\"Ch\u00e2teau de Chenonceau\"},\"image\":{\"@id\":\"https:\\\/\\\/www.chenonceau.com\\\/#\\\/schema\\\/logo\\\/image\\\/\"}}]}<\/script>\n<!-- \/ Yoast SEO plugin. -->","yoast_head_json":{"title":"BD Les ch\u00e2teaux de la Loire - Chenonceau","robots":{"index":"index","follow":"follow","max-snippet":"max-snippet:-1","max-image-preview":"max-image-preview:large","max-video-preview":"max-video-preview:-1"},"canonical":"https:\/\/www.chenonceau.com\/boutique\/librairie\/bd-les-chateaux-de-la-loire\/","og_locale":"en_US","og_type":"article","og_title":"BD Les ch\u00e2teaux de la Loire - Chenonceau","og_description":"Une visite dr\u00f4le et instructive des joyaux du Val de Loire.Chenonceau, Chambord, Chinon, Amboise, Blois, Uss\u00e9, Langeais... Des architectures formidables, du mobilier splendide, des toiles et des tapisseries uniques ne sont pas, loin s\u2019en faut, le seul int\u00e9r\u00eat des ch\u00e2teaux de la Loire. Dans chacun d\u2019entre eux se sont d\u00e9roul\u00e9s tant de faits historiques ! Tant de rois, de reines, de grands personnages s\u2019y sont crois\u00e9s, y ont complot\u00e9, s\u2019y sont aim\u00e9s, qu\u2019il fallait bien une visite plus que priv\u00e9e pour vous en faire profiter.","og_url":"https:\/\/www.chenonceau.com\/boutique\/librairie\/bd-les-chateaux-de-la-loire\/","og_site_name":"Chenonceau","article_modified_time":"2025-09-04T07:32:43+00:00","og_image":[{"width":544,"height":544,"url":"https:\/\/www.chenonceau.com\/wp-content\/uploads\/2023\/06\/bd-1.png","type":"image\/png"}],"twitter_card":"summary_large_image","twitter_misc":{"Est. reading time":"1 minute"},"schema":{"@context":"https:\/\/schema.org","@graph":[{"@type":"WebPage","@id":"https:\/\/www.chenonceau.com\/boutique\/librairie\/bd-les-chateaux-de-la-loire\/","url":"https:\/\/www.chenonceau.com\/boutique\/librairie\/bd-les-chateaux-de-la-loire\/","name":"BD Les ch\u00e2teaux de la Loire - Chenonceau","isPartOf":{"@id":"https:\/\/www.chenonceau.com\/#website"},"primaryImageOfPage":{"@id":"https:\/\/www.chenonceau.com\/boutique\/librairie\/bd-les-chateaux-de-la-loire\/#primaryimage"},"image":{"@id":"https:\/\/www.chenonceau.com\/boutique\/librairie\/bd-les-chateaux-de-la-loire\/#primaryimage"},"thumbnailUrl":"https:\/\/www.chenonceau.com\/wp-content\/uploads\/2023\/06\/bd-1.png","datePublished":"2023-06-07T11:28:18+00:00","dateModified":"2025-09-04T07:32:43+00:00","breadcrumb":{"@id":"https:\/\/www.chenonceau.com\/boutique\/librairie\/bd-les-chateaux-de-la-loire\/#breadcrumb"},"inLanguage":"en-US","potentialAction":[{"@type":"ReadAction","target":["https:\/\/www.chenonceau.com\/boutique\/librairie\/bd-les-chateaux-de-la-loire\/"]}]},{"@type":"ImageObject","inLanguage":"en-US","@id":"https:\/\/www.chenonceau.com\/boutique\/librairie\/bd-les-chateaux-de-la-loire\/#primaryimage","url":"https:\/\/www.chenonceau.com\/wp-content\/uploads\/2023\/06\/bd-1.png","contentUrl":"https:\/\/www.chenonceau.com\/wp-content\/uploads\/2023\/06\/bd-1.png","width":544,"height":544},{"@type":"BreadcrumbList","@id":"https:\/\/www.chenonceau.com\/boutique\/librairie\/bd-les-chateaux-de-la-loire\/#breadcrumb","itemListElement":[{"@type":"ListItem","position":1,"name":"Accueil","item":"https:\/\/www.chenonceau.com\/en\/"},{"@type":"ListItem","position":2,"name":"Boutique","item":"https:\/\/www.chenonceau.com\/boutique\/"},{"@type":"ListItem","position":3,"name":"BD Les ch\u00e2teaux de la Loire"}]},{"@type":"WebSite","@id":"https:\/\/www.chenonceau.com\/#website","url":"https:\/\/www.chenonceau.com\/","name":"Chenonceau","description":"","publisher":{"@id":"https:\/\/www.chenonceau.com\/#organization"},"potentialAction":[{"@type":"SearchAction","target":{"@type":"EntryPoint","urlTemplate":"https:\/\/www.chenonceau.com\/?s={search_term_string}"},"query-input":{"@type":"PropertyValueSpecification","valueRequired":true,"valueName":"search_term_string"}}],"inLanguage":"en-US"},{"@type":"Organization","@id":"https:\/\/www.chenonceau.com\/#organization","name":"Ch\u00e2teau de Chenonceau","url":"https:\/\/www.chenonceau.com\/","logo":{"@type":"ImageObject","inLanguage":"en-US","@id":"https:\/\/www.chenonceau.com\/#\/schema\/logo\/image\/","url":"https:\/\/www.chenonceau.com\/wp-content\/uploads\/2014\/12\/cropped-logo_bas_page.png","contentUrl":"https:\/\/www.chenonceau.com\/wp-content\/uploads\/2014\/12\/cropped-logo_bas_page.png","width":512,"height":512,"caption":"Ch\u00e2teau de Chenonceau"},"image":{"@id":"https:\/\/www.chenonceau.com\/#\/schema\/logo\/image\/"}}]}},"_links":{"self":[{"href":"https:\/\/www.chenonceau.com\/en\/wp-json\/wp\/v2\/product\/3683","targetHints":{"allow":["GET"]}}],"collection":[{"href":"https:\/\/www.chenonceau.com\/en\/wp-json\/wp\/v2\/product"}],"about":[{"href":"https:\/\/www.chenonceau.com\/en\/wp-json\/wp\/v2\/types\/product"}],"replies":[{"embeddable":true,"href":"https:\/\/www.chenonceau.com\/en\/wp-json\/wp\/v2\/comments?post=3683"}],"wp:featuredmedia":[{"embeddable":true,"href":"https:\/\/www.chenonceau.com\/en\/wp-json\/wp\/v2\/media\/4342"}],"wp:attachment":[{"href":"https:\/\/www.chenonceau.com\/en\/wp-json\/wp\/v2\/media?parent=3683"}],"wp:term":[{"taxonomy":"product_brand","embeddable":true,"href":"https:\/\/www.chenonceau.com\/en\/wp-json\/wp\/v2\/product_brand?post=3683"},{"taxonomy":"product_cat","embeddable":true,"href":"https:\/\/www.chenonceau.com\/en\/wp-json\/wp\/v2\/product_cat?post=3683"},{"taxonomy":"product_tag","embeddable":true,"href":"https:\/\/www.chenonceau.com\/en\/wp-json\/wp\/v2\/product_tag?post=3683"}],"curies":[{"name":"wp","href":"https:\/\/api.w.org\/{rel}","templated":true}]}}