{"id":3688,"date":"2023-06-07T13:59:48","date_gmt":"2023-06-07T11:59:48","guid":{"rendered":"https:\/\/www.chenonceau.com\/?post_type=product&#038;p=3688"},"modified":"2024-09-27T16:13:13","modified_gmt":"2024-09-27T14:13:13","slug":"madame-dupin","status":"publish","type":"product","link":"https:\/\/www.chenonceau.com\/en\/boutique\/librairie\/madame-dupin\/","title":{"rendered":"Madame Dupin"},"content":{"rendered":"","protected":false},"excerpt":{"rendered":"<p>Louise Dupin, propri\u00e9taire de l&#8217;h\u00f4tel Lambert \u00e0 Paris et de Chenonceau au XVIIIe si\u00e8cle, \u00e9tait c\u00e9l\u00e8bre pour sa beaut\u00e9 et son esprit. Les hommes de lettres et de sciences se pressaient dans son salon parisien : Montesquieu, Voltaire, Buffon, etc. George Sand, son arri\u00e8re-petite-fille par alliance, a parl\u00e9 d&#8217;elle dans Histoire de ma vie avec grande admiration et reconnu en elle une philosophe &#8220;avanc\u00e9e&#8221;, aux id\u00e9es proches des siennes. Louise Dupin s&#8217;adonnait \u00e0 la philosophie et avait pr\u00e9par\u00e9 deux essais sur l&#8217;amiti\u00e9 et le bonheur. Surtout, elle avait travaill\u00e9 longtemps \u00e0 un grand ouvrage sur la d\u00e9fense de son sexe. Elle y avait d\u00e9velopp\u00e9 des id\u00e9es tr\u00e8s modernes, proposant un contrat de mariage de dur\u00e9e limit\u00e9e, l&#8217;\u00e9galit\u00e9 entre les \u00e9poux et le mariage des pr\u00eatres. Elle avait embauch\u00e9 Jean-Jacques Rousseau, encore inconnu, pour la r\u00e9daction de ses textes. Des chagrins l&#8217;auraient emp\u00each\u00e9e de publier. Seuls des manuscrits inachev\u00e9s nous sont parvenus. A la suite de George Sand, les historiens lui reconnaissent une place remarquable dans l&#8217;histoire des femmes et du f\u00e9minisme. Elle fut bienfaisante \u00e0 beaucoup, l&#8217;abb\u00e9 de Saint-Pierre, Jean-Jacques Rousseau&#8230; Gr\u00e2ce \u00e0 elle, Bretonneau, le grand m\u00e9decin du XIXe si\u00e8cle, a pu faire ses \u00e9tudes. Pendant la R\u00e9volution, elle a r\u00e9ussi \u00e0 pr\u00e9server Chenonceau de la d\u00e9molition. Ce livre retrace sa vie, ses relations avec les philosophes et donne un aper\u00e7u de ses \u00e9crits, retournant aux sources et \u00e9vitant d&#8217;en dire plus qu&#8217;on ne sait, car bien des myst\u00e8res subsistent.<\/p>\n","protected":false},"featured_media":3689,"comment_status":"closed","ping_status":"closed","template":"","meta":[],"product_brand":[],"product_cat":[46],"product_tag":[],"class_list":{"0":"post-3688","1":"product","2":"type-product","3":"status-publish","4":"has-post-thumbnail","6":"product_cat-librairie","8":"first","9":"instock","10":"shipping-taxable","11":"purchasable","12":"product-type-simple"},"yoast_head":"<!-- This site is optimized with the Yoast SEO plugin v27.3 - https:\/\/yoast.com\/product\/yoast-seo-wordpress\/ -->\n<title>Madame Dupin - Chenonceau<\/title>\n<meta name=\"robots\" content=\"index, follow, max-snippet:-1, max-image-preview:large, max-video-preview:-1\" \/>\n<link rel=\"canonical\" href=\"https:\/\/www.chenonceau.com\/boutique\/librairie\/madame-dupin\/\" \/>\n<meta property=\"og:locale\" content=\"en_US\" \/>\n<meta property=\"og:type\" content=\"article\" \/>\n<meta property=\"og:title\" content=\"Madame Dupin - Chenonceau\" \/>\n<meta property=\"og:description\" content=\"Louise Dupin, propri\u00e9taire de l&#039;h\u00f4tel Lambert \u00e0 Paris et de Chenonceau au XVIIIe si\u00e8cle, \u00e9tait c\u00e9l\u00e8bre pour sa beaut\u00e9 et son esprit. Les hommes de lettres et de sciences se pressaient dans son salon parisien : Montesquieu, Voltaire, Buffon, etc. George Sand, son arri\u00e8re-petite-fille par alliance, a parl\u00e9 d&#039;elle dans Histoire de ma vie avec grande admiration et reconnu en elle une philosophe &quot;avanc\u00e9e&quot;, aux id\u00e9es proches des siennes. Louise Dupin s&#039;adonnait \u00e0 la philosophie et avait pr\u00e9par\u00e9 deux essais sur l&#039;amiti\u00e9 et le bonheur. Surtout, elle avait travaill\u00e9 longtemps \u00e0 un grand ouvrage sur la d\u00e9fense de son sexe. Elle y avait d\u00e9velopp\u00e9 des id\u00e9es tr\u00e8s modernes, proposant un contrat de mariage de dur\u00e9e limit\u00e9e, l&#039;\u00e9galit\u00e9 entre les \u00e9poux et le mariage des pr\u00eatres. Elle avait embauch\u00e9 Jean-Jacques Rousseau, encore inconnu, pour la r\u00e9daction de ses textes. Des chagrins l&#039;auraient emp\u00each\u00e9e de publier. Seuls des manuscrits inachev\u00e9s nous sont parvenus. A la suite de George Sand, les historiens lui reconnaissent une place remarquable dans l&#039;histoire des femmes et du f\u00e9minisme. Elle fut bienfaisante \u00e0 beaucoup, l&#039;abb\u00e9 de Saint-Pierre, Jean-Jacques Rousseau... Gr\u00e2ce \u00e0 elle, Bretonneau, le grand m\u00e9decin du XIXe si\u00e8cle, a pu faire ses \u00e9tudes. Pendant la R\u00e9volution, elle a r\u00e9ussi \u00e0 pr\u00e9server Chenonceau de la d\u00e9molition. Ce livre retrace sa vie, ses relations avec les philosophes et donne un aper\u00e7u de ses \u00e9crits, retournant aux sources et \u00e9vitant d&#039;en dire plus qu&#039;on ne sait, car bien des myst\u00e8res subsistent.\" \/>\n<meta property=\"og:url\" content=\"https:\/\/www.chenonceau.com\/boutique\/librairie\/madame-dupin\/\" \/>\n<meta property=\"og:site_name\" content=\"Chenonceau\" \/>\n<meta property=\"article:modified_time\" content=\"2024-09-27T14:13:13+00:00\" \/>\n<meta property=\"og:image\" content=\"https:\/\/www.chenonceau.com\/wp-content\/uploads\/2023\/06\/Madame-Dupin.jpg\" \/>\n\t<meta property=\"og:image:width\" content=\"350\" \/>\n\t<meta property=\"og:image:height\" content=\"350\" \/>\n\t<meta property=\"og:image:type\" content=\"image\/jpeg\" \/>\n<meta name=\"twitter:card\" content=\"summary_large_image\" \/>\n<script type=\"application\/ld+json\" class=\"yoast-schema-graph\">{\"@context\":\"https:\\\/\\\/schema.org\",\"@graph\":[{\"@type\":\"WebPage\",\"@id\":\"https:\\\/\\\/www.chenonceau.com\\\/boutique\\\/librairie\\\/madame-dupin\\\/\",\"url\":\"https:\\\/\\\/www.chenonceau.com\\\/boutique\\\/librairie\\\/madame-dupin\\\/\",\"name\":\"Madame Dupin - Chenonceau\",\"isPartOf\":{\"@id\":\"https:\\\/\\\/www.chenonceau.com\\\/#website\"},\"primaryImageOfPage\":{\"@id\":\"https:\\\/\\\/www.chenonceau.com\\\/boutique\\\/librairie\\\/madame-dupin\\\/#primaryimage\"},\"image\":{\"@id\":\"https:\\\/\\\/www.chenonceau.com\\\/boutique\\\/librairie\\\/madame-dupin\\\/#primaryimage\"},\"thumbnailUrl\":\"https:\\\/\\\/www.chenonceau.com\\\/wp-content\\\/uploads\\\/2023\\\/06\\\/Madame-Dupin.jpg\",\"datePublished\":\"2023-06-07T11:59:48+00:00\",\"dateModified\":\"2024-09-27T14:13:13+00:00\",\"breadcrumb\":{\"@id\":\"https:\\\/\\\/www.chenonceau.com\\\/boutique\\\/librairie\\\/madame-dupin\\\/#breadcrumb\"},\"inLanguage\":\"en-US\",\"potentialAction\":[{\"@type\":\"ReadAction\",\"target\":[\"https:\\\/\\\/www.chenonceau.com\\\/boutique\\\/librairie\\\/madame-dupin\\\/\"]}]},{\"@type\":\"ImageObject\",\"inLanguage\":\"en-US\",\"@id\":\"https:\\\/\\\/www.chenonceau.com\\\/boutique\\\/librairie\\\/madame-dupin\\\/#primaryimage\",\"url\":\"https:\\\/\\\/www.chenonceau.com\\\/wp-content\\\/uploads\\\/2023\\\/06\\\/Madame-Dupin.jpg\",\"contentUrl\":\"https:\\\/\\\/www.chenonceau.com\\\/wp-content\\\/uploads\\\/2023\\\/06\\\/Madame-Dupin.jpg\",\"width\":350,\"height\":350},{\"@type\":\"BreadcrumbList\",\"@id\":\"https:\\\/\\\/www.chenonceau.com\\\/boutique\\\/librairie\\\/madame-dupin\\\/#breadcrumb\",\"itemListElement\":[{\"@type\":\"ListItem\",\"position\":1,\"name\":\"Accueil\",\"item\":\"https:\\\/\\\/www.chenonceau.com\\\/en\\\/\"},{\"@type\":\"ListItem\",\"position\":2,\"name\":\"Boutique\",\"item\":\"https:\\\/\\\/www.chenonceau.com\\\/boutique\\\/\"},{\"@type\":\"ListItem\",\"position\":3,\"name\":\"Madame Dupin\"}]},{\"@type\":\"WebSite\",\"@id\":\"https:\\\/\\\/www.chenonceau.com\\\/#website\",\"url\":\"https:\\\/\\\/www.chenonceau.com\\\/\",\"name\":\"Chenonceau\",\"description\":\"\",\"publisher\":{\"@id\":\"https:\\\/\\\/www.chenonceau.com\\\/#organization\"},\"potentialAction\":[{\"@type\":\"SearchAction\",\"target\":{\"@type\":\"EntryPoint\",\"urlTemplate\":\"https:\\\/\\\/www.chenonceau.com\\\/?s={search_term_string}\"},\"query-input\":{\"@type\":\"PropertyValueSpecification\",\"valueRequired\":true,\"valueName\":\"search_term_string\"}}],\"inLanguage\":\"en-US\"},{\"@type\":\"Organization\",\"@id\":\"https:\\\/\\\/www.chenonceau.com\\\/#organization\",\"name\":\"Ch\u00e2teau de Chenonceau\",\"url\":\"https:\\\/\\\/www.chenonceau.com\\\/\",\"logo\":{\"@type\":\"ImageObject\",\"inLanguage\":\"en-US\",\"@id\":\"https:\\\/\\\/www.chenonceau.com\\\/#\\\/schema\\\/logo\\\/image\\\/\",\"url\":\"https:\\\/\\\/www.chenonceau.com\\\/wp-content\\\/uploads\\\/2014\\\/12\\\/cropped-logo_bas_page.png\",\"contentUrl\":\"https:\\\/\\\/www.chenonceau.com\\\/wp-content\\\/uploads\\\/2014\\\/12\\\/cropped-logo_bas_page.png\",\"width\":512,\"height\":512,\"caption\":\"Ch\u00e2teau de Chenonceau\"},\"image\":{\"@id\":\"https:\\\/\\\/www.chenonceau.com\\\/#\\\/schema\\\/logo\\\/image\\\/\"}}]}<\/script>\n<!-- \/ Yoast SEO plugin. -->","yoast_head_json":{"title":"Madame Dupin - Chenonceau","robots":{"index":"index","follow":"follow","max-snippet":"max-snippet:-1","max-image-preview":"max-image-preview:large","max-video-preview":"max-video-preview:-1"},"canonical":"https:\/\/www.chenonceau.com\/boutique\/librairie\/madame-dupin\/","og_locale":"en_US","og_type":"article","og_title":"Madame Dupin - Chenonceau","og_description":"Louise Dupin, propri\u00e9taire de l'h\u00f4tel Lambert \u00e0 Paris et de Chenonceau au XVIIIe si\u00e8cle, \u00e9tait c\u00e9l\u00e8bre pour sa beaut\u00e9 et son esprit. Les hommes de lettres et de sciences se pressaient dans son salon parisien : Montesquieu, Voltaire, Buffon, etc. George Sand, son arri\u00e8re-petite-fille par alliance, a parl\u00e9 d'elle dans Histoire de ma vie avec grande admiration et reconnu en elle une philosophe \"avanc\u00e9e\", aux id\u00e9es proches des siennes. Louise Dupin s'adonnait \u00e0 la philosophie et avait pr\u00e9par\u00e9 deux essais sur l'amiti\u00e9 et le bonheur. Surtout, elle avait travaill\u00e9 longtemps \u00e0 un grand ouvrage sur la d\u00e9fense de son sexe. Elle y avait d\u00e9velopp\u00e9 des id\u00e9es tr\u00e8s modernes, proposant un contrat de mariage de dur\u00e9e limit\u00e9e, l'\u00e9galit\u00e9 entre les \u00e9poux et le mariage des pr\u00eatres. Elle avait embauch\u00e9 Jean-Jacques Rousseau, encore inconnu, pour la r\u00e9daction de ses textes. Des chagrins l'auraient emp\u00each\u00e9e de publier. Seuls des manuscrits inachev\u00e9s nous sont parvenus. A la suite de George Sand, les historiens lui reconnaissent une place remarquable dans l'histoire des femmes et du f\u00e9minisme. Elle fut bienfaisante \u00e0 beaucoup, l'abb\u00e9 de Saint-Pierre, Jean-Jacques Rousseau... Gr\u00e2ce \u00e0 elle, Bretonneau, le grand m\u00e9decin du XIXe si\u00e8cle, a pu faire ses \u00e9tudes. Pendant la R\u00e9volution, elle a r\u00e9ussi \u00e0 pr\u00e9server Chenonceau de la d\u00e9molition. Ce livre retrace sa vie, ses relations avec les philosophes et donne un aper\u00e7u de ses \u00e9crits, retournant aux sources et \u00e9vitant d'en dire plus qu'on ne sait, car bien des myst\u00e8res subsistent.","og_url":"https:\/\/www.chenonceau.com\/boutique\/librairie\/madame-dupin\/","og_site_name":"Chenonceau","article_modified_time":"2024-09-27T14:13:13+00:00","og_image":[{"width":350,"height":350,"url":"https:\/\/www.chenonceau.com\/wp-content\/uploads\/2023\/06\/Madame-Dupin.jpg","type":"image\/jpeg"}],"twitter_card":"summary_large_image","schema":{"@context":"https:\/\/schema.org","@graph":[{"@type":"WebPage","@id":"https:\/\/www.chenonceau.com\/boutique\/librairie\/madame-dupin\/","url":"https:\/\/www.chenonceau.com\/boutique\/librairie\/madame-dupin\/","name":"Madame Dupin - Chenonceau","isPartOf":{"@id":"https:\/\/www.chenonceau.com\/#website"},"primaryImageOfPage":{"@id":"https:\/\/www.chenonceau.com\/boutique\/librairie\/madame-dupin\/#primaryimage"},"image":{"@id":"https:\/\/www.chenonceau.com\/boutique\/librairie\/madame-dupin\/#primaryimage"},"thumbnailUrl":"https:\/\/www.chenonceau.com\/wp-content\/uploads\/2023\/06\/Madame-Dupin.jpg","datePublished":"2023-06-07T11:59:48+00:00","dateModified":"2024-09-27T14:13:13+00:00","breadcrumb":{"@id":"https:\/\/www.chenonceau.com\/boutique\/librairie\/madame-dupin\/#breadcrumb"},"inLanguage":"en-US","potentialAction":[{"@type":"ReadAction","target":["https:\/\/www.chenonceau.com\/boutique\/librairie\/madame-dupin\/"]}]},{"@type":"ImageObject","inLanguage":"en-US","@id":"https:\/\/www.chenonceau.com\/boutique\/librairie\/madame-dupin\/#primaryimage","url":"https:\/\/www.chenonceau.com\/wp-content\/uploads\/2023\/06\/Madame-Dupin.jpg","contentUrl":"https:\/\/www.chenonceau.com\/wp-content\/uploads\/2023\/06\/Madame-Dupin.jpg","width":350,"height":350},{"@type":"BreadcrumbList","@id":"https:\/\/www.chenonceau.com\/boutique\/librairie\/madame-dupin\/#breadcrumb","itemListElement":[{"@type":"ListItem","position":1,"name":"Accueil","item":"https:\/\/www.chenonceau.com\/en\/"},{"@type":"ListItem","position":2,"name":"Boutique","item":"https:\/\/www.chenonceau.com\/boutique\/"},{"@type":"ListItem","position":3,"name":"Madame Dupin"}]},{"@type":"WebSite","@id":"https:\/\/www.chenonceau.com\/#website","url":"https:\/\/www.chenonceau.com\/","name":"Chenonceau","description":"","publisher":{"@id":"https:\/\/www.chenonceau.com\/#organization"},"potentialAction":[{"@type":"SearchAction","target":{"@type":"EntryPoint","urlTemplate":"https:\/\/www.chenonceau.com\/?s={search_term_string}"},"query-input":{"@type":"PropertyValueSpecification","valueRequired":true,"valueName":"search_term_string"}}],"inLanguage":"en-US"},{"@type":"Organization","@id":"https:\/\/www.chenonceau.com\/#organization","name":"Ch\u00e2teau de Chenonceau","url":"https:\/\/www.chenonceau.com\/","logo":{"@type":"ImageObject","inLanguage":"en-US","@id":"https:\/\/www.chenonceau.com\/#\/schema\/logo\/image\/","url":"https:\/\/www.chenonceau.com\/wp-content\/uploads\/2014\/12\/cropped-logo_bas_page.png","contentUrl":"https:\/\/www.chenonceau.com\/wp-content\/uploads\/2014\/12\/cropped-logo_bas_page.png","width":512,"height":512,"caption":"Ch\u00e2teau de Chenonceau"},"image":{"@id":"https:\/\/www.chenonceau.com\/#\/schema\/logo\/image\/"}}]}},"_links":{"self":[{"href":"https:\/\/www.chenonceau.com\/en\/wp-json\/wp\/v2\/product\/3688","targetHints":{"allow":["GET"]}}],"collection":[{"href":"https:\/\/www.chenonceau.com\/en\/wp-json\/wp\/v2\/product"}],"about":[{"href":"https:\/\/www.chenonceau.com\/en\/wp-json\/wp\/v2\/types\/product"}],"replies":[{"embeddable":true,"href":"https:\/\/www.chenonceau.com\/en\/wp-json\/wp\/v2\/comments?post=3688"}],"wp:featuredmedia":[{"embeddable":true,"href":"https:\/\/www.chenonceau.com\/en\/wp-json\/wp\/v2\/media\/3689"}],"wp:attachment":[{"href":"https:\/\/www.chenonceau.com\/en\/wp-json\/wp\/v2\/media?parent=3688"}],"wp:term":[{"taxonomy":"product_brand","embeddable":true,"href":"https:\/\/www.chenonceau.com\/en\/wp-json\/wp\/v2\/product_brand?post=3688"},{"taxonomy":"product_cat","embeddable":true,"href":"https:\/\/www.chenonceau.com\/en\/wp-json\/wp\/v2\/product_cat?post=3688"},{"taxonomy":"product_tag","embeddable":true,"href":"https:\/\/www.chenonceau.com\/en\/wp-json\/wp\/v2\/product_tag?post=3688"}],"curies":[{"name":"wp","href":"https:\/\/api.w.org\/{rel}","templated":true}]}}