{"id":3691,"date":"2023-06-07T14:07:38","date_gmt":"2023-06-07T12:07:38","guid":{"rendered":"https:\/\/www.chenonceau.com\/?post_type=product&#038;p=3691"},"modified":"2025-09-09T20:00:12","modified_gmt":"2025-09-09T18:00:12","slug":"les-dames-de-chenonceau","status":"publish","type":"product","link":"https:\/\/www.chenonceau.com\/en\/boutique\/librairie\/les-dames-de-chenonceau\/","title":{"rendered":"Les dames de Chenonceau"},"content":{"rendered":"","protected":false},"excerpt":{"rendered":"<p>\u00c9voquant le magnifique ch\u00e2teau de Chenonceau, Marguerite Yourcenar a \u00e9crit : &#8221; Le hasard a voulu que ce f\u00fbt surtout une demeure de femmes &#8220;. Elles sont nombreuses en effet toutes celles qui, au fil de cinq si\u00e8cles, se sont prises de passion pour ce ch\u00e2teau sans \u00e9gal. Reines, favorites, grandes bourgeoises, elles n&#8217;ont cess\u00e9 de donner vie \u00e0 ces pierres, de les embellir, de panser leurs plaies inflig\u00e9es par le temps. Elles ont \u00e9t\u00e9 les amantes de Chenonceau et, comme il n&#8217;est pas d&#8217;amour durable sans \u00e9change, celui-ci les a combl\u00e9es en devenant l&#8217;\u00e9crin de leur beaut\u00e9 ou de leur gloire. Ces femmes extraordinaires se nomment Catherine de M\u00e9dicis, Diane de Poitiers, Gabrielle d&#8217;Estr\u00e9es, Marie de Luxembourg, Louise Dupin, Appolline de Villeneuve, Marguerite Pelouze, etc. A travers leur ind\u00e9fectible attachement \u00e0 une demeure unique au monde, elles sont ici ressuscit\u00e9es par Christiane Gil en des pages vibrantes d&#8217;\u00e9motion. <\/p>\n","protected":false},"featured_media":4346,"comment_status":"closed","ping_status":"closed","template":"","meta":[],"product_brand":[],"product_cat":[46],"product_tag":[],"class_list":{"0":"post-3691","1":"product","2":"type-product","3":"status-publish","4":"has-post-thumbnail","6":"product_cat-librairie","8":"first","9":"instock","10":"shipping-taxable","11":"purchasable","12":"product-type-simple"},"yoast_head":"<!-- This site is optimized with the Yoast SEO plugin v27.3 - https:\/\/yoast.com\/product\/yoast-seo-wordpress\/ -->\n<title>Les dames de Chenonceau - Chenonceau<\/title>\n<meta name=\"robots\" content=\"index, follow, max-snippet:-1, max-image-preview:large, max-video-preview:-1\" \/>\n<link rel=\"canonical\" href=\"https:\/\/www.chenonceau.com\/boutique\/librairie\/les-dames-de-chenonceau\/\" \/>\n<meta property=\"og:locale\" content=\"en_US\" \/>\n<meta property=\"og:type\" content=\"article\" \/>\n<meta property=\"og:title\" content=\"Les dames de Chenonceau - Chenonceau\" \/>\n<meta property=\"og:description\" content=\"\u00c9voquant le magnifique ch\u00e2teau de Chenonceau, Marguerite Yourcenar a \u00e9crit : &quot; Le hasard a voulu que ce f\u00fbt surtout une demeure de femmes &quot;. Elles sont nombreuses en effet toutes celles qui, au fil de cinq si\u00e8cles, se sont prises de passion pour ce ch\u00e2teau sans \u00e9gal. Reines, favorites, grandes bourgeoises, elles n&#039;ont cess\u00e9 de donner vie \u00e0 ces pierres, de les embellir, de panser leurs plaies inflig\u00e9es par le temps. Elles ont \u00e9t\u00e9 les amantes de Chenonceau et, comme il n&#039;est pas d&#039;amour durable sans \u00e9change, celui-ci les a combl\u00e9es en devenant l&#039;\u00e9crin de leur beaut\u00e9 ou de leur gloire. Ces femmes extraordinaires se nomment Catherine de M\u00e9dicis, Diane de Poitiers, Gabrielle d&#039;Estr\u00e9es, Marie de Luxembourg, Louise Dupin, Appolline de Villeneuve, Marguerite Pelouze, etc. A travers leur ind\u00e9fectible attachement \u00e0 une demeure unique au monde, elles sont ici ressuscit\u00e9es par Christiane Gil en des pages vibrantes d&#039;\u00e9motion.\" \/>\n<meta property=\"og:url\" content=\"https:\/\/www.chenonceau.com\/boutique\/librairie\/les-dames-de-chenonceau\/\" \/>\n<meta property=\"og:site_name\" content=\"Chenonceau\" \/>\n<meta property=\"article:modified_time\" content=\"2025-09-09T18:00:12+00:00\" \/>\n<meta property=\"og:image\" content=\"https:\/\/www.chenonceau.com\/wp-content\/uploads\/2023\/06\/les-dames.png\" \/>\n\t<meta property=\"og:image:width\" content=\"475\" \/>\n\t<meta property=\"og:image:height\" content=\"475\" \/>\n\t<meta property=\"og:image:type\" content=\"image\/png\" \/>\n<meta name=\"twitter:card\" content=\"summary_large_image\" \/>\n<meta name=\"twitter:label1\" content=\"Est. reading time\" \/>\n\t<meta name=\"twitter:data1\" content=\"1 minute\" \/>\n<script type=\"application\/ld+json\" class=\"yoast-schema-graph\">{\"@context\":\"https:\\\/\\\/schema.org\",\"@graph\":[{\"@type\":\"WebPage\",\"@id\":\"https:\\\/\\\/www.chenonceau.com\\\/boutique\\\/librairie\\\/les-dames-de-chenonceau\\\/\",\"url\":\"https:\\\/\\\/www.chenonceau.com\\\/boutique\\\/librairie\\\/les-dames-de-chenonceau\\\/\",\"name\":\"Les dames de Chenonceau - Chenonceau\",\"isPartOf\":{\"@id\":\"https:\\\/\\\/www.chenonceau.com\\\/#website\"},\"primaryImageOfPage\":{\"@id\":\"https:\\\/\\\/www.chenonceau.com\\\/boutique\\\/librairie\\\/les-dames-de-chenonceau\\\/#primaryimage\"},\"image\":{\"@id\":\"https:\\\/\\\/www.chenonceau.com\\\/boutique\\\/librairie\\\/les-dames-de-chenonceau\\\/#primaryimage\"},\"thumbnailUrl\":\"https:\\\/\\\/www.chenonceau.com\\\/wp-content\\\/uploads\\\/2023\\\/06\\\/les-dames.png\",\"datePublished\":\"2023-06-07T12:07:38+00:00\",\"dateModified\":\"2025-09-09T18:00:12+00:00\",\"breadcrumb\":{\"@id\":\"https:\\\/\\\/www.chenonceau.com\\\/boutique\\\/librairie\\\/les-dames-de-chenonceau\\\/#breadcrumb\"},\"inLanguage\":\"en-US\",\"potentialAction\":[{\"@type\":\"ReadAction\",\"target\":[\"https:\\\/\\\/www.chenonceau.com\\\/boutique\\\/librairie\\\/les-dames-de-chenonceau\\\/\"]}]},{\"@type\":\"ImageObject\",\"inLanguage\":\"en-US\",\"@id\":\"https:\\\/\\\/www.chenonceau.com\\\/boutique\\\/librairie\\\/les-dames-de-chenonceau\\\/#primaryimage\",\"url\":\"https:\\\/\\\/www.chenonceau.com\\\/wp-content\\\/uploads\\\/2023\\\/06\\\/les-dames.png\",\"contentUrl\":\"https:\\\/\\\/www.chenonceau.com\\\/wp-content\\\/uploads\\\/2023\\\/06\\\/les-dames.png\",\"width\":475,\"height\":475},{\"@type\":\"BreadcrumbList\",\"@id\":\"https:\\\/\\\/www.chenonceau.com\\\/boutique\\\/librairie\\\/les-dames-de-chenonceau\\\/#breadcrumb\",\"itemListElement\":[{\"@type\":\"ListItem\",\"position\":1,\"name\":\"Accueil\",\"item\":\"https:\\\/\\\/www.chenonceau.com\\\/en\\\/\"},{\"@type\":\"ListItem\",\"position\":2,\"name\":\"Boutique\",\"item\":\"https:\\\/\\\/www.chenonceau.com\\\/boutique\\\/\"},{\"@type\":\"ListItem\",\"position\":3,\"name\":\"Les dames de Chenonceau\"}]},{\"@type\":\"WebSite\",\"@id\":\"https:\\\/\\\/www.chenonceau.com\\\/#website\",\"url\":\"https:\\\/\\\/www.chenonceau.com\\\/\",\"name\":\"Chenonceau\",\"description\":\"\",\"publisher\":{\"@id\":\"https:\\\/\\\/www.chenonceau.com\\\/#organization\"},\"potentialAction\":[{\"@type\":\"SearchAction\",\"target\":{\"@type\":\"EntryPoint\",\"urlTemplate\":\"https:\\\/\\\/www.chenonceau.com\\\/?s={search_term_string}\"},\"query-input\":{\"@type\":\"PropertyValueSpecification\",\"valueRequired\":true,\"valueName\":\"search_term_string\"}}],\"inLanguage\":\"en-US\"},{\"@type\":\"Organization\",\"@id\":\"https:\\\/\\\/www.chenonceau.com\\\/#organization\",\"name\":\"Ch\u00e2teau de Chenonceau\",\"url\":\"https:\\\/\\\/www.chenonceau.com\\\/\",\"logo\":{\"@type\":\"ImageObject\",\"inLanguage\":\"en-US\",\"@id\":\"https:\\\/\\\/www.chenonceau.com\\\/#\\\/schema\\\/logo\\\/image\\\/\",\"url\":\"https:\\\/\\\/www.chenonceau.com\\\/wp-content\\\/uploads\\\/2014\\\/12\\\/cropped-logo_bas_page.png\",\"contentUrl\":\"https:\\\/\\\/www.chenonceau.com\\\/wp-content\\\/uploads\\\/2014\\\/12\\\/cropped-logo_bas_page.png\",\"width\":512,\"height\":512,\"caption\":\"Ch\u00e2teau de Chenonceau\"},\"image\":{\"@id\":\"https:\\\/\\\/www.chenonceau.com\\\/#\\\/schema\\\/logo\\\/image\\\/\"}}]}<\/script>\n<!-- \/ Yoast SEO plugin. -->","yoast_head_json":{"title":"Les dames de Chenonceau - Chenonceau","robots":{"index":"index","follow":"follow","max-snippet":"max-snippet:-1","max-image-preview":"max-image-preview:large","max-video-preview":"max-video-preview:-1"},"canonical":"https:\/\/www.chenonceau.com\/boutique\/librairie\/les-dames-de-chenonceau\/","og_locale":"en_US","og_type":"article","og_title":"Les dames de Chenonceau - Chenonceau","og_description":"\u00c9voquant le magnifique ch\u00e2teau de Chenonceau, Marguerite Yourcenar a \u00e9crit : \" Le hasard a voulu que ce f\u00fbt surtout une demeure de femmes \". Elles sont nombreuses en effet toutes celles qui, au fil de cinq si\u00e8cles, se sont prises de passion pour ce ch\u00e2teau sans \u00e9gal. Reines, favorites, grandes bourgeoises, elles n'ont cess\u00e9 de donner vie \u00e0 ces pierres, de les embellir, de panser leurs plaies inflig\u00e9es par le temps. Elles ont \u00e9t\u00e9 les amantes de Chenonceau et, comme il n'est pas d'amour durable sans \u00e9change, celui-ci les a combl\u00e9es en devenant l'\u00e9crin de leur beaut\u00e9 ou de leur gloire. Ces femmes extraordinaires se nomment Catherine de M\u00e9dicis, Diane de Poitiers, Gabrielle d'Estr\u00e9es, Marie de Luxembourg, Louise Dupin, Appolline de Villeneuve, Marguerite Pelouze, etc. A travers leur ind\u00e9fectible attachement \u00e0 une demeure unique au monde, elles sont ici ressuscit\u00e9es par Christiane Gil en des pages vibrantes d'\u00e9motion.","og_url":"https:\/\/www.chenonceau.com\/boutique\/librairie\/les-dames-de-chenonceau\/","og_site_name":"Chenonceau","article_modified_time":"2025-09-09T18:00:12+00:00","og_image":[{"width":475,"height":475,"url":"https:\/\/www.chenonceau.com\/wp-content\/uploads\/2023\/06\/les-dames.png","type":"image\/png"}],"twitter_card":"summary_large_image","twitter_misc":{"Est. reading time":"1 minute"},"schema":{"@context":"https:\/\/schema.org","@graph":[{"@type":"WebPage","@id":"https:\/\/www.chenonceau.com\/boutique\/librairie\/les-dames-de-chenonceau\/","url":"https:\/\/www.chenonceau.com\/boutique\/librairie\/les-dames-de-chenonceau\/","name":"Les dames de Chenonceau - Chenonceau","isPartOf":{"@id":"https:\/\/www.chenonceau.com\/#website"},"primaryImageOfPage":{"@id":"https:\/\/www.chenonceau.com\/boutique\/librairie\/les-dames-de-chenonceau\/#primaryimage"},"image":{"@id":"https:\/\/www.chenonceau.com\/boutique\/librairie\/les-dames-de-chenonceau\/#primaryimage"},"thumbnailUrl":"https:\/\/www.chenonceau.com\/wp-content\/uploads\/2023\/06\/les-dames.png","datePublished":"2023-06-07T12:07:38+00:00","dateModified":"2025-09-09T18:00:12+00:00","breadcrumb":{"@id":"https:\/\/www.chenonceau.com\/boutique\/librairie\/les-dames-de-chenonceau\/#breadcrumb"},"inLanguage":"en-US","potentialAction":[{"@type":"ReadAction","target":["https:\/\/www.chenonceau.com\/boutique\/librairie\/les-dames-de-chenonceau\/"]}]},{"@type":"ImageObject","inLanguage":"en-US","@id":"https:\/\/www.chenonceau.com\/boutique\/librairie\/les-dames-de-chenonceau\/#primaryimage","url":"https:\/\/www.chenonceau.com\/wp-content\/uploads\/2023\/06\/les-dames.png","contentUrl":"https:\/\/www.chenonceau.com\/wp-content\/uploads\/2023\/06\/les-dames.png","width":475,"height":475},{"@type":"BreadcrumbList","@id":"https:\/\/www.chenonceau.com\/boutique\/librairie\/les-dames-de-chenonceau\/#breadcrumb","itemListElement":[{"@type":"ListItem","position":1,"name":"Accueil","item":"https:\/\/www.chenonceau.com\/en\/"},{"@type":"ListItem","position":2,"name":"Boutique","item":"https:\/\/www.chenonceau.com\/boutique\/"},{"@type":"ListItem","position":3,"name":"Les dames de Chenonceau"}]},{"@type":"WebSite","@id":"https:\/\/www.chenonceau.com\/#website","url":"https:\/\/www.chenonceau.com\/","name":"Chenonceau","description":"","publisher":{"@id":"https:\/\/www.chenonceau.com\/#organization"},"potentialAction":[{"@type":"SearchAction","target":{"@type":"EntryPoint","urlTemplate":"https:\/\/www.chenonceau.com\/?s={search_term_string}"},"query-input":{"@type":"PropertyValueSpecification","valueRequired":true,"valueName":"search_term_string"}}],"inLanguage":"en-US"},{"@type":"Organization","@id":"https:\/\/www.chenonceau.com\/#organization","name":"Ch\u00e2teau de Chenonceau","url":"https:\/\/www.chenonceau.com\/","logo":{"@type":"ImageObject","inLanguage":"en-US","@id":"https:\/\/www.chenonceau.com\/#\/schema\/logo\/image\/","url":"https:\/\/www.chenonceau.com\/wp-content\/uploads\/2014\/12\/cropped-logo_bas_page.png","contentUrl":"https:\/\/www.chenonceau.com\/wp-content\/uploads\/2014\/12\/cropped-logo_bas_page.png","width":512,"height":512,"caption":"Ch\u00e2teau de Chenonceau"},"image":{"@id":"https:\/\/www.chenonceau.com\/#\/schema\/logo\/image\/"}}]}},"_links":{"self":[{"href":"https:\/\/www.chenonceau.com\/en\/wp-json\/wp\/v2\/product\/3691","targetHints":{"allow":["GET"]}}],"collection":[{"href":"https:\/\/www.chenonceau.com\/en\/wp-json\/wp\/v2\/product"}],"about":[{"href":"https:\/\/www.chenonceau.com\/en\/wp-json\/wp\/v2\/types\/product"}],"replies":[{"embeddable":true,"href":"https:\/\/www.chenonceau.com\/en\/wp-json\/wp\/v2\/comments?post=3691"}],"wp:featuredmedia":[{"embeddable":true,"href":"https:\/\/www.chenonceau.com\/en\/wp-json\/wp\/v2\/media\/4346"}],"wp:attachment":[{"href":"https:\/\/www.chenonceau.com\/en\/wp-json\/wp\/v2\/media?parent=3691"}],"wp:term":[{"taxonomy":"product_brand","embeddable":true,"href":"https:\/\/www.chenonceau.com\/en\/wp-json\/wp\/v2\/product_brand?post=3691"},{"taxonomy":"product_cat","embeddable":true,"href":"https:\/\/www.chenonceau.com\/en\/wp-json\/wp\/v2\/product_cat?post=3691"},{"taxonomy":"product_tag","embeddable":true,"href":"https:\/\/www.chenonceau.com\/en\/wp-json\/wp\/v2\/product_tag?post=3691"}],"curies":[{"name":"wp","href":"https:\/\/api.w.org\/{rel}","templated":true}]}}