{"id":3840,"date":"2023-09-07T14:08:20","date_gmt":"2023-09-07T12:08:20","guid":{"rendered":"https:\/\/www.chenonceau.com\/?post_type=product&#038;p=3840"},"modified":"2025-11-24T12:08:06","modified_gmt":"2025-11-24T11:08:06","slug":"marque-pages","status":"publish","type":"product","link":"https:\/\/www.chenonceau.com\/en\/boutique\/librairie\/marque-pages\/","title":{"rendered":"Marque-pages"},"content":{"rendered":"<p>Ribambelle : 70&#215;16 cm<br \/>\nFormat de chaque marque-page : 6&#215;16 cm<\/p>\n","protected":false},"excerpt":{"rendered":"<p>Accord\u00e9on de 5 marque-pages d\u00e9tachables repr\u00e9sentant Catherine de M\u00e9dicis, Diane de Poitiers, Henri III, Louise de Lorraine et Louise Dupin.<\/p>\n<p>Mat\u00e9riau: Papier &#038; Carton issus de for\u00eats g\u00e9r\u00e9es durablement. Con\u00e7u et fabriqu\u00e9 en Europe. <\/p>\n","protected":false},"featured_media":4348,"comment_status":"closed","ping_status":"closed","template":"","meta":[],"product_brand":[],"product_cat":[46,62],"product_tag":[],"class_list":{"0":"post-3840","1":"product","2":"type-product","3":"status-publish","4":"has-post-thumbnail","6":"product_cat-librairie","7":"product_cat-souvenirs","9":"first","10":"instock","11":"shipping-taxable","12":"purchasable","13":"product-type-simple"},"yoast_head":"<!-- This site is optimized with the Yoast SEO plugin v27.3 - https:\/\/yoast.com\/product\/yoast-seo-wordpress\/ -->\n<title>Marque-pages - Chenonceau<\/title>\n<meta name=\"robots\" content=\"index, follow, max-snippet:-1, max-image-preview:large, max-video-preview:-1\" \/>\n<link rel=\"canonical\" href=\"https:\/\/www.chenonceau.com\/boutique\/librairie\/marque-pages\/\" \/>\n<meta property=\"og:locale\" content=\"en_US\" \/>\n<meta property=\"og:type\" content=\"article\" \/>\n<meta property=\"og:title\" content=\"Marque-pages - Chenonceau\" \/>\n<meta property=\"og:description\" content=\"Accord\u00e9on de 5 marque-pages d\u00e9tachables repr\u00e9sentant Catherine de M\u00e9dicis, Diane de Poitiers, Henri III, Louise de Lorraine et Louise Dupin.  Mat\u00e9riau: Papier &amp; Carton issus de for\u00eats g\u00e9r\u00e9es durablement. Con\u00e7u et fabriqu\u00e9 en Europe.\" \/>\n<meta property=\"og:url\" content=\"https:\/\/www.chenonceau.com\/boutique\/librairie\/marque-pages\/\" \/>\n<meta property=\"og:site_name\" content=\"Chenonceau\" \/>\n<meta property=\"article:modified_time\" content=\"2025-11-24T11:08:06+00:00\" \/>\n<meta property=\"og:image\" content=\"https:\/\/www.chenonceau.com\/wp-content\/uploads\/2023\/09\/marque-page-1024x1024.png\" \/>\n\t<meta property=\"og:image:width\" content=\"1024\" \/>\n\t<meta property=\"og:image:height\" content=\"1024\" \/>\n\t<meta property=\"og:image:type\" content=\"image\/png\" \/>\n<meta name=\"twitter:card\" content=\"summary_large_image\" \/>\n<meta name=\"twitter:label1\" content=\"Est. reading time\" \/>\n\t<meta name=\"twitter:data1\" content=\"1 minute\" \/>\n<script type=\"application\/ld+json\" class=\"yoast-schema-graph\">{\"@context\":\"https:\\\/\\\/schema.org\",\"@graph\":[{\"@type\":\"WebPage\",\"@id\":\"https:\\\/\\\/www.chenonceau.com\\\/boutique\\\/librairie\\\/marque-pages\\\/\",\"url\":\"https:\\\/\\\/www.chenonceau.com\\\/boutique\\\/librairie\\\/marque-pages\\\/\",\"name\":\"Marque-pages - Chenonceau\",\"isPartOf\":{\"@id\":\"https:\\\/\\\/www.chenonceau.com\\\/#website\"},\"primaryImageOfPage\":{\"@id\":\"https:\\\/\\\/www.chenonceau.com\\\/boutique\\\/librairie\\\/marque-pages\\\/#primaryimage\"},\"image\":{\"@id\":\"https:\\\/\\\/www.chenonceau.com\\\/boutique\\\/librairie\\\/marque-pages\\\/#primaryimage\"},\"thumbnailUrl\":\"https:\\\/\\\/www.chenonceau.com\\\/wp-content\\\/uploads\\\/2023\\\/09\\\/marque-page.png\",\"datePublished\":\"2023-09-07T12:08:20+00:00\",\"dateModified\":\"2025-11-24T11:08:06+00:00\",\"breadcrumb\":{\"@id\":\"https:\\\/\\\/www.chenonceau.com\\\/boutique\\\/librairie\\\/marque-pages\\\/#breadcrumb\"},\"inLanguage\":\"en-US\",\"potentialAction\":[{\"@type\":\"ReadAction\",\"target\":[\"https:\\\/\\\/www.chenonceau.com\\\/boutique\\\/librairie\\\/marque-pages\\\/\"]}]},{\"@type\":\"ImageObject\",\"inLanguage\":\"en-US\",\"@id\":\"https:\\\/\\\/www.chenonceau.com\\\/boutique\\\/librairie\\\/marque-pages\\\/#primaryimage\",\"url\":\"https:\\\/\\\/www.chenonceau.com\\\/wp-content\\\/uploads\\\/2023\\\/09\\\/marque-page.png\",\"contentUrl\":\"https:\\\/\\\/www.chenonceau.com\\\/wp-content\\\/uploads\\\/2023\\\/09\\\/marque-page.png\",\"width\":1920,\"height\":1920},{\"@type\":\"BreadcrumbList\",\"@id\":\"https:\\\/\\\/www.chenonceau.com\\\/boutique\\\/librairie\\\/marque-pages\\\/#breadcrumb\",\"itemListElement\":[{\"@type\":\"ListItem\",\"position\":1,\"name\":\"Accueil\",\"item\":\"https:\\\/\\\/www.chenonceau.com\\\/en\\\/\"},{\"@type\":\"ListItem\",\"position\":2,\"name\":\"Boutique\",\"item\":\"https:\\\/\\\/www.chenonceau.com\\\/boutique\\\/\"},{\"@type\":\"ListItem\",\"position\":3,\"name\":\"Marque-pages\"}]},{\"@type\":\"WebSite\",\"@id\":\"https:\\\/\\\/www.chenonceau.com\\\/#website\",\"url\":\"https:\\\/\\\/www.chenonceau.com\\\/\",\"name\":\"Chenonceau\",\"description\":\"\",\"publisher\":{\"@id\":\"https:\\\/\\\/www.chenonceau.com\\\/#organization\"},\"potentialAction\":[{\"@type\":\"SearchAction\",\"target\":{\"@type\":\"EntryPoint\",\"urlTemplate\":\"https:\\\/\\\/www.chenonceau.com\\\/?s={search_term_string}\"},\"query-input\":{\"@type\":\"PropertyValueSpecification\",\"valueRequired\":true,\"valueName\":\"search_term_string\"}}],\"inLanguage\":\"en-US\"},{\"@type\":\"Organization\",\"@id\":\"https:\\\/\\\/www.chenonceau.com\\\/#organization\",\"name\":\"Ch\u00e2teau de Chenonceau\",\"url\":\"https:\\\/\\\/www.chenonceau.com\\\/\",\"logo\":{\"@type\":\"ImageObject\",\"inLanguage\":\"en-US\",\"@id\":\"https:\\\/\\\/www.chenonceau.com\\\/#\\\/schema\\\/logo\\\/image\\\/\",\"url\":\"https:\\\/\\\/www.chenonceau.com\\\/wp-content\\\/uploads\\\/2014\\\/12\\\/cropped-logo_bas_page.png\",\"contentUrl\":\"https:\\\/\\\/www.chenonceau.com\\\/wp-content\\\/uploads\\\/2014\\\/12\\\/cropped-logo_bas_page.png\",\"width\":512,\"height\":512,\"caption\":\"Ch\u00e2teau de Chenonceau\"},\"image\":{\"@id\":\"https:\\\/\\\/www.chenonceau.com\\\/#\\\/schema\\\/logo\\\/image\\\/\"}}]}<\/script>\n<!-- \/ Yoast SEO plugin. -->","yoast_head_json":{"title":"Marque-pages - Chenonceau","robots":{"index":"index","follow":"follow","max-snippet":"max-snippet:-1","max-image-preview":"max-image-preview:large","max-video-preview":"max-video-preview:-1"},"canonical":"https:\/\/www.chenonceau.com\/boutique\/librairie\/marque-pages\/","og_locale":"en_US","og_type":"article","og_title":"Marque-pages - Chenonceau","og_description":"Accord\u00e9on de 5 marque-pages d\u00e9tachables repr\u00e9sentant Catherine de M\u00e9dicis, Diane de Poitiers, Henri III, Louise de Lorraine et Louise Dupin.  Mat\u00e9riau: Papier & Carton issus de for\u00eats g\u00e9r\u00e9es durablement. Con\u00e7u et fabriqu\u00e9 en Europe.","og_url":"https:\/\/www.chenonceau.com\/boutique\/librairie\/marque-pages\/","og_site_name":"Chenonceau","article_modified_time":"2025-11-24T11:08:06+00:00","og_image":[{"width":1024,"height":1024,"url":"https:\/\/www.chenonceau.com\/wp-content\/uploads\/2023\/09\/marque-page-1024x1024.png","type":"image\/png"}],"twitter_card":"summary_large_image","twitter_misc":{"Est. reading time":"1 minute"},"schema":{"@context":"https:\/\/schema.org","@graph":[{"@type":"WebPage","@id":"https:\/\/www.chenonceau.com\/boutique\/librairie\/marque-pages\/","url":"https:\/\/www.chenonceau.com\/boutique\/librairie\/marque-pages\/","name":"Marque-pages - Chenonceau","isPartOf":{"@id":"https:\/\/www.chenonceau.com\/#website"},"primaryImageOfPage":{"@id":"https:\/\/www.chenonceau.com\/boutique\/librairie\/marque-pages\/#primaryimage"},"image":{"@id":"https:\/\/www.chenonceau.com\/boutique\/librairie\/marque-pages\/#primaryimage"},"thumbnailUrl":"https:\/\/www.chenonceau.com\/wp-content\/uploads\/2023\/09\/marque-page.png","datePublished":"2023-09-07T12:08:20+00:00","dateModified":"2025-11-24T11:08:06+00:00","breadcrumb":{"@id":"https:\/\/www.chenonceau.com\/boutique\/librairie\/marque-pages\/#breadcrumb"},"inLanguage":"en-US","potentialAction":[{"@type":"ReadAction","target":["https:\/\/www.chenonceau.com\/boutique\/librairie\/marque-pages\/"]}]},{"@type":"ImageObject","inLanguage":"en-US","@id":"https:\/\/www.chenonceau.com\/boutique\/librairie\/marque-pages\/#primaryimage","url":"https:\/\/www.chenonceau.com\/wp-content\/uploads\/2023\/09\/marque-page.png","contentUrl":"https:\/\/www.chenonceau.com\/wp-content\/uploads\/2023\/09\/marque-page.png","width":1920,"height":1920},{"@type":"BreadcrumbList","@id":"https:\/\/www.chenonceau.com\/boutique\/librairie\/marque-pages\/#breadcrumb","itemListElement":[{"@type":"ListItem","position":1,"name":"Accueil","item":"https:\/\/www.chenonceau.com\/en\/"},{"@type":"ListItem","position":2,"name":"Boutique","item":"https:\/\/www.chenonceau.com\/boutique\/"},{"@type":"ListItem","position":3,"name":"Marque-pages"}]},{"@type":"WebSite","@id":"https:\/\/www.chenonceau.com\/#website","url":"https:\/\/www.chenonceau.com\/","name":"Chenonceau","description":"","publisher":{"@id":"https:\/\/www.chenonceau.com\/#organization"},"potentialAction":[{"@type":"SearchAction","target":{"@type":"EntryPoint","urlTemplate":"https:\/\/www.chenonceau.com\/?s={search_term_string}"},"query-input":{"@type":"PropertyValueSpecification","valueRequired":true,"valueName":"search_term_string"}}],"inLanguage":"en-US"},{"@type":"Organization","@id":"https:\/\/www.chenonceau.com\/#organization","name":"Ch\u00e2teau de Chenonceau","url":"https:\/\/www.chenonceau.com\/","logo":{"@type":"ImageObject","inLanguage":"en-US","@id":"https:\/\/www.chenonceau.com\/#\/schema\/logo\/image\/","url":"https:\/\/www.chenonceau.com\/wp-content\/uploads\/2014\/12\/cropped-logo_bas_page.png","contentUrl":"https:\/\/www.chenonceau.com\/wp-content\/uploads\/2014\/12\/cropped-logo_bas_page.png","width":512,"height":512,"caption":"Ch\u00e2teau de Chenonceau"},"image":{"@id":"https:\/\/www.chenonceau.com\/#\/schema\/logo\/image\/"}}]}},"_links":{"self":[{"href":"https:\/\/www.chenonceau.com\/en\/wp-json\/wp\/v2\/product\/3840","targetHints":{"allow":["GET"]}}],"collection":[{"href":"https:\/\/www.chenonceau.com\/en\/wp-json\/wp\/v2\/product"}],"about":[{"href":"https:\/\/www.chenonceau.com\/en\/wp-json\/wp\/v2\/types\/product"}],"replies":[{"embeddable":true,"href":"https:\/\/www.chenonceau.com\/en\/wp-json\/wp\/v2\/comments?post=3840"}],"wp:featuredmedia":[{"embeddable":true,"href":"https:\/\/www.chenonceau.com\/en\/wp-json\/wp\/v2\/media\/4348"}],"wp:attachment":[{"href":"https:\/\/www.chenonceau.com\/en\/wp-json\/wp\/v2\/media?parent=3840"}],"wp:term":[{"taxonomy":"product_brand","embeddable":true,"href":"https:\/\/www.chenonceau.com\/en\/wp-json\/wp\/v2\/product_brand?post=3840"},{"taxonomy":"product_cat","embeddable":true,"href":"https:\/\/www.chenonceau.com\/en\/wp-json\/wp\/v2\/product_cat?post=3840"},{"taxonomy":"product_tag","embeddable":true,"href":"https:\/\/www.chenonceau.com\/en\/wp-json\/wp\/v2\/product_tag?post=3840"}],"curies":[{"name":"wp","href":"https:\/\/api.w.org\/{rel}","templated":true}]}}