{"id":3850,"date":"2023-09-07T15:37:01","date_gmt":"2023-09-07T13:37:01","guid":{"rendered":"https:\/\/www.chenonceau.com\/?post_type=product&#038;p=3850"},"modified":"2025-09-30T16:53:28","modified_gmt":"2025-09-30T14:53:28","slug":"cartes-3d","status":"publish","type":"product","link":"https:\/\/www.chenonceau.com\/en\/boutique\/souvenirs\/cartes-3d\/","title":{"rendered":"Cartes 3D"},"content":{"rendered":"<p>Con\u00e7u et fabriqu\u00e9 en Europe. <\/p>\n","protected":false},"excerpt":{"rendered":"<p>6 planches \u00e0 colorier ou \u00e0 laisser en noir &#038; blanc.<br \/>\nCoffret et planches 17&#215;12 cm.<br \/>\nPlanches \u00e0 placer selon son envie pour cr\u00e9er sa propre perspective.<\/p>\n","protected":false},"featured_media":4356,"comment_status":"closed","ping_status":"closed","template":"","meta":[],"product_brand":[],"product_cat":[62],"product_tag":[100,99],"class_list":{"0":"post-3850","1":"product","2":"type-product","3":"status-publish","4":"has-post-thumbnail","6":"product_cat-souvenirs","7":"product_tag-carte-3-d-chenonceau","8":"product_tag-carte-3d-chateau-de-chenonceau","10":"first","11":"instock","12":"shipping-taxable","13":"purchasable","14":"product-type-simple"},"yoast_head":"<!-- This site is optimized with the Yoast SEO plugin v27.3 - https:\/\/yoast.com\/product\/yoast-seo-wordpress\/ -->\n<title>Cartes 3D - Chenonceau<\/title>\n<meta name=\"description\" content=\"6 planches \u00e0 colorier ou \u00e0 laisser en noir &amp; blanc.Coffret et planches 17x12 cm.Planches \u00e0 placer selon son envie pour cr\u00e9er sa propre perspective.\" \/>\n<meta name=\"robots\" content=\"index, follow, max-snippet:-1, max-image-preview:large, max-video-preview:-1\" \/>\n<link rel=\"canonical\" href=\"https:\/\/www.chenonceau.com\/boutique\/souvenirs\/cartes-3d\/\" \/>\n<meta property=\"og:locale\" content=\"en_US\" \/>\n<meta property=\"og:type\" content=\"article\" \/>\n<meta property=\"og:title\" content=\"Cartes 3D - Chenonceau\" \/>\n<meta property=\"og:description\" content=\"6 planches \u00e0 colorier ou \u00e0 laisser en noir &amp; blanc.Coffret et planches 17x12 cm.Planches \u00e0 placer selon son envie pour cr\u00e9er sa propre perspective.\" \/>\n<meta property=\"og:url\" content=\"https:\/\/www.chenonceau.com\/boutique\/souvenirs\/cartes-3d\/\" \/>\n<meta property=\"og:site_name\" content=\"Chenonceau\" \/>\n<meta property=\"article:modified_time\" content=\"2025-09-30T14:53:28+00:00\" \/>\n<meta property=\"og:image\" content=\"https:\/\/www.chenonceau.com\/wp-content\/uploads\/2023\/09\/carte-3D-1.png\" \/>\n\t<meta property=\"og:image:width\" content=\"1920\" \/>\n\t<meta property=\"og:image:height\" content=\"1920\" \/>\n\t<meta property=\"og:image:type\" content=\"image\/png\" \/>\n<meta name=\"twitter:card\" content=\"summary_large_image\" \/>\n<meta name=\"twitter:label1\" content=\"Est. reading time\" \/>\n\t<meta name=\"twitter:data1\" content=\"1 minute\" \/>\n<script type=\"application\/ld+json\" class=\"yoast-schema-graph\">{\"@context\":\"https:\\\/\\\/schema.org\",\"@graph\":[{\"@type\":\"WebPage\",\"@id\":\"https:\\\/\\\/www.chenonceau.com\\\/boutique\\\/souvenirs\\\/cartes-3d\\\/\",\"url\":\"https:\\\/\\\/www.chenonceau.com\\\/boutique\\\/souvenirs\\\/cartes-3d\\\/\",\"name\":\"Cartes 3D - Chenonceau\",\"isPartOf\":{\"@id\":\"https:\\\/\\\/www.chenonceau.com\\\/#website\"},\"primaryImageOfPage\":{\"@id\":\"https:\\\/\\\/www.chenonceau.com\\\/boutique\\\/souvenirs\\\/cartes-3d\\\/#primaryimage\"},\"image\":{\"@id\":\"https:\\\/\\\/www.chenonceau.com\\\/boutique\\\/souvenirs\\\/cartes-3d\\\/#primaryimage\"},\"thumbnailUrl\":\"https:\\\/\\\/www.chenonceau.com\\\/wp-content\\\/uploads\\\/2023\\\/09\\\/carte-3D-1.png\",\"datePublished\":\"2023-09-07T13:37:01+00:00\",\"dateModified\":\"2025-09-30T14:53:28+00:00\",\"description\":\"6 planches \u00e0 colorier ou \u00e0 laisser en noir & blanc.Coffret et planches 17x12 cm.Planches \u00e0 placer selon son envie pour cr\u00e9er sa propre perspective.\",\"breadcrumb\":{\"@id\":\"https:\\\/\\\/www.chenonceau.com\\\/boutique\\\/souvenirs\\\/cartes-3d\\\/#breadcrumb\"},\"inLanguage\":\"en-US\",\"potentialAction\":[{\"@type\":\"ReadAction\",\"target\":[\"https:\\\/\\\/www.chenonceau.com\\\/boutique\\\/souvenirs\\\/cartes-3d\\\/\"]}]},{\"@type\":\"ImageObject\",\"inLanguage\":\"en-US\",\"@id\":\"https:\\\/\\\/www.chenonceau.com\\\/boutique\\\/souvenirs\\\/cartes-3d\\\/#primaryimage\",\"url\":\"https:\\\/\\\/www.chenonceau.com\\\/wp-content\\\/uploads\\\/2023\\\/09\\\/carte-3D-1.png\",\"contentUrl\":\"https:\\\/\\\/www.chenonceau.com\\\/wp-content\\\/uploads\\\/2023\\\/09\\\/carte-3D-1.png\",\"width\":1920,\"height\":1920},{\"@type\":\"BreadcrumbList\",\"@id\":\"https:\\\/\\\/www.chenonceau.com\\\/boutique\\\/souvenirs\\\/cartes-3d\\\/#breadcrumb\",\"itemListElement\":[{\"@type\":\"ListItem\",\"position\":1,\"name\":\"Accueil\",\"item\":\"https:\\\/\\\/www.chenonceau.com\\\/en\\\/\"},{\"@type\":\"ListItem\",\"position\":2,\"name\":\"Boutique\",\"item\":\"https:\\\/\\\/www.chenonceau.com\\\/boutique\\\/\"},{\"@type\":\"ListItem\",\"position\":3,\"name\":\"Cartes 3D\"}]},{\"@type\":\"WebSite\",\"@id\":\"https:\\\/\\\/www.chenonceau.com\\\/#website\",\"url\":\"https:\\\/\\\/www.chenonceau.com\\\/\",\"name\":\"Chenonceau\",\"description\":\"\",\"publisher\":{\"@id\":\"https:\\\/\\\/www.chenonceau.com\\\/#organization\"},\"potentialAction\":[{\"@type\":\"SearchAction\",\"target\":{\"@type\":\"EntryPoint\",\"urlTemplate\":\"https:\\\/\\\/www.chenonceau.com\\\/?s={search_term_string}\"},\"query-input\":{\"@type\":\"PropertyValueSpecification\",\"valueRequired\":true,\"valueName\":\"search_term_string\"}}],\"inLanguage\":\"en-US\"},{\"@type\":\"Organization\",\"@id\":\"https:\\\/\\\/www.chenonceau.com\\\/#organization\",\"name\":\"Ch\u00e2teau de Chenonceau\",\"url\":\"https:\\\/\\\/www.chenonceau.com\\\/\",\"logo\":{\"@type\":\"ImageObject\",\"inLanguage\":\"en-US\",\"@id\":\"https:\\\/\\\/www.chenonceau.com\\\/#\\\/schema\\\/logo\\\/image\\\/\",\"url\":\"https:\\\/\\\/www.chenonceau.com\\\/wp-content\\\/uploads\\\/2014\\\/12\\\/cropped-logo_bas_page.png\",\"contentUrl\":\"https:\\\/\\\/www.chenonceau.com\\\/wp-content\\\/uploads\\\/2014\\\/12\\\/cropped-logo_bas_page.png\",\"width\":512,\"height\":512,\"caption\":\"Ch\u00e2teau de Chenonceau\"},\"image\":{\"@id\":\"https:\\\/\\\/www.chenonceau.com\\\/#\\\/schema\\\/logo\\\/image\\\/\"}}]}<\/script>\n<!-- \/ Yoast SEO plugin. -->","yoast_head_json":{"title":"Cartes 3D - Chenonceau","description":"6 planches \u00e0 colorier ou \u00e0 laisser en noir & blanc.Coffret et planches 17x12 cm.Planches \u00e0 placer selon son envie pour cr\u00e9er sa propre perspective.","robots":{"index":"index","follow":"follow","max-snippet":"max-snippet:-1","max-image-preview":"max-image-preview:large","max-video-preview":"max-video-preview:-1"},"canonical":"https:\/\/www.chenonceau.com\/boutique\/souvenirs\/cartes-3d\/","og_locale":"en_US","og_type":"article","og_title":"Cartes 3D - Chenonceau","og_description":"6 planches \u00e0 colorier ou \u00e0 laisser en noir & blanc.Coffret et planches 17x12 cm.Planches \u00e0 placer selon son envie pour cr\u00e9er sa propre perspective.","og_url":"https:\/\/www.chenonceau.com\/boutique\/souvenirs\/cartes-3d\/","og_site_name":"Chenonceau","article_modified_time":"2025-09-30T14:53:28+00:00","og_image":[{"width":1920,"height":1920,"url":"https:\/\/www.chenonceau.com\/wp-content\/uploads\/2023\/09\/carte-3D-1.png","type":"image\/png"}],"twitter_card":"summary_large_image","twitter_misc":{"Est. reading time":"1 minute"},"schema":{"@context":"https:\/\/schema.org","@graph":[{"@type":"WebPage","@id":"https:\/\/www.chenonceau.com\/boutique\/souvenirs\/cartes-3d\/","url":"https:\/\/www.chenonceau.com\/boutique\/souvenirs\/cartes-3d\/","name":"Cartes 3D - Chenonceau","isPartOf":{"@id":"https:\/\/www.chenonceau.com\/#website"},"primaryImageOfPage":{"@id":"https:\/\/www.chenonceau.com\/boutique\/souvenirs\/cartes-3d\/#primaryimage"},"image":{"@id":"https:\/\/www.chenonceau.com\/boutique\/souvenirs\/cartes-3d\/#primaryimage"},"thumbnailUrl":"https:\/\/www.chenonceau.com\/wp-content\/uploads\/2023\/09\/carte-3D-1.png","datePublished":"2023-09-07T13:37:01+00:00","dateModified":"2025-09-30T14:53:28+00:00","description":"6 planches \u00e0 colorier ou \u00e0 laisser en noir & blanc.Coffret et planches 17x12 cm.Planches \u00e0 placer selon son envie pour cr\u00e9er sa propre perspective.","breadcrumb":{"@id":"https:\/\/www.chenonceau.com\/boutique\/souvenirs\/cartes-3d\/#breadcrumb"},"inLanguage":"en-US","potentialAction":[{"@type":"ReadAction","target":["https:\/\/www.chenonceau.com\/boutique\/souvenirs\/cartes-3d\/"]}]},{"@type":"ImageObject","inLanguage":"en-US","@id":"https:\/\/www.chenonceau.com\/boutique\/souvenirs\/cartes-3d\/#primaryimage","url":"https:\/\/www.chenonceau.com\/wp-content\/uploads\/2023\/09\/carte-3D-1.png","contentUrl":"https:\/\/www.chenonceau.com\/wp-content\/uploads\/2023\/09\/carte-3D-1.png","width":1920,"height":1920},{"@type":"BreadcrumbList","@id":"https:\/\/www.chenonceau.com\/boutique\/souvenirs\/cartes-3d\/#breadcrumb","itemListElement":[{"@type":"ListItem","position":1,"name":"Accueil","item":"https:\/\/www.chenonceau.com\/en\/"},{"@type":"ListItem","position":2,"name":"Boutique","item":"https:\/\/www.chenonceau.com\/boutique\/"},{"@type":"ListItem","position":3,"name":"Cartes 3D"}]},{"@type":"WebSite","@id":"https:\/\/www.chenonceau.com\/#website","url":"https:\/\/www.chenonceau.com\/","name":"Chenonceau","description":"","publisher":{"@id":"https:\/\/www.chenonceau.com\/#organization"},"potentialAction":[{"@type":"SearchAction","target":{"@type":"EntryPoint","urlTemplate":"https:\/\/www.chenonceau.com\/?s={search_term_string}"},"query-input":{"@type":"PropertyValueSpecification","valueRequired":true,"valueName":"search_term_string"}}],"inLanguage":"en-US"},{"@type":"Organization","@id":"https:\/\/www.chenonceau.com\/#organization","name":"Ch\u00e2teau de Chenonceau","url":"https:\/\/www.chenonceau.com\/","logo":{"@type":"ImageObject","inLanguage":"en-US","@id":"https:\/\/www.chenonceau.com\/#\/schema\/logo\/image\/","url":"https:\/\/www.chenonceau.com\/wp-content\/uploads\/2014\/12\/cropped-logo_bas_page.png","contentUrl":"https:\/\/www.chenonceau.com\/wp-content\/uploads\/2014\/12\/cropped-logo_bas_page.png","width":512,"height":512,"caption":"Ch\u00e2teau de Chenonceau"},"image":{"@id":"https:\/\/www.chenonceau.com\/#\/schema\/logo\/image\/"}}]}},"_links":{"self":[{"href":"https:\/\/www.chenonceau.com\/en\/wp-json\/wp\/v2\/product\/3850","targetHints":{"allow":["GET"]}}],"collection":[{"href":"https:\/\/www.chenonceau.com\/en\/wp-json\/wp\/v2\/product"}],"about":[{"href":"https:\/\/www.chenonceau.com\/en\/wp-json\/wp\/v2\/types\/product"}],"replies":[{"embeddable":true,"href":"https:\/\/www.chenonceau.com\/en\/wp-json\/wp\/v2\/comments?post=3850"}],"wp:featuredmedia":[{"embeddable":true,"href":"https:\/\/www.chenonceau.com\/en\/wp-json\/wp\/v2\/media\/4356"}],"wp:attachment":[{"href":"https:\/\/www.chenonceau.com\/en\/wp-json\/wp\/v2\/media?parent=3850"}],"wp:term":[{"taxonomy":"product_brand","embeddable":true,"href":"https:\/\/www.chenonceau.com\/en\/wp-json\/wp\/v2\/product_brand?post=3850"},{"taxonomy":"product_cat","embeddable":true,"href":"https:\/\/www.chenonceau.com\/en\/wp-json\/wp\/v2\/product_cat?post=3850"},{"taxonomy":"product_tag","embeddable":true,"href":"https:\/\/www.chenonceau.com\/en\/wp-json\/wp\/v2\/product_tag?post=3850"}],"curies":[{"name":"wp","href":"https:\/\/api.w.org\/{rel}","templated":true}]}}