{"id":4113,"date":"2023-12-01T15:40:58","date_gmt":"2023-12-01T14:40:58","guid":{"rendered":"https:\/\/www.chenonceau.com\/?post_type=product&#038;p=4113"},"modified":"2025-11-24T12:07:47","modified_gmt":"2025-11-24T11:07:47","slug":"boule-de-noel-2","status":"publish","type":"product","link":"https:\/\/www.chenonceau.com\/en\/boutique\/decoration\/boule-de-noel-2\/","title":{"rendered":"Boule de no\u00ebl"},"content":{"rendered":"<p>Diam\u00e8tre : 6cm<\/p>\n","protected":false},"excerpt":{"rendered":"<p>Boule de no\u00ebl Chenonceau \u00e0 d\u00e9corer sur votre sapin ou \u00e0 collectionner.<\/p>\n<p>Offrir ou s\u2019offrir une boule de No\u00ebl du Ch\u00e2teau, c\u2019est emporter avec soi une part de patrimoine, de r\u00eave et de tradition.<br \/>\nC\u2019est faire entrer dans son salon un fragment de ce lieu charg\u00e9 d\u2019histoire, de myst\u00e8re et de po\u00e9sie qu\u2019est notre ch\u00e2teau.<br \/>\nChaque boule est bien plus qu\u2019un simple ornement : c\u2019est un souvenir vivant, un hommage \u00e0 la beaut\u00e9 intemporelle de l\u2019art de vivre \u00e0 la fran\u00e7aise.<\/p>\n","protected":false},"featured_media":4128,"comment_status":"closed","ping_status":"closed","template":"","meta":[],"product_brand":[],"product_cat":[44],"product_tag":[89,90],"class_list":{"0":"post-4113","1":"product","2":"type-product","3":"status-publish","4":"has-post-thumbnail","6":"product_cat-decoration","7":"product_tag-boule-de-noel-chenonceau","8":"product_tag-chateau-de-chenonceau-noel","10":"first","11":"instock","12":"shipping-taxable","13":"purchasable","14":"product-type-simple"},"yoast_head":"<!-- This site is optimized with the Yoast SEO plugin v27.3 - https:\/\/yoast.com\/product\/yoast-seo-wordpress\/ -->\n<title>Boule de no\u00ebl - Chenonceau<\/title>\n<meta name=\"description\" content=\"Boule de no\u00ebl Chenonceau \u00e0 d\u00e9corer sur votre sapin. Offrir ou s\u2019offrir cette boule de no\u00ebl, c\u2019est emporter avec soi une part de patrimoine.\" \/>\n<meta name=\"robots\" content=\"index, follow, max-snippet:-1, max-image-preview:large, max-video-preview:-1\" \/>\n<link rel=\"canonical\" href=\"https:\/\/www.chenonceau.com\/boutique\/decoration\/boule-de-noel-2\/\" \/>\n<meta property=\"og:locale\" content=\"en_US\" \/>\n<meta property=\"og:type\" content=\"article\" \/>\n<meta property=\"og:title\" content=\"Boule de no\u00ebl - Chenonceau\" \/>\n<meta property=\"og:description\" content=\"Boule de no\u00ebl Chenonceau \u00e0 d\u00e9corer sur votre sapin. Offrir ou s\u2019offrir cette boule de no\u00ebl, c\u2019est emporter avec soi une part de patrimoine.\" \/>\n<meta property=\"og:url\" content=\"https:\/\/www.chenonceau.com\/boutique\/decoration\/boule-de-noel-2\/\" \/>\n<meta property=\"og:site_name\" content=\"Chenonceau\" \/>\n<meta property=\"article:modified_time\" content=\"2025-11-24T11:07:47+00:00\" \/>\n<meta property=\"og:image\" content=\"https:\/\/www.chenonceau.com\/wp-content\/uploads\/2023\/12\/boule-de-noel-chenonceau-2.jpg\" \/>\n\t<meta property=\"og:image:width\" content=\"1512\" \/>\n\t<meta property=\"og:image:height\" content=\"1512\" \/>\n\t<meta property=\"og:image:type\" content=\"image\/jpeg\" \/>\n<meta name=\"twitter:card\" content=\"summary_large_image\" \/>\n<meta name=\"twitter:label1\" content=\"Est. reading time\" \/>\n\t<meta name=\"twitter:data1\" content=\"1 minute\" \/>\n<script type=\"application\/ld+json\" class=\"yoast-schema-graph\">{\"@context\":\"https:\\\/\\\/schema.org\",\"@graph\":[{\"@type\":\"WebPage\",\"@id\":\"https:\\\/\\\/www.chenonceau.com\\\/boutique\\\/decoration\\\/boule-de-noel-2\\\/\",\"url\":\"https:\\\/\\\/www.chenonceau.com\\\/boutique\\\/decoration\\\/boule-de-noel-2\\\/\",\"name\":\"Boule de no\u00ebl - Chenonceau\",\"isPartOf\":{\"@id\":\"https:\\\/\\\/www.chenonceau.com\\\/#website\"},\"primaryImageOfPage\":{\"@id\":\"https:\\\/\\\/www.chenonceau.com\\\/boutique\\\/decoration\\\/boule-de-noel-2\\\/#primaryimage\"},\"image\":{\"@id\":\"https:\\\/\\\/www.chenonceau.com\\\/boutique\\\/decoration\\\/boule-de-noel-2\\\/#primaryimage\"},\"thumbnailUrl\":\"https:\\\/\\\/www.chenonceau.com\\\/wp-content\\\/uploads\\\/2023\\\/12\\\/boule-de-noel-chenonceau-2.jpg\",\"datePublished\":\"2023-12-01T14:40:58+00:00\",\"dateModified\":\"2025-11-24T11:07:47+00:00\",\"description\":\"Boule de no\u00ebl Chenonceau \u00e0 d\u00e9corer sur votre sapin. Offrir ou s\u2019offrir cette boule de no\u00ebl, c\u2019est emporter avec soi une part de patrimoine.\",\"breadcrumb\":{\"@id\":\"https:\\\/\\\/www.chenonceau.com\\\/boutique\\\/decoration\\\/boule-de-noel-2\\\/#breadcrumb\"},\"inLanguage\":\"en-US\",\"potentialAction\":[{\"@type\":\"ReadAction\",\"target\":[\"https:\\\/\\\/www.chenonceau.com\\\/boutique\\\/decoration\\\/boule-de-noel-2\\\/\"]}]},{\"@type\":\"ImageObject\",\"inLanguage\":\"en-US\",\"@id\":\"https:\\\/\\\/www.chenonceau.com\\\/boutique\\\/decoration\\\/boule-de-noel-2\\\/#primaryimage\",\"url\":\"https:\\\/\\\/www.chenonceau.com\\\/wp-content\\\/uploads\\\/2023\\\/12\\\/boule-de-noel-chenonceau-2.jpg\",\"contentUrl\":\"https:\\\/\\\/www.chenonceau.com\\\/wp-content\\\/uploads\\\/2023\\\/12\\\/boule-de-noel-chenonceau-2.jpg\",\"width\":1512,\"height\":1512},{\"@type\":\"BreadcrumbList\",\"@id\":\"https:\\\/\\\/www.chenonceau.com\\\/boutique\\\/decoration\\\/boule-de-noel-2\\\/#breadcrumb\",\"itemListElement\":[{\"@type\":\"ListItem\",\"position\":1,\"name\":\"Accueil\",\"item\":\"https:\\\/\\\/www.chenonceau.com\\\/en\\\/\"},{\"@type\":\"ListItem\",\"position\":2,\"name\":\"Boutique\",\"item\":\"https:\\\/\\\/www.chenonceau.com\\\/boutique\\\/\"},{\"@type\":\"ListItem\",\"position\":3,\"name\":\"Boule de no\u00ebl\"}]},{\"@type\":\"WebSite\",\"@id\":\"https:\\\/\\\/www.chenonceau.com\\\/#website\",\"url\":\"https:\\\/\\\/www.chenonceau.com\\\/\",\"name\":\"Chenonceau\",\"description\":\"\",\"publisher\":{\"@id\":\"https:\\\/\\\/www.chenonceau.com\\\/#organization\"},\"potentialAction\":[{\"@type\":\"SearchAction\",\"target\":{\"@type\":\"EntryPoint\",\"urlTemplate\":\"https:\\\/\\\/www.chenonceau.com\\\/?s={search_term_string}\"},\"query-input\":{\"@type\":\"PropertyValueSpecification\",\"valueRequired\":true,\"valueName\":\"search_term_string\"}}],\"inLanguage\":\"en-US\"},{\"@type\":\"Organization\",\"@id\":\"https:\\\/\\\/www.chenonceau.com\\\/#organization\",\"name\":\"Ch\u00e2teau de Chenonceau\",\"url\":\"https:\\\/\\\/www.chenonceau.com\\\/\",\"logo\":{\"@type\":\"ImageObject\",\"inLanguage\":\"en-US\",\"@id\":\"https:\\\/\\\/www.chenonceau.com\\\/#\\\/schema\\\/logo\\\/image\\\/\",\"url\":\"https:\\\/\\\/www.chenonceau.com\\\/wp-content\\\/uploads\\\/2014\\\/12\\\/cropped-logo_bas_page.png\",\"contentUrl\":\"https:\\\/\\\/www.chenonceau.com\\\/wp-content\\\/uploads\\\/2014\\\/12\\\/cropped-logo_bas_page.png\",\"width\":512,\"height\":512,\"caption\":\"Ch\u00e2teau de Chenonceau\"},\"image\":{\"@id\":\"https:\\\/\\\/www.chenonceau.com\\\/#\\\/schema\\\/logo\\\/image\\\/\"}}]}<\/script>\n<!-- \/ Yoast SEO plugin. -->","yoast_head_json":{"title":"Boule de no\u00ebl - Chenonceau","description":"Boule de no\u00ebl Chenonceau \u00e0 d\u00e9corer sur votre sapin. Offrir ou s\u2019offrir cette boule de no\u00ebl, c\u2019est emporter avec soi une part de patrimoine.","robots":{"index":"index","follow":"follow","max-snippet":"max-snippet:-1","max-image-preview":"max-image-preview:large","max-video-preview":"max-video-preview:-1"},"canonical":"https:\/\/www.chenonceau.com\/boutique\/decoration\/boule-de-noel-2\/","og_locale":"en_US","og_type":"article","og_title":"Boule de no\u00ebl - Chenonceau","og_description":"Boule de no\u00ebl Chenonceau \u00e0 d\u00e9corer sur votre sapin. Offrir ou s\u2019offrir cette boule de no\u00ebl, c\u2019est emporter avec soi une part de patrimoine.","og_url":"https:\/\/www.chenonceau.com\/boutique\/decoration\/boule-de-noel-2\/","og_site_name":"Chenonceau","article_modified_time":"2025-11-24T11:07:47+00:00","og_image":[{"width":1512,"height":1512,"url":"https:\/\/www.chenonceau.com\/wp-content\/uploads\/2023\/12\/boule-de-noel-chenonceau-2.jpg","type":"image\/jpeg"}],"twitter_card":"summary_large_image","twitter_misc":{"Est. reading time":"1 minute"},"schema":{"@context":"https:\/\/schema.org","@graph":[{"@type":"WebPage","@id":"https:\/\/www.chenonceau.com\/boutique\/decoration\/boule-de-noel-2\/","url":"https:\/\/www.chenonceau.com\/boutique\/decoration\/boule-de-noel-2\/","name":"Boule de no\u00ebl - Chenonceau","isPartOf":{"@id":"https:\/\/www.chenonceau.com\/#website"},"primaryImageOfPage":{"@id":"https:\/\/www.chenonceau.com\/boutique\/decoration\/boule-de-noel-2\/#primaryimage"},"image":{"@id":"https:\/\/www.chenonceau.com\/boutique\/decoration\/boule-de-noel-2\/#primaryimage"},"thumbnailUrl":"https:\/\/www.chenonceau.com\/wp-content\/uploads\/2023\/12\/boule-de-noel-chenonceau-2.jpg","datePublished":"2023-12-01T14:40:58+00:00","dateModified":"2025-11-24T11:07:47+00:00","description":"Boule de no\u00ebl Chenonceau \u00e0 d\u00e9corer sur votre sapin. Offrir ou s\u2019offrir cette boule de no\u00ebl, c\u2019est emporter avec soi une part de patrimoine.","breadcrumb":{"@id":"https:\/\/www.chenonceau.com\/boutique\/decoration\/boule-de-noel-2\/#breadcrumb"},"inLanguage":"en-US","potentialAction":[{"@type":"ReadAction","target":["https:\/\/www.chenonceau.com\/boutique\/decoration\/boule-de-noel-2\/"]}]},{"@type":"ImageObject","inLanguage":"en-US","@id":"https:\/\/www.chenonceau.com\/boutique\/decoration\/boule-de-noel-2\/#primaryimage","url":"https:\/\/www.chenonceau.com\/wp-content\/uploads\/2023\/12\/boule-de-noel-chenonceau-2.jpg","contentUrl":"https:\/\/www.chenonceau.com\/wp-content\/uploads\/2023\/12\/boule-de-noel-chenonceau-2.jpg","width":1512,"height":1512},{"@type":"BreadcrumbList","@id":"https:\/\/www.chenonceau.com\/boutique\/decoration\/boule-de-noel-2\/#breadcrumb","itemListElement":[{"@type":"ListItem","position":1,"name":"Accueil","item":"https:\/\/www.chenonceau.com\/en\/"},{"@type":"ListItem","position":2,"name":"Boutique","item":"https:\/\/www.chenonceau.com\/boutique\/"},{"@type":"ListItem","position":3,"name":"Boule de no\u00ebl"}]},{"@type":"WebSite","@id":"https:\/\/www.chenonceau.com\/#website","url":"https:\/\/www.chenonceau.com\/","name":"Chenonceau","description":"","publisher":{"@id":"https:\/\/www.chenonceau.com\/#organization"},"potentialAction":[{"@type":"SearchAction","target":{"@type":"EntryPoint","urlTemplate":"https:\/\/www.chenonceau.com\/?s={search_term_string}"},"query-input":{"@type":"PropertyValueSpecification","valueRequired":true,"valueName":"search_term_string"}}],"inLanguage":"en-US"},{"@type":"Organization","@id":"https:\/\/www.chenonceau.com\/#organization","name":"Ch\u00e2teau de Chenonceau","url":"https:\/\/www.chenonceau.com\/","logo":{"@type":"ImageObject","inLanguage":"en-US","@id":"https:\/\/www.chenonceau.com\/#\/schema\/logo\/image\/","url":"https:\/\/www.chenonceau.com\/wp-content\/uploads\/2014\/12\/cropped-logo_bas_page.png","contentUrl":"https:\/\/www.chenonceau.com\/wp-content\/uploads\/2014\/12\/cropped-logo_bas_page.png","width":512,"height":512,"caption":"Ch\u00e2teau de Chenonceau"},"image":{"@id":"https:\/\/www.chenonceau.com\/#\/schema\/logo\/image\/"}}]}},"_links":{"self":[{"href":"https:\/\/www.chenonceau.com\/en\/wp-json\/wp\/v2\/product\/4113","targetHints":{"allow":["GET"]}}],"collection":[{"href":"https:\/\/www.chenonceau.com\/en\/wp-json\/wp\/v2\/product"}],"about":[{"href":"https:\/\/www.chenonceau.com\/en\/wp-json\/wp\/v2\/types\/product"}],"replies":[{"embeddable":true,"href":"https:\/\/www.chenonceau.com\/en\/wp-json\/wp\/v2\/comments?post=4113"}],"wp:featuredmedia":[{"embeddable":true,"href":"https:\/\/www.chenonceau.com\/en\/wp-json\/wp\/v2\/media\/4128"}],"wp:attachment":[{"href":"https:\/\/www.chenonceau.com\/en\/wp-json\/wp\/v2\/media?parent=4113"}],"wp:term":[{"taxonomy":"product_brand","embeddable":true,"href":"https:\/\/www.chenonceau.com\/en\/wp-json\/wp\/v2\/product_brand?post=4113"},{"taxonomy":"product_cat","embeddable":true,"href":"https:\/\/www.chenonceau.com\/en\/wp-json\/wp\/v2\/product_cat?post=4113"},{"taxonomy":"product_tag","embeddable":true,"href":"https:\/\/www.chenonceau.com\/en\/wp-json\/wp\/v2\/product_tag?post=4113"}],"curies":[{"name":"wp","href":"https:\/\/api.w.org\/{rel}","templated":true}]}}