{"id":4571,"date":"2024-06-12T16:33:35","date_gmt":"2024-06-12T14:33:35","guid":{"rendered":"https:\/\/www.chenonceau.com\/?post_type=product&#038;p=4571"},"modified":"2025-11-24T13:01:41","modified_gmt":"2025-11-24T12:01:41","slug":"boule-a-neige-chenonceau","status":"publish","type":"product","link":"https:\/\/www.chenonceau.com\/en\/boutique\/decoration\/boule-a-neige-chenonceau\/","title":{"rendered":"Boule \u00e0 neige Chenonceau"},"content":{"rendered":"<p>Couleur or\/blanc<br \/>\nHauteur : 12.50 cm<br \/>\nSocle noir<\/p>\n<p>Globe en verre<br \/>\nDiam\u00e8tre globe : 10cm<br \/>\nD\u00e9cor int\u00e9rieur moul\u00e9 en r\u00e9sine 3D<\/p>\n<p>Bo\u00eete cloche<br \/>\nCoffret avec miroir<br \/>\n13.6 x 13.6 x 14.6 cm<\/p>\n","protected":false},"excerpt":{"rendered":"<p>Nouveaut\u00e9!<\/p>\n<p>Boule \u00e0 neige Chenonceau \u2013 Un Souvenir Magique<\/p>\n<p>Offrez bien plus qu\u2019un simple objet :<br \/>\noffrez un instant fig\u00e9 dans la po\u00e9sie d\u2019un flocon.<\/p>\n<p>Moderne et \u00e9l\u00e9gante, cette boule \u00e0 neige cr\u00e9\u00e9e exclusivement pour le Ch\u00e2teau de Chenonceau, est une petite sc\u00e8ne de r\u00eave, une parenth\u00e8se enchant\u00e9e \u00e0 poser sur une \u00e9tag\u00e8re ou \u00e0 offrir \u00e0 ceux qu&#8217;on aime.<\/p>\n","protected":false},"featured_media":4583,"comment_status":"closed","ping_status":"closed","template":"","meta":[],"product_brand":[],"product_cat":[44,62],"product_tag":[87,88,86],"class_list":{"0":"post-4571","1":"product","2":"type-product","3":"status-publish","4":"has-post-thumbnail","6":"product_cat-decoration","7":"product_cat-souvenirs","8":"product_tag-boule-a-neige","9":"product_tag-boule-a-neige-chateau-de-chenonceau","10":"product_tag-boule-a-neige-chenonceau","12":"first","13":"instock","14":"shipping-taxable","15":"purchasable","16":"product-type-simple"},"yoast_head":"<!-- This site is optimized with the Yoast SEO plugin v27.3 - https:\/\/yoast.com\/product\/yoast-seo-wordpress\/ -->\n<title>Boule \u00e0 neige Chenonceau - Chenonceau<\/title>\n<meta name=\"description\" content=\"Boule \u00e0 neige Chenonceau. Moderne et \u00e9l\u00e9gante, cette boule \u00e0 neige a \u00e9t\u00e9 cr\u00e9\u00e9e exclusivement pour le Ch\u00e2teau de Chenonceau.\" \/>\n<meta name=\"robots\" content=\"index, follow, max-snippet:-1, max-image-preview:large, max-video-preview:-1\" \/>\n<link rel=\"canonical\" href=\"https:\/\/www.chenonceau.com\/boutique\/decoration\/boule-a-neige-chenonceau\/\" \/>\n<meta property=\"og:locale\" content=\"en_US\" \/>\n<meta property=\"og:type\" content=\"article\" \/>\n<meta property=\"og:title\" content=\"Boule \u00e0 neige Chenonceau - Chenonceau\" \/>\n<meta property=\"og:description\" content=\"Boule \u00e0 neige Chenonceau. Moderne et \u00e9l\u00e9gante, cette boule \u00e0 neige a \u00e9t\u00e9 cr\u00e9\u00e9e exclusivement pour le Ch\u00e2teau de Chenonceau.\" \/>\n<meta property=\"og:url\" content=\"https:\/\/www.chenonceau.com\/boutique\/decoration\/boule-a-neige-chenonceau\/\" \/>\n<meta property=\"og:site_name\" content=\"Chenonceau\" \/>\n<meta property=\"article:modified_time\" content=\"2025-11-24T12:01:41+00:00\" \/>\n<meta property=\"og:image\" content=\"https:\/\/www.chenonceau.com\/wp-content\/uploads\/2024\/06\/boule1-1.jpg\" \/>\n\t<meta property=\"og:image:width\" content=\"1512\" \/>\n\t<meta property=\"og:image:height\" content=\"1512\" \/>\n\t<meta property=\"og:image:type\" content=\"image\/jpeg\" \/>\n<meta name=\"twitter:card\" content=\"summary_large_image\" \/>\n<meta name=\"twitter:label1\" content=\"Est. reading time\" \/>\n\t<meta name=\"twitter:data1\" content=\"1 minute\" \/>\n<script type=\"application\/ld+json\" class=\"yoast-schema-graph\">{\"@context\":\"https:\\\/\\\/schema.org\",\"@graph\":[{\"@type\":\"WebPage\",\"@id\":\"https:\\\/\\\/www.chenonceau.com\\\/boutique\\\/decoration\\\/boule-a-neige-chenonceau\\\/\",\"url\":\"https:\\\/\\\/www.chenonceau.com\\\/boutique\\\/decoration\\\/boule-a-neige-chenonceau\\\/\",\"name\":\"Boule \u00e0 neige Chenonceau - Chenonceau\",\"isPartOf\":{\"@id\":\"https:\\\/\\\/www.chenonceau.com\\\/#website\"},\"primaryImageOfPage\":{\"@id\":\"https:\\\/\\\/www.chenonceau.com\\\/boutique\\\/decoration\\\/boule-a-neige-chenonceau\\\/#primaryimage\"},\"image\":{\"@id\":\"https:\\\/\\\/www.chenonceau.com\\\/boutique\\\/decoration\\\/boule-a-neige-chenonceau\\\/#primaryimage\"},\"thumbnailUrl\":\"https:\\\/\\\/www.chenonceau.com\\\/wp-content\\\/uploads\\\/2024\\\/06\\\/boule1-1.jpg\",\"datePublished\":\"2024-06-12T14:33:35+00:00\",\"dateModified\":\"2025-11-24T12:01:41+00:00\",\"description\":\"Boule \u00e0 neige Chenonceau. Moderne et \u00e9l\u00e9gante, cette boule \u00e0 neige a \u00e9t\u00e9 cr\u00e9\u00e9e exclusivement pour le Ch\u00e2teau de Chenonceau.\",\"breadcrumb\":{\"@id\":\"https:\\\/\\\/www.chenonceau.com\\\/boutique\\\/decoration\\\/boule-a-neige-chenonceau\\\/#breadcrumb\"},\"inLanguage\":\"en-US\",\"potentialAction\":[{\"@type\":\"ReadAction\",\"target\":[\"https:\\\/\\\/www.chenonceau.com\\\/boutique\\\/decoration\\\/boule-a-neige-chenonceau\\\/\"]}]},{\"@type\":\"ImageObject\",\"inLanguage\":\"en-US\",\"@id\":\"https:\\\/\\\/www.chenonceau.com\\\/boutique\\\/decoration\\\/boule-a-neige-chenonceau\\\/#primaryimage\",\"url\":\"https:\\\/\\\/www.chenonceau.com\\\/wp-content\\\/uploads\\\/2024\\\/06\\\/boule1-1.jpg\",\"contentUrl\":\"https:\\\/\\\/www.chenonceau.com\\\/wp-content\\\/uploads\\\/2024\\\/06\\\/boule1-1.jpg\",\"width\":1512,\"height\":1512},{\"@type\":\"BreadcrumbList\",\"@id\":\"https:\\\/\\\/www.chenonceau.com\\\/boutique\\\/decoration\\\/boule-a-neige-chenonceau\\\/#breadcrumb\",\"itemListElement\":[{\"@type\":\"ListItem\",\"position\":1,\"name\":\"Accueil\",\"item\":\"https:\\\/\\\/www.chenonceau.com\\\/en\\\/\"},{\"@type\":\"ListItem\",\"position\":2,\"name\":\"Boutique\",\"item\":\"https:\\\/\\\/www.chenonceau.com\\\/boutique\\\/\"},{\"@type\":\"ListItem\",\"position\":3,\"name\":\"Boule \u00e0 neige Chenonceau\"}]},{\"@type\":\"WebSite\",\"@id\":\"https:\\\/\\\/www.chenonceau.com\\\/#website\",\"url\":\"https:\\\/\\\/www.chenonceau.com\\\/\",\"name\":\"Chenonceau\",\"description\":\"\",\"publisher\":{\"@id\":\"https:\\\/\\\/www.chenonceau.com\\\/#organization\"},\"potentialAction\":[{\"@type\":\"SearchAction\",\"target\":{\"@type\":\"EntryPoint\",\"urlTemplate\":\"https:\\\/\\\/www.chenonceau.com\\\/?s={search_term_string}\"},\"query-input\":{\"@type\":\"PropertyValueSpecification\",\"valueRequired\":true,\"valueName\":\"search_term_string\"}}],\"inLanguage\":\"en-US\"},{\"@type\":\"Organization\",\"@id\":\"https:\\\/\\\/www.chenonceau.com\\\/#organization\",\"name\":\"Ch\u00e2teau de Chenonceau\",\"url\":\"https:\\\/\\\/www.chenonceau.com\\\/\",\"logo\":{\"@type\":\"ImageObject\",\"inLanguage\":\"en-US\",\"@id\":\"https:\\\/\\\/www.chenonceau.com\\\/#\\\/schema\\\/logo\\\/image\\\/\",\"url\":\"https:\\\/\\\/www.chenonceau.com\\\/wp-content\\\/uploads\\\/2014\\\/12\\\/cropped-logo_bas_page.png\",\"contentUrl\":\"https:\\\/\\\/www.chenonceau.com\\\/wp-content\\\/uploads\\\/2014\\\/12\\\/cropped-logo_bas_page.png\",\"width\":512,\"height\":512,\"caption\":\"Ch\u00e2teau de Chenonceau\"},\"image\":{\"@id\":\"https:\\\/\\\/www.chenonceau.com\\\/#\\\/schema\\\/logo\\\/image\\\/\"}}]}<\/script>\n<!-- \/ Yoast SEO plugin. -->","yoast_head_json":{"title":"Boule \u00e0 neige Chenonceau - Chenonceau","description":"Boule \u00e0 neige Chenonceau. Moderne et \u00e9l\u00e9gante, cette boule \u00e0 neige a \u00e9t\u00e9 cr\u00e9\u00e9e exclusivement pour le Ch\u00e2teau de Chenonceau.","robots":{"index":"index","follow":"follow","max-snippet":"max-snippet:-1","max-image-preview":"max-image-preview:large","max-video-preview":"max-video-preview:-1"},"canonical":"https:\/\/www.chenonceau.com\/boutique\/decoration\/boule-a-neige-chenonceau\/","og_locale":"en_US","og_type":"article","og_title":"Boule \u00e0 neige Chenonceau - Chenonceau","og_description":"Boule \u00e0 neige Chenonceau. Moderne et \u00e9l\u00e9gante, cette boule \u00e0 neige a \u00e9t\u00e9 cr\u00e9\u00e9e exclusivement pour le Ch\u00e2teau de Chenonceau.","og_url":"https:\/\/www.chenonceau.com\/boutique\/decoration\/boule-a-neige-chenonceau\/","og_site_name":"Chenonceau","article_modified_time":"2025-11-24T12:01:41+00:00","og_image":[{"width":1512,"height":1512,"url":"https:\/\/www.chenonceau.com\/wp-content\/uploads\/2024\/06\/boule1-1.jpg","type":"image\/jpeg"}],"twitter_card":"summary_large_image","twitter_misc":{"Est. reading time":"1 minute"},"schema":{"@context":"https:\/\/schema.org","@graph":[{"@type":"WebPage","@id":"https:\/\/www.chenonceau.com\/boutique\/decoration\/boule-a-neige-chenonceau\/","url":"https:\/\/www.chenonceau.com\/boutique\/decoration\/boule-a-neige-chenonceau\/","name":"Boule \u00e0 neige Chenonceau - Chenonceau","isPartOf":{"@id":"https:\/\/www.chenonceau.com\/#website"},"primaryImageOfPage":{"@id":"https:\/\/www.chenonceau.com\/boutique\/decoration\/boule-a-neige-chenonceau\/#primaryimage"},"image":{"@id":"https:\/\/www.chenonceau.com\/boutique\/decoration\/boule-a-neige-chenonceau\/#primaryimage"},"thumbnailUrl":"https:\/\/www.chenonceau.com\/wp-content\/uploads\/2024\/06\/boule1-1.jpg","datePublished":"2024-06-12T14:33:35+00:00","dateModified":"2025-11-24T12:01:41+00:00","description":"Boule \u00e0 neige Chenonceau. Moderne et \u00e9l\u00e9gante, cette boule \u00e0 neige a \u00e9t\u00e9 cr\u00e9\u00e9e exclusivement pour le Ch\u00e2teau de Chenonceau.","breadcrumb":{"@id":"https:\/\/www.chenonceau.com\/boutique\/decoration\/boule-a-neige-chenonceau\/#breadcrumb"},"inLanguage":"en-US","potentialAction":[{"@type":"ReadAction","target":["https:\/\/www.chenonceau.com\/boutique\/decoration\/boule-a-neige-chenonceau\/"]}]},{"@type":"ImageObject","inLanguage":"en-US","@id":"https:\/\/www.chenonceau.com\/boutique\/decoration\/boule-a-neige-chenonceau\/#primaryimage","url":"https:\/\/www.chenonceau.com\/wp-content\/uploads\/2024\/06\/boule1-1.jpg","contentUrl":"https:\/\/www.chenonceau.com\/wp-content\/uploads\/2024\/06\/boule1-1.jpg","width":1512,"height":1512},{"@type":"BreadcrumbList","@id":"https:\/\/www.chenonceau.com\/boutique\/decoration\/boule-a-neige-chenonceau\/#breadcrumb","itemListElement":[{"@type":"ListItem","position":1,"name":"Accueil","item":"https:\/\/www.chenonceau.com\/en\/"},{"@type":"ListItem","position":2,"name":"Boutique","item":"https:\/\/www.chenonceau.com\/boutique\/"},{"@type":"ListItem","position":3,"name":"Boule \u00e0 neige Chenonceau"}]},{"@type":"WebSite","@id":"https:\/\/www.chenonceau.com\/#website","url":"https:\/\/www.chenonceau.com\/","name":"Chenonceau","description":"","publisher":{"@id":"https:\/\/www.chenonceau.com\/#organization"},"potentialAction":[{"@type":"SearchAction","target":{"@type":"EntryPoint","urlTemplate":"https:\/\/www.chenonceau.com\/?s={search_term_string}"},"query-input":{"@type":"PropertyValueSpecification","valueRequired":true,"valueName":"search_term_string"}}],"inLanguage":"en-US"},{"@type":"Organization","@id":"https:\/\/www.chenonceau.com\/#organization","name":"Ch\u00e2teau de Chenonceau","url":"https:\/\/www.chenonceau.com\/","logo":{"@type":"ImageObject","inLanguage":"en-US","@id":"https:\/\/www.chenonceau.com\/#\/schema\/logo\/image\/","url":"https:\/\/www.chenonceau.com\/wp-content\/uploads\/2014\/12\/cropped-logo_bas_page.png","contentUrl":"https:\/\/www.chenonceau.com\/wp-content\/uploads\/2014\/12\/cropped-logo_bas_page.png","width":512,"height":512,"caption":"Ch\u00e2teau de Chenonceau"},"image":{"@id":"https:\/\/www.chenonceau.com\/#\/schema\/logo\/image\/"}}]}},"_links":{"self":[{"href":"https:\/\/www.chenonceau.com\/en\/wp-json\/wp\/v2\/product\/4571","targetHints":{"allow":["GET"]}}],"collection":[{"href":"https:\/\/www.chenonceau.com\/en\/wp-json\/wp\/v2\/product"}],"about":[{"href":"https:\/\/www.chenonceau.com\/en\/wp-json\/wp\/v2\/types\/product"}],"replies":[{"embeddable":true,"href":"https:\/\/www.chenonceau.com\/en\/wp-json\/wp\/v2\/comments?post=4571"}],"wp:featuredmedia":[{"embeddable":true,"href":"https:\/\/www.chenonceau.com\/en\/wp-json\/wp\/v2\/media\/4583"}],"wp:attachment":[{"href":"https:\/\/www.chenonceau.com\/en\/wp-json\/wp\/v2\/media?parent=4571"}],"wp:term":[{"taxonomy":"product_brand","embeddable":true,"href":"https:\/\/www.chenonceau.com\/en\/wp-json\/wp\/v2\/product_brand?post=4571"},{"taxonomy":"product_cat","embeddable":true,"href":"https:\/\/www.chenonceau.com\/en\/wp-json\/wp\/v2\/product_cat?post=4571"},{"taxonomy":"product_tag","embeddable":true,"href":"https:\/\/www.chenonceau.com\/en\/wp-json\/wp\/v2\/product_tag?post=4571"}],"curies":[{"name":"wp","href":"https:\/\/api.w.org\/{rel}","templated":true}]}}