{"id":5079,"date":"2025-06-10T12:29:51","date_gmt":"2025-06-10T10:29:51","guid":{"rendered":"https:\/\/www.chenonceau.com\/?post_type=product&#038;p=5079"},"modified":"2025-09-30T11:47:33","modified_gmt":"2025-09-30T09:47:33","slug":"bougie-parfumee-a-la-rose","status":"publish","type":"product","link":"https:\/\/www.chenonceau.com\/en\/boutique\/decoration\/bougie-parfumee-a-la-rose\/","title":{"rendered":"Bougie parfum\u00e9e \u00e0 la rose"},"content":{"rendered":"<p>Bougie parfum\u00e9e \u00e0 la rose<\/p>\n<p>Cire v\u00e9g\u00e9tale de soja<\/p>\n<p>Poids net 90g<\/p>\n<p>Diam\u00e8tre : 8.5 cm<\/p>\n<p>Hauteur : 2.5 cm<\/p>\n","protected":false},"excerpt":{"rendered":"<p>Bougie parfum\u00e9e \u00e0 la rose : une invitation \u00e0 la douceur et \u00e0 l\u2019\u00e9l\u00e9gance dans votre int\u00e9rieur.<\/p>\n<p>Fabriqu\u00e9e avec de la cire v\u00e9g\u00e9tale de soja, elle diffuse un parfum d\u00e9licat et envo\u00fbtant qui rappelle un jardin de roses en pleine floraison.<\/p>\n<p>Pr\u00e9sent\u00e9e dans une jolie bo\u00eete \u00e0 l&#8217;effigie du Ch\u00e2teau et r\u00e9utilisable , cette bougie ne se contente pas d&#8217;embaumer votre maison : une fois la combustion termin\u00e9e, vous pouvez conserver la bo\u00eete pour y ranger vos petits tr\u00e9sors ou d\u00e9corer votre espace.<\/p>\n","protected":false},"featured_media":5091,"comment_status":"closed","ping_status":"closed","template":"","meta":[],"product_brand":[],"product_cat":[44],"product_tag":[85,84],"class_list":{"0":"post-5079","1":"product","2":"type-product","3":"status-publish","4":"has-post-thumbnail","6":"product_cat-decoration","7":"product_tag-bougie-chateau-de-chenonceau","8":"product_tag-bougie-parfumee","10":"first","11":"instock","12":"shipping-taxable","13":"purchasable","14":"product-type-simple"},"yoast_head":"<!-- This site is optimized with the Yoast SEO plugin v27.3 - https:\/\/yoast.com\/product\/yoast-seo-wordpress\/ -->\n<title>Bougie parfum\u00e9e \u00e0 la rose - Chenonceau<\/title>\n<meta name=\"description\" content=\"Bougie parfum\u00e9e \u00e0 la rose : une invitation \u00e0 la douceur et \u00e0 l\u2019\u00e9l\u00e9gance dans votre int\u00e9rieur. &gt;Fabriqu\u00e9e avec de la cire v\u00e9g\u00e9tale de soja.\" \/>\n<meta name=\"robots\" content=\"index, follow, max-snippet:-1, max-image-preview:large, max-video-preview:-1\" \/>\n<link rel=\"canonical\" href=\"https:\/\/www.chenonceau.com\/boutique\/decoration\/bougie-parfumee-a-la-rose\/\" \/>\n<meta property=\"og:locale\" content=\"en_US\" \/>\n<meta property=\"og:type\" content=\"article\" \/>\n<meta property=\"og:title\" content=\"Bougie parfum\u00e9e \u00e0 la rose - Chenonceau\" \/>\n<meta property=\"og:description\" content=\"Bougie parfum\u00e9e \u00e0 la rose : une invitation \u00e0 la douceur et \u00e0 l\u2019\u00e9l\u00e9gance dans votre int\u00e9rieur. &gt;Fabriqu\u00e9e avec de la cire v\u00e9g\u00e9tale de soja.\" \/>\n<meta property=\"og:url\" content=\"https:\/\/www.chenonceau.com\/boutique\/decoration\/bougie-parfumee-a-la-rose\/\" \/>\n<meta property=\"og:site_name\" content=\"Chenonceau\" \/>\n<meta property=\"article:modified_time\" content=\"2025-09-30T09:47:33+00:00\" \/>\n<meta property=\"og:image\" content=\"https:\/\/www.chenonceau.com\/wp-content\/uploads\/2025\/06\/bougie-1-1-scaled.jpg\" \/>\n\t<meta property=\"og:image:width\" content=\"2560\" \/>\n\t<meta property=\"og:image:height\" content=\"2560\" \/>\n\t<meta property=\"og:image:type\" content=\"image\/jpeg\" \/>\n<meta name=\"twitter:card\" content=\"summary_large_image\" \/>\n<meta name=\"twitter:label1\" content=\"Est. reading time\" \/>\n\t<meta name=\"twitter:data1\" content=\"1 minute\" \/>\n<script type=\"application\/ld+json\" class=\"yoast-schema-graph\">{\"@context\":\"https:\\\/\\\/schema.org\",\"@graph\":[{\"@type\":\"WebPage\",\"@id\":\"https:\\\/\\\/www.chenonceau.com\\\/boutique\\\/decoration\\\/bougie-parfumee-a-la-rose\\\/\",\"url\":\"https:\\\/\\\/www.chenonceau.com\\\/boutique\\\/decoration\\\/bougie-parfumee-a-la-rose\\\/\",\"name\":\"Bougie parfum\u00e9e \u00e0 la rose - Chenonceau\",\"isPartOf\":{\"@id\":\"https:\\\/\\\/www.chenonceau.com\\\/#website\"},\"primaryImageOfPage\":{\"@id\":\"https:\\\/\\\/www.chenonceau.com\\\/boutique\\\/decoration\\\/bougie-parfumee-a-la-rose\\\/#primaryimage\"},\"image\":{\"@id\":\"https:\\\/\\\/www.chenonceau.com\\\/boutique\\\/decoration\\\/bougie-parfumee-a-la-rose\\\/#primaryimage\"},\"thumbnailUrl\":\"https:\\\/\\\/www.chenonceau.com\\\/wp-content\\\/uploads\\\/2025\\\/06\\\/bougie-1-1-scaled.jpg\",\"datePublished\":\"2025-06-10T10:29:51+00:00\",\"dateModified\":\"2025-09-30T09:47:33+00:00\",\"description\":\"Bougie parfum\u00e9e \u00e0 la rose : une invitation \u00e0 la douceur et \u00e0 l\u2019\u00e9l\u00e9gance dans votre int\u00e9rieur. >Fabriqu\u00e9e avec de la cire v\u00e9g\u00e9tale de soja.\",\"breadcrumb\":{\"@id\":\"https:\\\/\\\/www.chenonceau.com\\\/boutique\\\/decoration\\\/bougie-parfumee-a-la-rose\\\/#breadcrumb\"},\"inLanguage\":\"en-US\",\"potentialAction\":[{\"@type\":\"ReadAction\",\"target\":[\"https:\\\/\\\/www.chenonceau.com\\\/boutique\\\/decoration\\\/bougie-parfumee-a-la-rose\\\/\"]}]},{\"@type\":\"ImageObject\",\"inLanguage\":\"en-US\",\"@id\":\"https:\\\/\\\/www.chenonceau.com\\\/boutique\\\/decoration\\\/bougie-parfumee-a-la-rose\\\/#primaryimage\",\"url\":\"https:\\\/\\\/www.chenonceau.com\\\/wp-content\\\/uploads\\\/2025\\\/06\\\/bougie-1-1-scaled.jpg\",\"contentUrl\":\"https:\\\/\\\/www.chenonceau.com\\\/wp-content\\\/uploads\\\/2025\\\/06\\\/bougie-1-1-scaled.jpg\",\"width\":2560,\"height\":2560},{\"@type\":\"BreadcrumbList\",\"@id\":\"https:\\\/\\\/www.chenonceau.com\\\/boutique\\\/decoration\\\/bougie-parfumee-a-la-rose\\\/#breadcrumb\",\"itemListElement\":[{\"@type\":\"ListItem\",\"position\":1,\"name\":\"Accueil\",\"item\":\"https:\\\/\\\/www.chenonceau.com\\\/en\\\/\"},{\"@type\":\"ListItem\",\"position\":2,\"name\":\"Boutique\",\"item\":\"https:\\\/\\\/www.chenonceau.com\\\/boutique\\\/\"},{\"@type\":\"ListItem\",\"position\":3,\"name\":\"Bougie parfum\u00e9e \u00e0 la rose\"}]},{\"@type\":\"WebSite\",\"@id\":\"https:\\\/\\\/www.chenonceau.com\\\/#website\",\"url\":\"https:\\\/\\\/www.chenonceau.com\\\/\",\"name\":\"Chenonceau\",\"description\":\"\",\"publisher\":{\"@id\":\"https:\\\/\\\/www.chenonceau.com\\\/#organization\"},\"potentialAction\":[{\"@type\":\"SearchAction\",\"target\":{\"@type\":\"EntryPoint\",\"urlTemplate\":\"https:\\\/\\\/www.chenonceau.com\\\/?s={search_term_string}\"},\"query-input\":{\"@type\":\"PropertyValueSpecification\",\"valueRequired\":true,\"valueName\":\"search_term_string\"}}],\"inLanguage\":\"en-US\"},{\"@type\":\"Organization\",\"@id\":\"https:\\\/\\\/www.chenonceau.com\\\/#organization\",\"name\":\"Ch\u00e2teau de Chenonceau\",\"url\":\"https:\\\/\\\/www.chenonceau.com\\\/\",\"logo\":{\"@type\":\"ImageObject\",\"inLanguage\":\"en-US\",\"@id\":\"https:\\\/\\\/www.chenonceau.com\\\/#\\\/schema\\\/logo\\\/image\\\/\",\"url\":\"https:\\\/\\\/www.chenonceau.com\\\/wp-content\\\/uploads\\\/2014\\\/12\\\/cropped-logo_bas_page.png\",\"contentUrl\":\"https:\\\/\\\/www.chenonceau.com\\\/wp-content\\\/uploads\\\/2014\\\/12\\\/cropped-logo_bas_page.png\",\"width\":512,\"height\":512,\"caption\":\"Ch\u00e2teau de Chenonceau\"},\"image\":{\"@id\":\"https:\\\/\\\/www.chenonceau.com\\\/#\\\/schema\\\/logo\\\/image\\\/\"}}]}<\/script>\n<!-- \/ Yoast SEO plugin. -->","yoast_head_json":{"title":"Bougie parfum\u00e9e \u00e0 la rose - Chenonceau","description":"Bougie parfum\u00e9e \u00e0 la rose : une invitation \u00e0 la douceur et \u00e0 l\u2019\u00e9l\u00e9gance dans votre int\u00e9rieur. >Fabriqu\u00e9e avec de la cire v\u00e9g\u00e9tale de soja.","robots":{"index":"index","follow":"follow","max-snippet":"max-snippet:-1","max-image-preview":"max-image-preview:large","max-video-preview":"max-video-preview:-1"},"canonical":"https:\/\/www.chenonceau.com\/boutique\/decoration\/bougie-parfumee-a-la-rose\/","og_locale":"en_US","og_type":"article","og_title":"Bougie parfum\u00e9e \u00e0 la rose - Chenonceau","og_description":"Bougie parfum\u00e9e \u00e0 la rose : une invitation \u00e0 la douceur et \u00e0 l\u2019\u00e9l\u00e9gance dans votre int\u00e9rieur. >Fabriqu\u00e9e avec de la cire v\u00e9g\u00e9tale de soja.","og_url":"https:\/\/www.chenonceau.com\/boutique\/decoration\/bougie-parfumee-a-la-rose\/","og_site_name":"Chenonceau","article_modified_time":"2025-09-30T09:47:33+00:00","og_image":[{"width":2560,"height":2560,"url":"https:\/\/www.chenonceau.com\/wp-content\/uploads\/2025\/06\/bougie-1-1-scaled.jpg","type":"image\/jpeg"}],"twitter_card":"summary_large_image","twitter_misc":{"Est. reading time":"1 minute"},"schema":{"@context":"https:\/\/schema.org","@graph":[{"@type":"WebPage","@id":"https:\/\/www.chenonceau.com\/boutique\/decoration\/bougie-parfumee-a-la-rose\/","url":"https:\/\/www.chenonceau.com\/boutique\/decoration\/bougie-parfumee-a-la-rose\/","name":"Bougie parfum\u00e9e \u00e0 la rose - Chenonceau","isPartOf":{"@id":"https:\/\/www.chenonceau.com\/#website"},"primaryImageOfPage":{"@id":"https:\/\/www.chenonceau.com\/boutique\/decoration\/bougie-parfumee-a-la-rose\/#primaryimage"},"image":{"@id":"https:\/\/www.chenonceau.com\/boutique\/decoration\/bougie-parfumee-a-la-rose\/#primaryimage"},"thumbnailUrl":"https:\/\/www.chenonceau.com\/wp-content\/uploads\/2025\/06\/bougie-1-1-scaled.jpg","datePublished":"2025-06-10T10:29:51+00:00","dateModified":"2025-09-30T09:47:33+00:00","description":"Bougie parfum\u00e9e \u00e0 la rose : une invitation \u00e0 la douceur et \u00e0 l\u2019\u00e9l\u00e9gance dans votre int\u00e9rieur. >Fabriqu\u00e9e avec de la cire v\u00e9g\u00e9tale de soja.","breadcrumb":{"@id":"https:\/\/www.chenonceau.com\/boutique\/decoration\/bougie-parfumee-a-la-rose\/#breadcrumb"},"inLanguage":"en-US","potentialAction":[{"@type":"ReadAction","target":["https:\/\/www.chenonceau.com\/boutique\/decoration\/bougie-parfumee-a-la-rose\/"]}]},{"@type":"ImageObject","inLanguage":"en-US","@id":"https:\/\/www.chenonceau.com\/boutique\/decoration\/bougie-parfumee-a-la-rose\/#primaryimage","url":"https:\/\/www.chenonceau.com\/wp-content\/uploads\/2025\/06\/bougie-1-1-scaled.jpg","contentUrl":"https:\/\/www.chenonceau.com\/wp-content\/uploads\/2025\/06\/bougie-1-1-scaled.jpg","width":2560,"height":2560},{"@type":"BreadcrumbList","@id":"https:\/\/www.chenonceau.com\/boutique\/decoration\/bougie-parfumee-a-la-rose\/#breadcrumb","itemListElement":[{"@type":"ListItem","position":1,"name":"Accueil","item":"https:\/\/www.chenonceau.com\/en\/"},{"@type":"ListItem","position":2,"name":"Boutique","item":"https:\/\/www.chenonceau.com\/boutique\/"},{"@type":"ListItem","position":3,"name":"Bougie parfum\u00e9e \u00e0 la rose"}]},{"@type":"WebSite","@id":"https:\/\/www.chenonceau.com\/#website","url":"https:\/\/www.chenonceau.com\/","name":"Chenonceau","description":"","publisher":{"@id":"https:\/\/www.chenonceau.com\/#organization"},"potentialAction":[{"@type":"SearchAction","target":{"@type":"EntryPoint","urlTemplate":"https:\/\/www.chenonceau.com\/?s={search_term_string}"},"query-input":{"@type":"PropertyValueSpecification","valueRequired":true,"valueName":"search_term_string"}}],"inLanguage":"en-US"},{"@type":"Organization","@id":"https:\/\/www.chenonceau.com\/#organization","name":"Ch\u00e2teau de Chenonceau","url":"https:\/\/www.chenonceau.com\/","logo":{"@type":"ImageObject","inLanguage":"en-US","@id":"https:\/\/www.chenonceau.com\/#\/schema\/logo\/image\/","url":"https:\/\/www.chenonceau.com\/wp-content\/uploads\/2014\/12\/cropped-logo_bas_page.png","contentUrl":"https:\/\/www.chenonceau.com\/wp-content\/uploads\/2014\/12\/cropped-logo_bas_page.png","width":512,"height":512,"caption":"Ch\u00e2teau de Chenonceau"},"image":{"@id":"https:\/\/www.chenonceau.com\/#\/schema\/logo\/image\/"}}]}},"_links":{"self":[{"href":"https:\/\/www.chenonceau.com\/en\/wp-json\/wp\/v2\/product\/5079","targetHints":{"allow":["GET"]}}],"collection":[{"href":"https:\/\/www.chenonceau.com\/en\/wp-json\/wp\/v2\/product"}],"about":[{"href":"https:\/\/www.chenonceau.com\/en\/wp-json\/wp\/v2\/types\/product"}],"replies":[{"embeddable":true,"href":"https:\/\/www.chenonceau.com\/en\/wp-json\/wp\/v2\/comments?post=5079"}],"wp:featuredmedia":[{"embeddable":true,"href":"https:\/\/www.chenonceau.com\/en\/wp-json\/wp\/v2\/media\/5091"}],"wp:attachment":[{"href":"https:\/\/www.chenonceau.com\/en\/wp-json\/wp\/v2\/media?parent=5079"}],"wp:term":[{"taxonomy":"product_brand","embeddable":true,"href":"https:\/\/www.chenonceau.com\/en\/wp-json\/wp\/v2\/product_brand?post=5079"},{"taxonomy":"product_cat","embeddable":true,"href":"https:\/\/www.chenonceau.com\/en\/wp-json\/wp\/v2\/product_cat?post=5079"},{"taxonomy":"product_tag","embeddable":true,"href":"https:\/\/www.chenonceau.com\/en\/wp-json\/wp\/v2\/product_tag?post=5079"}],"curies":[{"name":"wp","href":"https:\/\/api.w.org\/{rel}","templated":true}]}}